{"id":82566,"date":"2025-05-21T17:59:30","date_gmt":"2025-05-21T17:59:30","guid":{"rendered":"https:\/\/brandss.com.py\/index\/?post_type=product&#038;p=82566"},"modified":"2025-05-21T18:00:09","modified_gmt":"2025-05-21T18:00:09","slug":"chaqueta-aislante-femenino-helly-hansen-sirdal-largo-black","status":"publish","type":"product","link":"https:\/\/brandss.com.py\/index\/producto\/chaqueta-aislante-femenino-helly-hansen-sirdal-largo-black\/","title":{"rendered":"CHAQUETA AISLANTE FEMENINO HELLY HANSEN SIRDAL LARGO BLACK"},"content":{"rendered":"<p><img loading=\"lazy\" decoding=\"async\" class=\"\" src=\"https:\/\/1000marcas.net\/wp-content\/uploads\/2020\/02\/Helly-Hansen-Logo-1989.png\" alt=\"Helly Hansen Logo - s\u00edmbolo, significado logotipo, historia, PNG\" width=\"85\" height=\"48\" \/><\/p>\n<h1>SIRDAL<\/h1>\n<p>Una chaqueta aislante con una silueta larga y una relaci\u00f3n calidez-peso excepcional. <span>Con el aislamiento reciclado ECOLoft Air SR, la chaqueta Sirdal ofrece una excelente relaci\u00f3n calidez-peso. Su corte ligero y holgado facilita tu movilidad en la naturaleza en condiciones cambiantes. El aislamiento sint\u00e9tico ecol\u00f3gico tambi\u00e9n evita que se aglomere al mojarse, a diferencia del relleno de plum\u00f3n tradicional. El tejido exterior es antidesgarro y duradero. Cuenta con un tratamiento repelente al agua sin PFC: una ventaja para ti y para el medio ambiente.<\/span><\/p>\n<p><b><span>Caracter\u00edsticas del producto:<\/span><\/b><\/p>\n<ul>\n<li><span>Tratamiento de repelencia al agua duradera (DWR)<\/span><\/li>\n<li><span>Logotipo HH impreso en la manga<\/span><\/li>\n<li><span>Bolsillos para las manos con cremallera YKK<\/span><\/li>\n<li><span>capucha el\u00e1stica<\/span><\/li>\n<li><span>YKK \u2013 Cremallera de dos v\u00edas<\/span><\/li>\n<li><span>producto bluesign<\/span><\/li>\n<li><span>Libre de PFC<\/span><\/li>\n<\/ul>\n<p><strong><br \/>\nCaracter\u00edsticas adicionales:<\/p>\n<p><\/strong><\/p>\n<p>Material acolchado.<\/p>\n<p>Chaqueta ligera y aislante de corte holgado.<\/p>\n<p>Capucha no ajustable.<\/p>\n<p>Aislamiento sint\u00e9tico.<\/p>\n<p>Material exterior duradero y resistente al desgarro.<\/p>\n<p>Cierre de cremallera bidireccional.<\/p>\n<p>Bolsillos con cremallera.<\/p>\n<p><strong><br \/>\nDetalles<\/p>\n<p><\/strong><\/p>\n<p><span><strong>Modelo:<\/strong> 63073-990.<\/span><\/p>\n<p><span><strong>Color:<\/strong> Negro.<\/span><\/p>\n<p><span><strong>Tejido exterior:<\/strong> 100% poliamida.<\/span><\/p>\n<p><span><strong>Aislamiento:<\/strong> 60% poli\u00e9ster, 40% poli\u00e9ster reciclado.<\/span><\/p>\n<p><span><strong>Forro:<\/strong> 100% poliamida.<\/span><\/p>\n<p><span><strong>Cierre:<\/strong> cremallera.<\/span><\/p>\n<p><span><strong>Manga:<\/strong> larga.<\/span><\/p>\n<p><span><strong>Tecnolog\u00edas:<\/strong> ECOLoft Air SR.<\/span><\/p>\n<p><span><strong>Estilo:<\/strong> Holgado.<\/span><\/p>\n<p>&nbsp;<\/p>\n","protected":false},"excerpt":{"rendered":"<p>SIRDAL Una chaqueta aislante con una silueta larga y una relaci\u00f3n calidez-peso excepcional. Con el aislamiento reciclado ECOLoft Air SR,<\/p>\n","protected":false},"featured_media":82567,"comment_status":"open","ping_status":"closed","template":"","meta":{"nf_dc_page":""},"product_brand":[],"product_cat":[73],"product_tag":[],"class_list":{"0":"post-82566","1":"product","2":"type-product","3":"status-publish","4":"has-post-thumbnail","6":"product_cat-femenino","8":"first","9":"instock","10":"shipping-taxable","11":"purchasable","12":"product-type-simple"},"_links":{"self":[{"href":"https:\/\/brandss.com.py\/index\/wp-json\/wp\/v2\/product\/82566","targetHints":{"allow":["GET"]}}],"collection":[{"href":"https:\/\/brandss.com.py\/index\/wp-json\/wp\/v2\/product"}],"about":[{"href":"https:\/\/brandss.com.py\/index\/wp-json\/wp\/v2\/types\/product"}],"replies":[{"embeddable":true,"href":"https:\/\/brandss.com.py\/index\/wp-json\/wp\/v2\/comments?post=82566"}],"version-history":[{"count":1,"href":"https:\/\/brandss.com.py\/index\/wp-json\/wp\/v2\/product\/82566\/revisions"}],"predecessor-version":[{"id":82572,"href":"https:\/\/brandss.com.py\/index\/wp-json\/wp\/v2\/product\/82566\/revisions\/82572"}],"wp:featuredmedia":[{"embeddable":true,"href":"https:\/\/brandss.com.py\/index\/wp-json\/wp\/v2\/media\/82567"}],"wp:attachment":[{"href":"https:\/\/brandss.com.py\/index\/wp-json\/wp\/v2\/media?parent=82566"}],"wp:term":[{"taxonomy":"product_brand","embeddable":true,"href":"https:\/\/brandss.com.py\/index\/wp-json\/wp\/v2\/product_brand?post=82566"},{"taxonomy":"product_cat","embeddable":true,"href":"https:\/\/brandss.com.py\/index\/wp-json\/wp\/v2\/product_cat?post=82566"},{"taxonomy":"product_tag","embeddable":true,"href":"https:\/\/brandss.com.py\/index\/wp-json\/wp\/v2\/product_tag?post=82566"}],"curies":[{"name":"wp","href":"https:\/\/api.w.org\/{rel}","templated":true}]}}