{"id":82573,"date":"2025-05-21T18:38:40","date_gmt":"2025-05-21T18:38:40","guid":{"rendered":"https:\/\/brandss.com.py\/index\/?post_type=product&#038;p=82573"},"modified":"2025-05-21T18:53:56","modified_gmt":"2025-05-21T18:53:56","slug":"chaqueta-impermeable-femenino-regatta-romine-parka","status":"publish","type":"product","link":"https:\/\/brandss.com.py\/index\/producto\/chaqueta-impermeable-femenino-regatta-romine-parka\/","title":{"rendered":"CHAQUETA IMPERMEABLE FEMENINO REGATTA ROMINE PARKA GREEN"},"content":{"rendered":"<p><img loading=\"lazy\" decoding=\"async\" class=\"\" src=\"https:\/\/cdn.tacticalthreads.co.uk\/images\/Homepage\/27-01-2020\/Regatta_Professional_logo.jpg\" alt=\"Regatta Group Brands | Regatta ROW\" width=\"106\" height=\"30\" \/><\/p>\n<h1>ROMINE<\/h1>\n<p><span>Parka Regatta Romine para mujer con cintur\u00f3n ajustable. Impermeable, aislante y elegante, nuestra chaqueta de invierno Romine para mujer es la prenda perfecta para tu armario. Con Isotex 5000 impermeable y transpirable, te proteger\u00e1 de la lluvia y te mantendr\u00e1 fresca. Gracias al aislamiento Thermoguard, el fr\u00edo no pasar\u00e1. Los pu\u00f1os vueltos con ribete de piel sint\u00e9tica de lujo le aportan un estilo acogedor.<\/span><\/p>\n<p>&nbsp;<\/p>\n<div class=\"product-tabs__content__slice\">\n<div class=\"product-tabs__content__cms\">\n<p><strong><span>Caracter\u00edsticas<\/span><\/strong><\/p>\n<ul>\n<li><span>Isotex: Tecnolog\u00eda de membrana impermeable, transpirable y cortavientos.<\/span><\/li>\n<li><span>Thermoguard: Aislamiento de fibra sint\u00e9tica de secado r\u00e1pido que atrapa el aire.<\/span><\/li>\n<li><span>Tejido taslan recubierto 100% poli\u00e9ster Isotex 5000 impermeable y transpirable.<\/span><\/li>\n<li><span>\u00cdndice de transpirabilidad 5.000 g\/m\u00b2\/24 horas.<\/span><\/li>\n<li><span>Aislamiento Thermoguard 100 % reciclado.<\/span><\/li>\n<li><span>Forro de piel sint\u00e9tica de lujo en la capucha y los revestimientos.<\/span><\/li>\n<li><span>Crecido en la capucha.<\/span><\/li>\n<li>Materiales: <span>100% poli\u00e9ster.<\/span><\/li>\n<li>Color: Khaki.<\/li>\n<li>Modelo: RWP351-41C.<\/li>\n<\/ul>\n<\/div>\n<\/div>\n<div class=\"product-tabs__content__slice\"><\/div>\n","protected":false},"excerpt":{"rendered":"<p>ROMINE Parka Regatta Romine para mujer con cintur\u00f3n ajustable. Impermeable, aislante y elegante, nuestra chaqueta de invierno Romine para mujer<\/p>\n","protected":false},"featured_media":82574,"comment_status":"open","ping_status":"closed","template":"","meta":{"nf_dc_page":""},"product_brand":[],"product_cat":[73],"product_tag":[],"class_list":{"0":"post-82573","1":"product","2":"type-product","3":"status-publish","4":"has-post-thumbnail","6":"product_cat-femenino","8":"first","9":"instock","10":"shipping-taxable","11":"purchasable","12":"product-type-simple"},"_links":{"self":[{"href":"https:\/\/brandss.com.py\/index\/wp-json\/wp\/v2\/product\/82573","targetHints":{"allow":["GET"]}}],"collection":[{"href":"https:\/\/brandss.com.py\/index\/wp-json\/wp\/v2\/product"}],"about":[{"href":"https:\/\/brandss.com.py\/index\/wp-json\/wp\/v2\/types\/product"}],"replies":[{"embeddable":true,"href":"https:\/\/brandss.com.py\/index\/wp-json\/wp\/v2\/comments?post=82573"}],"version-history":[{"count":2,"href":"https:\/\/brandss.com.py\/index\/wp-json\/wp\/v2\/product\/82573\/revisions"}],"predecessor-version":[{"id":82580,"href":"https:\/\/brandss.com.py\/index\/wp-json\/wp\/v2\/product\/82573\/revisions\/82580"}],"wp:featuredmedia":[{"embeddable":true,"href":"https:\/\/brandss.com.py\/index\/wp-json\/wp\/v2\/media\/82574"}],"wp:attachment":[{"href":"https:\/\/brandss.com.py\/index\/wp-json\/wp\/v2\/media?parent=82573"}],"wp:term":[{"taxonomy":"product_brand","embeddable":true,"href":"https:\/\/brandss.com.py\/index\/wp-json\/wp\/v2\/product_brand?post=82573"},{"taxonomy":"product_cat","embeddable":true,"href":"https:\/\/brandss.com.py\/index\/wp-json\/wp\/v2\/product_cat?post=82573"},{"taxonomy":"product_tag","embeddable":true,"href":"https:\/\/brandss.com.py\/index\/wp-json\/wp\/v2\/product_tag?post=82573"}],"curies":[{"name":"wp","href":"https:\/\/api.w.org\/{rel}","templated":true}]}}