{"id":82581,"date":"2025-05-21T19:02:12","date_gmt":"2025-05-21T19:02:12","guid":{"rendered":"https:\/\/brandss.com.py\/index\/?post_type=product&#038;p=82581"},"modified":"2025-05-21T19:04:04","modified_gmt":"2025-05-21T19:04:04","slug":"chaqueta-impermeable-femenino-regatta-romine-parka-navy","status":"publish","type":"product","link":"https:\/\/brandss.com.py\/index\/producto\/chaqueta-impermeable-femenino-regatta-romine-parka-navy\/","title":{"rendered":"CHAQUETA IMPERMEABLE FEMENINO REGATTA ROMINE PARKA NAVY"},"content":{"rendered":"<p><img loading=\"lazy\" decoding=\"async\" class=\"\" src=\"https:\/\/cdn.tacticalthreads.co.uk\/images\/Homepage\/27-01-2020\/Regatta_Professional_logo.jpg\" alt=\"Regatta Group Brands | Regatta ROW\" width=\"127\" height=\"36\" \/><\/p>\n<h1>ROMINE<\/h1>\n<p>Impermeable, aislante y elegante, nuestra chaqueta de invierno Romine para mujer es la incorporaci\u00f3n perfecta a tu armario. Con Isotex 5000 impermeable y transpirable, te proteger\u00e1 de la lluvia y te mantendr\u00e1 fresca. Gracias al aislamiento Thermoguard, el fr\u00edo no entra. Los pu\u00f1os plegables con un lujoso ribete de piel sint\u00e9tica le dan un estilo acogedor.<\/p>\n<div class=\"sm-rich-attribute-text sm-product-detailed-info__rich-attribute\">\n<div class=\"sm-rich-attribute-description\"><span>La chaqueta aislante Romine\u00a0<\/span>de Regatta Great Outdoor<span>\u00a0es una excelente opci\u00f3n para explorar nuevos lugares en climas m\u00e1s fr\u00edos.<\/span><\/div>\n<\/div>\n<div class=\"sm-rich-attribute-image sm-rich-attribute-image--text_image_right sm-product-detailed-info__rich-attribute\">\n<div class=\"sm-rich-attribute-image__content\">\n<h4 class=\"sm-rich-attribute-header\"><span>Respeto al medio ambiente<\/span><\/h4>\n<div class=\"sm-rich-attribute-description\"><span>El modelo est\u00e1 fabricado parcialmente con pl\u00e1stico reciclado. El uso de estas materias primas nos permite tratar el medio ambiente con mayor cuidado.<\/span><\/div>\n<\/div>\n<div class=\"sm-rich-attribute-image__image\"><\/div>\n<\/div>\n<div class=\"sm-rich-attribute-image sm-rich-attribute-image--text_image_left sm-product-detailed-info__rich-attribute\">\n<div class=\"sm-rich-attribute-image__content\">\n<h4 class=\"sm-rich-attribute-header\"><span>Membrana impermeable<\/span><\/h4>\n<div class=\"sm-rich-attribute-description\"><span>La membrana impermeable, complementada con una impregnaci\u00f3n hidr\u00f3fuga y costuras selladas, protege eficazmente contra el viento y las precipitaciones y mantiene un microclima \u00f3ptimo. Impermeabilidad y permeabilidad al vapor: 5000 mm \/ 5000 g \/ m2 \/ 24 h.<\/span><\/div>\n<\/div>\n<div class=\"sm-rich-attribute-image__image\"><\/div>\n<\/div>\n<div class=\"sm-rich-attribute-image sm-rich-attribute-image--text_image_right sm-product-detailed-info__rich-attribute\">\n<div class=\"sm-rich-attribute-image__content\">\n<h4 class=\"sm-rich-attribute-header\">Sentido pr\u00e1ctico<\/h4>\n<div class=\"sm-rich-attribute-description\">Si est\u00e1s acostumbrado a llevar muchas cosas peque\u00f1as diferentes cuando viajas, esta chaqueta definitivamente se adaptar\u00e1 a tu gusto, porque tiene 2 bolsillos.<\/div>\n<\/div>\n<div>\n<h4 class=\"sm-accordion-header\" data-selenium=\"sm-accordion-header\">Tecnolog\u00edas<\/h4>\n<div class=\"sm-accordion-header__icon sm-accordion-header__icon--opened\"><\/div>\n<div class=\"sm-accordion__content\" data-selenium=\"accordion-catalog-section\">\n<div class=\"sm-product-technologies\" data-selenium=\"product-technologies\">\n<ul class=\"sm-product-technologies__list\">\n<li class=\"sm-product-technologies__item\"><img loading=\"lazy\" decoding=\"async\" class=\"sm-image sm-product-technologies__image alignleft\" src=\"https:\/\/cdn.sportmaster.ru\/upload\/mdm\/shop_ware_technology\/resize\/94d\/66683950299.png\" alt=\"Isotex 5000\" width=\"140\" height=\"140\" data-src=\"https:\/\/cdn.sportmaster.ru\/upload\/mdm\/shop_ware_technology\/resize\/94d\/66683950299.png\" data-selenium=\"image\" \/>\n<div class=\"sm-product-technologies__content\">\n<h3><\/h3>\n<h3 class=\"sm-text sm-text--text-14 sm-text--regular sm-product-technologies__name\">Isotex 5000<\/h3>\n<p><span class=\"sm-text sm-text--text-12 sm-text--regular sm-product-technologies__text\">Membrana impermeable con \u00edndices de resistencia al agua y permeabilidad al vapor de 5.000 mm \/ 5.000 g \/ m2 \/ 24 h. Proporciona un microclima confortable durante el aumento de la actividad f\u00edsica.<\/span><\/div>\n<\/li>\n<\/ul>\n<div class=\"sm-product-properties__group\">\n<div class=\"sm-product-properties__group-value\">\n<div class=\"sm-labeled-value-list-item sm-product-properties__property\">\n<div class=\"sm-labeled-value-list-item__left-content\">\n<div><strong>Caracter\u00edsticas<\/strong><\/div>\n<div><\/div>\n<div class=\"sm-labeled-value-list-item__label\"><span class=\"sm-product-properties__property-name\"><span>Material superior: <\/span><\/span>100% poli\u00e9ster<\/div>\n<\/div>\n<\/div>\n<div class=\"sm-labeled-value-list-item sm-product-properties__property\">\n<div class=\"sm-labeled-value-list-item__left-content\">\n<div class=\"sm-labeled-value-list-item__label\"><span class=\"sm-product-properties__property-name\"><span>Material de aislamiento: <\/span><\/span>100% poli\u00e9ster<\/div>\n<\/div>\n<\/div>\n<div class=\"sm-labeled-value-list-item sm-product-properties__property\">\n<div class=\"sm-labeled-value-list-item__left-content\">\n<div class=\"sm-labeled-value-list-item__label\"><span class=\"sm-product-properties__property-name\"><span>Material de revestimiento: <\/span><\/span>100% poli\u00e9ster<\/div>\n<\/div>\n<\/div>\n<\/div>\n<\/div>\n<div class=\"sm-product-properties__group\">\n<div class=\"sm-product-properties__group-title\"><span><br \/>\n<strong>Caracter\u00edsticas adicionales<\/strong><\/span><\/div>\n<div class=\"sm-product-properties__group-value\">\n<div class=\"sm-labeled-value-list-item sm-product-properties__property\">\n<div class=\"sm-labeled-value-list-item__left-content\">\n<div class=\"sm-labeled-value-list-item__label\"><span class=\"sm-product-properties__property-name\"><span><br \/>\nCondiciones de temperatura: <\/span><\/span>Hasta -5\u00b0C<\/div>\n<\/div>\n<\/div>\n<div class=\"sm-labeled-value-list-item sm-product-properties__property\">\n<div class=\"sm-labeled-value-list-item__left-content\">\n<div class=\"sm-labeled-value-list-item__label\"><span class=\"sm-product-properties__property-name\"><span>Nota: <\/span><\/span>El rango de temperatura recomendado para este modelo se indica en funci\u00f3n de la actividad f\u00edsica promedio: caminar 4 km\/h.<\/div>\n<\/div>\n<\/div>\n<div class=\"sm-labeled-value-list-item sm-product-properties__property\">\n<div class=\"sm-labeled-value-list-item__left-content\">\n<div class=\"sm-labeled-value-list-item__label\"><span class=\"sm-product-properties__property-name\"><span>Color: Navy.<br \/>\nModelo: <\/span><\/span>RWP351<\/div>\n<\/div>\n<\/div>\n<\/div>\n<\/div>\n<\/div>\n<\/div>\n<\/div>\n<\/div>\n","protected":false},"excerpt":{"rendered":"<p>ROMINE Impermeable, aislante y elegante, nuestra chaqueta de invierno Romine para mujer es la incorporaci\u00f3n perfecta a tu armario. Con<\/p>\n","protected":false},"featured_media":82582,"comment_status":"open","ping_status":"closed","template":"","meta":{"nf_dc_page":""},"product_brand":[],"product_cat":[73],"product_tag":[],"class_list":{"0":"post-82581","1":"product","2":"type-product","3":"status-publish","4":"has-post-thumbnail","6":"product_cat-femenino","8":"first","9":"instock","10":"shipping-taxable","11":"purchasable","12":"product-type-simple"},"_links":{"self":[{"href":"https:\/\/brandss.com.py\/index\/wp-json\/wp\/v2\/product\/82581","targetHints":{"allow":["GET"]}}],"collection":[{"href":"https:\/\/brandss.com.py\/index\/wp-json\/wp\/v2\/product"}],"about":[{"href":"https:\/\/brandss.com.py\/index\/wp-json\/wp\/v2\/types\/product"}],"replies":[{"embeddable":true,"href":"https:\/\/brandss.com.py\/index\/wp-json\/wp\/v2\/comments?post=82581"}],"version-history":[{"count":1,"href":"https:\/\/brandss.com.py\/index\/wp-json\/wp\/v2\/product\/82581\/revisions"}],"predecessor-version":[{"id":82592,"href":"https:\/\/brandss.com.py\/index\/wp-json\/wp\/v2\/product\/82581\/revisions\/82592"}],"wp:featuredmedia":[{"embeddable":true,"href":"https:\/\/brandss.com.py\/index\/wp-json\/wp\/v2\/media\/82582"}],"wp:attachment":[{"href":"https:\/\/brandss.com.py\/index\/wp-json\/wp\/v2\/media?parent=82581"}],"wp:term":[{"taxonomy":"product_brand","embeddable":true,"href":"https:\/\/brandss.com.py\/index\/wp-json\/wp\/v2\/product_brand?post=82581"},{"taxonomy":"product_cat","embeddable":true,"href":"https:\/\/brandss.com.py\/index\/wp-json\/wp\/v2\/product_cat?post=82581"},{"taxonomy":"product_tag","embeddable":true,"href":"https:\/\/brandss.com.py\/index\/wp-json\/wp\/v2\/product_tag?post=82581"}],"curies":[{"name":"wp","href":"https:\/\/api.w.org\/{rel}","templated":true}]}}