{"id":82609,"date":"2025-05-22T13:46:54","date_gmt":"2025-05-22T13:46:54","guid":{"rendered":"https:\/\/brandss.com.py\/index\/?post_type=product&#038;p=82609"},"modified":"2025-05-22T13:47:33","modified_gmt":"2025-05-22T13:47:33","slug":"hoddie-deportivo-femenino-bass-outdoor-sherpa-fleece-beige","status":"publish","type":"product","link":"https:\/\/brandss.com.py\/index\/producto\/hoddie-deportivo-femenino-bass-outdoor-sherpa-fleece-beige\/","title":{"rendered":"HODDIE DEPORTIVO FEMENINO BASS OUTDOOR SHERPA FLEECE BEIGE"},"content":{"rendered":"<p><img loading=\"lazy\" decoding=\"async\" class=\"\" src=\"https:\/\/m.media-amazon.com\/images\/S\/al-na-9d5791cf-3faf\/61773208-c747-4f6c-b766-6fa1682cc8f2.png\" alt=\"Amazon.com: Bass Outdoor\" width=\"86\" height=\"86\" \/><\/p>\n<h1>FLEECE<\/h1>\n<p>Su\u00e9ter sherpa Bass Outdoor con capucha en contraste para mujer en color nuez tostado. Directamente de la colecci\u00f3n BWarm, \u00a1esta prenda te mantendr\u00e1 abrigada en cualquier situaci\u00f3n! Es muy acogedora, especialmente para acampadas. Tambi\u00e9n me encanta su precioso color tostado, un b\u00e1sico imprescindible en tu armario.<\/p>\n<h3><span class=\"a-list-item a-size-base a-color-base\">Caracter\u00edsticas: <\/span><\/h3>\n<ul class=\"a-unordered-list a-vertical a-spacing-small\">\n<li><span class=\"a-list-item a-size-base a-color-base\"><span>Ropa deportiva, Jersey, Suave, Sherpa, Capucha en contraste<\/span><\/span><\/li>\n<li><span class=\"a-list-item a-size-base a-color-base\"><span> Es una prenda esencial de cualquier armario.<\/span><\/span><\/li>\n<li>\n<div class=\"a-fixed-left-grid-col a-col-left\"><span class=\"a-color-base\"><span>Composici\u00f3n del material: <\/span><\/span><span class=\"a-color-base\"><span>100% poli\u00e9ster.<\/span><\/span><\/div>\n<\/li>\n<li><span class=\"a-size-base a-color-secondary\"><span>Color:\u00a0<\/span><\/span><span id=\"inline-twister-expanded-dimension-text-color_name\" class=\"a-size-base a-color-base inline-twister-dim-title-value a-text-bold\"><span>Nueces tostadas<\/span><\/span><\/li>\n<li>Modelo: BA62Z626.<\/li>\n<\/ul>\n","protected":false},"excerpt":{"rendered":"<p>FLEECE Su\u00e9ter sherpa Bass Outdoor con capucha en contraste para mujer en color nuez tostado. Directamente de la colecci\u00f3n BWarm,<\/p>\n","protected":false},"featured_media":82610,"comment_status":"open","ping_status":"closed","template":"","meta":{"nf_dc_page":""},"product_brand":[],"product_cat":[73],"product_tag":[],"class_list":{"0":"post-82609","1":"product","2":"type-product","3":"status-publish","4":"has-post-thumbnail","6":"product_cat-femenino","8":"first","9":"instock","10":"shipping-taxable","11":"purchasable","12":"product-type-simple"},"_links":{"self":[{"href":"https:\/\/brandss.com.py\/index\/wp-json\/wp\/v2\/product\/82609","targetHints":{"allow":["GET"]}}],"collection":[{"href":"https:\/\/brandss.com.py\/index\/wp-json\/wp\/v2\/product"}],"about":[{"href":"https:\/\/brandss.com.py\/index\/wp-json\/wp\/v2\/types\/product"}],"replies":[{"embeddable":true,"href":"https:\/\/brandss.com.py\/index\/wp-json\/wp\/v2\/comments?post=82609"}],"version-history":[{"count":1,"href":"https:\/\/brandss.com.py\/index\/wp-json\/wp\/v2\/product\/82609\/revisions"}],"predecessor-version":[{"id":82615,"href":"https:\/\/brandss.com.py\/index\/wp-json\/wp\/v2\/product\/82609\/revisions\/82615"}],"wp:featuredmedia":[{"embeddable":true,"href":"https:\/\/brandss.com.py\/index\/wp-json\/wp\/v2\/media\/82610"}],"wp:attachment":[{"href":"https:\/\/brandss.com.py\/index\/wp-json\/wp\/v2\/media?parent=82609"}],"wp:term":[{"taxonomy":"product_brand","embeddable":true,"href":"https:\/\/brandss.com.py\/index\/wp-json\/wp\/v2\/product_brand?post=82609"},{"taxonomy":"product_cat","embeddable":true,"href":"https:\/\/brandss.com.py\/index\/wp-json\/wp\/v2\/product_cat?post=82609"},{"taxonomy":"product_tag","embeddable":true,"href":"https:\/\/brandss.com.py\/index\/wp-json\/wp\/v2\/product_tag?post=82609"}],"curies":[{"name":"wp","href":"https:\/\/api.w.org\/{rel}","templated":true}]}}