{"id":82616,"date":"2025-05-22T14:26:18","date_gmt":"2025-05-22T14:26:18","guid":{"rendered":"https:\/\/brandss.com.py\/index\/?post_type=product&#038;p=82616"},"modified":"2025-05-22T14:27:22","modified_gmt":"2025-05-22T14:27:22","slug":"chaqueta-de-plumon-femenino-superdry-vintage-con-capucha-negro","status":"publish","type":"product","link":"https:\/\/brandss.com.py\/index\/producto\/chaqueta-de-plumon-femenino-superdry-vintage-con-capucha-negro\/","title":{"rendered":"CHAQUETA DE PLUM\u00d3N FEMENINO SUPERDRY VINTAGE CON CAPUCHA NEGRO"},"content":{"rendered":"<p><img loading=\"lazy\" decoding=\"async\" class=\"\" src=\"https:\/\/cdn.worldvectorlogo.com\/logos\/superdry-2020-.svg\" alt=\"Superdry (2020) Logotipo Vector - Descarga Gratis SVG | Worldvectorlogo\" width=\"165\" height=\"14\" \/><\/p>\n<h1>VINTAGE<\/h1>\n<div class=\"content\">\n<div class=\"product-desc\">\n<p><span>La chaqueta intermedia con capucha de longitud media te acompa\u00f1ar\u00e1 en todas tus aventuras. Esta original pieza complementar\u00e1 perfectamente tu vestuario de temporada y te ofrecer\u00e1 calidez y comodidad durante tus aventuras al aire libre. Su dise\u00f1o minimalista cl\u00e1sico permite que este abrigo se adapte a muchos atuendos casuales, mejorando tu estilo moderno. <\/span><\/p>\n<ul>\n<li><span>Corte entallado para un look a medida. <\/span><\/li>\n<li><span>Capucha con cord\u00f3n. <\/span><\/li>\n<li><span>Totalmente forrado. <\/span><\/li>\n<li><span>Cremallera bidireccional y cierre a presi\u00f3n. <\/span><\/li>\n<li><span>Dos bolsillos frontales con cremallera. <\/span><\/li>\n<li><span>Pu\u00f1os el\u00e1sticos con cierre a presi\u00f3n. <\/span><\/li>\n<li><span>Insignia en una manga.<\/span><\/li>\n<li><span> Esta chaqueta cuenta con relleno 100% reciclado. Cada chaqueta contiene hasta 30 botellas recicladas, una iniciativa que ayuda a evitar que estas botellas terminen en vertederos o contaminen nuestros oc\u00e9anos. <\/span><\/li>\n<li><span>Acabado: 100 % poli\u00e9ster reciclado Exterior: 4 % poli\u00e9ster, 96 % nailon Forro: 100 % nailon<\/span><\/li>\n<\/ul>\n<\/div>\n<\/div>\n<div class=\"content\">\n<h2><span>Informaci\u00f3n adicional<\/span><\/h2>\n<div class=\"std\">\n<div id=\"product-attribute-specs\" class=\"product-attributes\">\n<div class=\"table-row\"><span class=\"label\"><span>Marca: <\/span><\/span><span class=\"data\"><span>Superdry<\/span><\/span><\/div>\n<div class=\"table-row\"><span class=\"label\"><span>Modelo: <\/span><\/span><span class=\"data\"><span>W5011179A-12A<\/span><\/span><\/div>\n<div class=\"table-row\"><span class=\"label\"><span>Color: <\/span><\/span><span class=\"data\"><span>negro azabache<\/span><\/span><\/div>\n<\/div>\n<\/div>\n<\/div>\n","protected":false},"excerpt":{"rendered":"<p>VINTAGE La chaqueta intermedia con capucha de longitud media te acompa\u00f1ar\u00e1 en todas tus aventuras. Esta original pieza complementar\u00e1 perfectamente<\/p>\n","protected":false},"featured_media":82617,"comment_status":"open","ping_status":"closed","template":"","meta":{"nf_dc_page":""},"product_brand":[],"product_cat":[73],"product_tag":[],"class_list":{"0":"post-82616","1":"product","2":"type-product","3":"status-publish","4":"has-post-thumbnail","6":"product_cat-femenino","8":"first","9":"instock","10":"shipping-taxable","11":"purchasable","12":"product-type-simple"},"_links":{"self":[{"href":"https:\/\/brandss.com.py\/index\/wp-json\/wp\/v2\/product\/82616","targetHints":{"allow":["GET"]}}],"collection":[{"href":"https:\/\/brandss.com.py\/index\/wp-json\/wp\/v2\/product"}],"about":[{"href":"https:\/\/brandss.com.py\/index\/wp-json\/wp\/v2\/types\/product"}],"replies":[{"embeddable":true,"href":"https:\/\/brandss.com.py\/index\/wp-json\/wp\/v2\/comments?post=82616"}],"version-history":[{"count":1,"href":"https:\/\/brandss.com.py\/index\/wp-json\/wp\/v2\/product\/82616\/revisions"}],"predecessor-version":[{"id":82623,"href":"https:\/\/brandss.com.py\/index\/wp-json\/wp\/v2\/product\/82616\/revisions\/82623"}],"wp:featuredmedia":[{"embeddable":true,"href":"https:\/\/brandss.com.py\/index\/wp-json\/wp\/v2\/media\/82617"}],"wp:attachment":[{"href":"https:\/\/brandss.com.py\/index\/wp-json\/wp\/v2\/media?parent=82616"}],"wp:term":[{"taxonomy":"product_brand","embeddable":true,"href":"https:\/\/brandss.com.py\/index\/wp-json\/wp\/v2\/product_brand?post=82616"},{"taxonomy":"product_cat","embeddable":true,"href":"https:\/\/brandss.com.py\/index\/wp-json\/wp\/v2\/product_cat?post=82616"},{"taxonomy":"product_tag","embeddable":true,"href":"https:\/\/brandss.com.py\/index\/wp-json\/wp\/v2\/product_tag?post=82616"}],"curies":[{"name":"wp","href":"https:\/\/api.w.org\/{rel}","templated":true}]}}