{"id":82634,"date":"2025-05-22T17:26:06","date_gmt":"2025-05-22T17:26:06","guid":{"rendered":"https:\/\/brandss.com.py\/index\/?post_type=product&#038;p=82634"},"modified":"2025-05-22T17:27:33","modified_gmt":"2025-05-22T17:27:33","slug":"chaqueta-de-plumon-femenino-adidas-big-baffle-black","status":"publish","type":"product","link":"https:\/\/brandss.com.py\/index\/producto\/chaqueta-de-plumon-femenino-adidas-big-baffle-black\/","title":{"rendered":"CHAQUETA LARGA DE PLUM\u00d3N FEMENINO ADIDAS BIG BAFFLE BLACK"},"content":{"rendered":"<p><img loading=\"lazy\" decoding=\"async\" class=\"\" src=\"https:\/\/upload.wikimedia.org\/wikipedia\/commons\/2\/20\/Adidas_Logo.svg\" alt=\"Archivo:Adidas Logo.svg - Wikipedia, la enciclopedia libre\" width=\"119\" height=\"82\" \/><\/p>\n<h1>BIG BAFFLE<\/h1>\n<div class=\"content\">\n<div class=\"product-desc\">\n<p>Enfr\u00e9ntete al fr\u00edo con este abrigo adidas. Su dise\u00f1o con relleno de plum\u00f3n garantiza m\u00e1xima comodidad y estilo. El aislamiento de plum\u00f3n de pato proporciona una calidez excepcional. Los pu\u00f1os el\u00e1sticos ocultos en el interior te protegen del fr\u00edo. Su corte holgado facilita pon\u00e9rtelo sobre tus prendas m\u00e1s voluminosas. Fabricado con materiales reciclados y con un m\u00ednimo del 70 % de materiales reciclados, este producto es solo una de nuestras soluciones para combatir los residuos pl\u00e1sticos.<\/p>\n<ul>\n<li>Ajuste holgado.<\/li>\n<li>Cremallera bidireccional con capucha.<\/li>\n<li>Tejido exterior: 100% nailon reciclado.<\/li>\n<li>Acolchado: 70% plum\u00f3n de pato \/ 30% plumas.<\/li>\n<li>Bolsillos delanteros para las manos.<\/li>\n<li>Bolsillos con cremallera en el pecho.<\/li>\n<li>Aberturas laterales largas con cierres a presi\u00f3n.<\/li>\n<\/ul>\n<p>Una chaqueta holgada de plum\u00f3n aislante, confeccionada en parte con materiales reciclados.<\/p>\n<\/div>\n<\/div>\n<div class=\"content\">\n<h2>Informaci\u00f3n adicional<\/h2>\n<div class=\"std\">\n<div id=\"product-attribute-specs\" class=\"product-attributes\">\n<div class=\"table-row\"><span class=\"label\"><strong>Marca:<\/strong> A<\/span><span class=\"data\">didas.<\/span><\/div>\n<div class=\"table-row\"><strong><span class=\"label\">Modelo: <\/span><\/strong><span class=\"data\">IK3159.<\/span><\/div>\n<div class=\"table-row\"><span class=\"label\"><strong>Color:<\/strong> N<\/span><span class=\"data\">egro.<\/span><\/div>\n<div class=\"table-row\"><\/div>\n<\/div>\n<\/div>\n<\/div>\n","protected":false},"excerpt":{"rendered":"<p>BIG BAFFLE Enfr\u00e9ntete al fr\u00edo con este abrigo adidas. Su dise\u00f1o con relleno de plum\u00f3n garantiza m\u00e1xima comodidad y estilo.<\/p>\n","protected":false},"featured_media":82635,"comment_status":"open","ping_status":"closed","template":"","meta":{"nf_dc_page":""},"product_brand":[],"product_cat":[73],"product_tag":[],"class_list":{"0":"post-82634","1":"product","2":"type-product","3":"status-publish","4":"has-post-thumbnail","6":"product_cat-femenino","8":"first","9":"instock","10":"shipping-taxable","11":"purchasable","12":"product-type-simple"},"_links":{"self":[{"href":"https:\/\/brandss.com.py\/index\/wp-json\/wp\/v2\/product\/82634","targetHints":{"allow":["GET"]}}],"collection":[{"href":"https:\/\/brandss.com.py\/index\/wp-json\/wp\/v2\/product"}],"about":[{"href":"https:\/\/brandss.com.py\/index\/wp-json\/wp\/v2\/types\/product"}],"replies":[{"embeddable":true,"href":"https:\/\/brandss.com.py\/index\/wp-json\/wp\/v2\/comments?post=82634"}],"version-history":[{"count":2,"href":"https:\/\/brandss.com.py\/index\/wp-json\/wp\/v2\/product\/82634\/revisions"}],"predecessor-version":[{"id":82643,"href":"https:\/\/brandss.com.py\/index\/wp-json\/wp\/v2\/product\/82634\/revisions\/82643"}],"wp:featuredmedia":[{"embeddable":true,"href":"https:\/\/brandss.com.py\/index\/wp-json\/wp\/v2\/media\/82635"}],"wp:attachment":[{"href":"https:\/\/brandss.com.py\/index\/wp-json\/wp\/v2\/media?parent=82634"}],"wp:term":[{"taxonomy":"product_brand","embeddable":true,"href":"https:\/\/brandss.com.py\/index\/wp-json\/wp\/v2\/product_brand?post=82634"},{"taxonomy":"product_cat","embeddable":true,"href":"https:\/\/brandss.com.py\/index\/wp-json\/wp\/v2\/product_cat?post=82634"},{"taxonomy":"product_tag","embeddable":true,"href":"https:\/\/brandss.com.py\/index\/wp-json\/wp\/v2\/product_tag?post=82634"}],"curies":[{"name":"wp","href":"https:\/\/api.w.org\/{rel}","templated":true}]}}