{"id":82655,"date":"2025-05-22T18:52:13","date_gmt":"2025-05-22T18:52:13","guid":{"rendered":"https:\/\/brandss.com.py\/index\/?post_type=product&#038;p=82655"},"modified":"2026-01-08T18:02:11","modified_gmt":"2026-01-08T18:02:11","slug":"canillera-deportivo-unisex-puma-ultra-light-sleeve","status":"publish","type":"product","link":"https:\/\/brandss.com.py\/index\/producto\/canillera-deportivo-unisex-puma-ultra-light-sleeve\/","title":{"rendered":"CANILLERA DEPORTIVO UNISEX PUMA ULTRA LIGHT SLEEVE"},"content":{"rendered":"<p><img loading=\"lazy\" decoding=\"async\" class=\"\" src=\"https:\/\/1000marcas.net\/wp-content\/uploads\/2019\/12\/logo-Puma.png\" alt=\"Logo de Puma: la historia y el significado del logotipo, la marca y el  s\u00edmbolo. | png, vector\" width=\"90\" height=\"45\" \/><\/p>\n<h1>ULTRA LIGHT SLEEVE<\/h1>\n<p>Dise\u00f1adas para ser duraderas y livianas, las espinilleras Ultra Light Sleeve no te decepcionar\u00e1n. Con una &#8220;funda&#8221; para un ajuste ideal y una construcci\u00f3n flexible que absorbe los impactos, te sentir\u00e1s protegido y listo para jugar lo mejor posible durante todo el partido.<\/p>\n<p>Las Puma Ultra Sleeve est\u00e1n dise\u00f1adas para los atletas mas r\u00e1pidos en un campo de futbol. Su material ligero te permitir\u00e1 portarlas como si no estuvieran ah\u00ed, adem\u00e1s su forma ergon\u00f3mica acompa\u00f1a los movimientos naturales al correr adapt\u00e1ndose a la pierna en todo momento.<\/p>\n<p>Dise\u00f1adas de espuma EVA en la zona interior estas contienen en un alto grado los impactos directos que puedan recibir sin perjudicar la salud del portador. Incluye dos mallas compresoras para mantenerlas en su sitio<\/p>\n<p><b><span>Detalles<\/span><\/b><\/p>\n<ul>\n<li><span>Carcasa de PP dura extremadamente resistente a los impactos.<\/span><\/li>\n<li><span>Base de CMEVA perforada para una fuerte absorci\u00f3n de impactos y una sensaci\u00f3n de ligereza.<\/span><\/li>\n<li><span>Manga para un ajuste seguro.<\/span><\/li>\n<li><span>Logotipo de PUMA Cat en la parte delantera.<\/span><\/li>\n<li>Color: Rosa\/ Blanco\/ Negro.<\/li>\n<li>Modelo: 030873-08.<\/li>\n<\/ul>\n<p>&nbsp;<\/p>\n","protected":false},"excerpt":{"rendered":"<p>ULTRA LIGHT SLEEVE Dise\u00f1adas para ser duraderas y livianas, las espinilleras Ultra Light Sleeve no te decepcionar\u00e1n. Con una &#8220;funda&#8221;<\/p>\n","protected":false},"featured_media":82656,"comment_status":"open","ping_status":"closed","template":"","meta":{"nf_dc_page":""},"product_brand":[2306],"product_cat":[93],"product_tag":[2311],"class_list":{"0":"post-82655","1":"product","2":"type-product","3":"status-publish","4":"has-post-thumbnail","6":"product_brand-puma","7":"product_cat-deportivo","8":"product_tag-2311","10":"first","11":"instock","12":"shipping-taxable","13":"purchasable","14":"product-type-simple"},"_links":{"self":[{"href":"https:\/\/brandss.com.py\/index\/wp-json\/wp\/v2\/product\/82655","targetHints":{"allow":["GET"]}}],"collection":[{"href":"https:\/\/brandss.com.py\/index\/wp-json\/wp\/v2\/product"}],"about":[{"href":"https:\/\/brandss.com.py\/index\/wp-json\/wp\/v2\/types\/product"}],"replies":[{"embeddable":true,"href":"https:\/\/brandss.com.py\/index\/wp-json\/wp\/v2\/comments?post=82655"}],"version-history":[{"count":1,"href":"https:\/\/brandss.com.py\/index\/wp-json\/wp\/v2\/product\/82655\/revisions"}],"predecessor-version":[{"id":82664,"href":"https:\/\/brandss.com.py\/index\/wp-json\/wp\/v2\/product\/82655\/revisions\/82664"}],"wp:featuredmedia":[{"embeddable":true,"href":"https:\/\/brandss.com.py\/index\/wp-json\/wp\/v2\/media\/82656"}],"wp:attachment":[{"href":"https:\/\/brandss.com.py\/index\/wp-json\/wp\/v2\/media?parent=82655"}],"wp:term":[{"taxonomy":"product_brand","embeddable":true,"href":"https:\/\/brandss.com.py\/index\/wp-json\/wp\/v2\/product_brand?post=82655"},{"taxonomy":"product_cat","embeddable":true,"href":"https:\/\/brandss.com.py\/index\/wp-json\/wp\/v2\/product_cat?post=82655"},{"taxonomy":"product_tag","embeddable":true,"href":"https:\/\/brandss.com.py\/index\/wp-json\/wp\/v2\/product_tag?post=82655"}],"curies":[{"name":"wp","href":"https:\/\/api.w.org\/{rel}","templated":true}]}}