{"id":82665,"date":"2025-05-23T11:45:29","date_gmt":"2025-05-23T11:45:29","guid":{"rendered":"https:\/\/brandss.com.py\/index\/?post_type=product&#038;p=82665"},"modified":"2026-01-08T18:03:31","modified_gmt":"2026-01-08T18:03:31","slug":"canillera-deportivo-unisex-puma-attacanto-sleeve","status":"publish","type":"product","link":"https:\/\/brandss.com.py\/index\/producto\/canillera-deportivo-unisex-puma-attacanto-sleeve\/","title":{"rendered":"CANILLERA DEPORTIVO UNISEX PUMA ATTACANTO SLEEVE"},"content":{"rendered":"<p><img loading=\"lazy\" decoding=\"async\" class=\"\" src=\"https:\/\/1000marcas.net\/wp-content\/uploads\/2019\/12\/logo-Puma.png\" alt=\"Logo de Puma: la historia y el significado del logotipo, la marca y el  s\u00edmbolo. | png, vector\" width=\"89\" height=\"44\" \/><\/p>\n<h1>ATTACANTO<\/h1>\n<p>Presentamos las espinilleras Attacanto Sleeve, la m\u00e1xima protecci\u00f3n para tus piernas en el campo. Estas espinilleras elegantes y ligeras proporcionan la m\u00e1xima comodidad y seguridad durante partidos intensos, lo que te permite concentrarte en tu juego sin distracciones.<\/p>\n<p>Recomendado para jugadores de f\u00fatbol de todos los niveles que quieran protegerse de posibles lesiones durante el juego. Ya seas un principiante o un profesional experimentado, las espinilleras Attacanto Sleeve son una incorporaci\u00f3n imprescindible a tu colecci\u00f3n de equipamiento. Protecci\u00f3n de la marca Puma. Las espinilleras se adaptan a la pierna, refuerzan los tobillos, proporcionan estabilidad y protegen contra impactos. Su forma asim\u00e9trica proporciona una buena adaptaci\u00f3n a la pantorrilla. Est\u00e1n decoradas con el logotipo de Puma.<\/p>\n<ul>\n<li>Dise\u00f1o ligero y duradero.<\/li>\n<li>Carcasa dura para protecci\u00f3n contra impactos<\/li>\n<li>Respaldo acolchado para mayor comodidad<\/li>\n<li><span>Carcasa de PP dura extremadamente resistente a los impactos.<\/span><\/li>\n<li><span>Base de CMEVA perforada para una fuerte absorci\u00f3n de impactos y una sensaci\u00f3n de ligereza.<\/span><\/li>\n<li><span>Manga para un ajuste seguro.<\/span><\/li>\n<li><span>Logotipo de PUMA Cat en la parte delantera.<\/span><\/li>\n<\/ul>\n<h3>Caracter\u00edsticas<\/h3>\n<p><span><strong>Composici\u00f3n:<\/strong> 100% polipropileno.<\/span><br \/>\n<span><strong>Color:<\/strong> Verde \/ Negro.<\/span><br \/>\n<span><strong>Modelo:<\/strong> 030887 04.<\/span><\/p>\n","protected":false},"excerpt":{"rendered":"<p>ATTACANTO Presentamos las espinilleras Attacanto Sleeve, la m\u00e1xima protecci\u00f3n para tus piernas en el campo. Estas espinilleras elegantes y ligeras<\/p>\n","protected":false},"featured_media":82666,"comment_status":"open","ping_status":"closed","template":"","meta":{"nf_dc_page":""},"product_brand":[2306],"product_cat":[93],"product_tag":[2312],"class_list":{"0":"post-82665","1":"product","2":"type-product","3":"status-publish","4":"has-post-thumbnail","6":"product_brand-puma","7":"product_cat-deportivo","8":"product_tag-2312","10":"first","11":"instock","12":"shipping-taxable","13":"purchasable","14":"product-type-simple"},"_links":{"self":[{"href":"https:\/\/brandss.com.py\/index\/wp-json\/wp\/v2\/product\/82665","targetHints":{"allow":["GET"]}}],"collection":[{"href":"https:\/\/brandss.com.py\/index\/wp-json\/wp\/v2\/product"}],"about":[{"href":"https:\/\/brandss.com.py\/index\/wp-json\/wp\/v2\/types\/product"}],"replies":[{"embeddable":true,"href":"https:\/\/brandss.com.py\/index\/wp-json\/wp\/v2\/comments?post=82665"}],"version-history":[{"count":1,"href":"https:\/\/brandss.com.py\/index\/wp-json\/wp\/v2\/product\/82665\/revisions"}],"predecessor-version":[{"id":82672,"href":"https:\/\/brandss.com.py\/index\/wp-json\/wp\/v2\/product\/82665\/revisions\/82672"}],"wp:featuredmedia":[{"embeddable":true,"href":"https:\/\/brandss.com.py\/index\/wp-json\/wp\/v2\/media\/82666"}],"wp:attachment":[{"href":"https:\/\/brandss.com.py\/index\/wp-json\/wp\/v2\/media?parent=82665"}],"wp:term":[{"taxonomy":"product_brand","embeddable":true,"href":"https:\/\/brandss.com.py\/index\/wp-json\/wp\/v2\/product_brand?post=82665"},{"taxonomy":"product_cat","embeddable":true,"href":"https:\/\/brandss.com.py\/index\/wp-json\/wp\/v2\/product_cat?post=82665"},{"taxonomy":"product_tag","embeddable":true,"href":"https:\/\/brandss.com.py\/index\/wp-json\/wp\/v2\/product_tag?post=82665"}],"curies":[{"name":"wp","href":"https:\/\/api.w.org\/{rel}","templated":true}]}}