{"id":82673,"date":"2025-05-23T12:06:44","date_gmt":"2025-05-23T12:06:44","guid":{"rendered":"https:\/\/brandss.com.py\/index\/?post_type=product&#038;p=82673"},"modified":"2026-01-08T18:22:36","modified_gmt":"2026-01-08T18:22:36","slug":"bolso-bandolera-deportivo-unisex-puma-academy-portable","status":"publish","type":"product","link":"https:\/\/brandss.com.py\/index\/producto\/bolso-bandolera-deportivo-unisex-puma-academy-portable\/","title":{"rendered":"BOLSO BANDOLERA DEPORTIVO UNISEX PUMA ACADEMY PORTABLE"},"content":{"rendered":"<p><img loading=\"lazy\" decoding=\"async\" class=\"\" src=\"https:\/\/1000marcas.net\/wp-content\/uploads\/2019\/12\/logo-Puma.png\" alt=\"Logo de Puma: la historia y el significado del logotipo, la marca y el  s\u00edmbolo. | png, vector\" width=\"123\" height=\"61\" \/><\/p>\n<h1>ACADEMY PORTABLE<\/h1>\n<div class=\"col-span-full\">\n<div>\n<p>Preciso y compacto, el bolso port\u00e1til Academy es el compa\u00f1ero perfecto para las personas activas. Tiene un compartimento principal y un bolsillo frontal con cierre para que guardes tus cosas de forma segura, adem\u00e1s de una correa para llevarlo al hombro que aporta comodidad y versatilidad. Combina la simplicidad con un estilo definido, un dise\u00f1o estructurado y un detalle de marca PUMA en tejido plano.<\/p>\n<\/div>\n<\/div>\n<div>\n<h4>CARACTER\u00cdSTICAS + BENEFICIOS<\/h4>\n<ul>\n<li>bluesign\u00ae: como socios de bluesign\u00ae somos una parte responsable de la cadena de valor textil y nos comprometemos a tener una gesti\u00f3n de insumos de ingreso con un enfoque limpio y seguro<\/li>\n<li>Dope Dye: Dope Dye es una de las respuestas de PUMA para reducir su impacto en el medioambiente. En comparaci\u00f3n con el proceso de te\u00f1ido tradicional, Dope Dye reduce el uso de agua y energ\u00eda, y, por consiguiente, las emisiones de CO2<\/li>\n<li>Producto con contenido reciclado: est\u00e1 hecho con al menos 20% de material reciclado para que tengamos un mejor futuro<\/li>\n<\/ul>\n<\/div>\n<div>\n<h4>DETALLES<\/h4>\n<ul>\n<li>Compartimento principal y bolsillo frontal con cierre<\/li>\n<li>Correa de cincha ajustable para el hombro<\/li>\n<li>Asa de cincha para llevar<\/li>\n<li>Panel frontal con una cinta reflectante con el logotipo PUMA<\/li>\n<li>Presilla con el logotipo PUMA Cat con detalles reflectantes<\/li>\n<li>Insignia de tejido plano con la marca PUMA en palabra en el panel frontal<\/li>\n<li>Color: Puma Black.<\/li>\n<li>Modelo: 079135-01.<\/li>\n<\/ul>\n<\/div>\n<div>\n<h4 class=\"capitalize\">Material de informaci\u00f3n<\/h4>\n<ul>\n<li>Forro: 100% Poli\u00e9ster<\/li>\n<li>Exterior: 100% Poli\u00e9ster<\/li>\n<\/ul>\n<\/div>\n<div>\n<h3 class=\"capitalize\">Instrucciones de cuidado<\/h3>\n<ul>\n<li>Limpiar Con Un Pa\u00f1o H\u00famedo Cuando Sea Necesario<\/li>\n<li>Retirar Inmediatamente Las Prendas H\u00famedas<\/li>\n<li>No Utilizar Detergente<\/li>\n<li>Decoraci\u00f3n exclusiva<\/li>\n<\/ul>\n<\/div>\n","protected":false},"excerpt":{"rendered":"<p>ACADEMY PORTABLE Preciso y compacto, el bolso port\u00e1til Academy es el compa\u00f1ero perfecto para las personas activas. Tiene un compartimento<\/p>\n","protected":false},"featured_media":82674,"comment_status":"open","ping_status":"closed","template":"","meta":{"nf_dc_page":""},"product_brand":[2306],"product_cat":[74,77],"product_tag":[2315],"class_list":{"0":"post-82673","1":"product","2":"type-product","3":"status-publish","4":"has-post-thumbnail","6":"product_brand-puma","7":"product_cat-accesorios-fem","8":"product_cat-accesorios-masc","9":"product_tag-079135-01","11":"first","12":"instock","13":"shipping-taxable","14":"purchasable","15":"product-type-simple"},"_links":{"self":[{"href":"https:\/\/brandss.com.py\/index\/wp-json\/wp\/v2\/product\/82673","targetHints":{"allow":["GET"]}}],"collection":[{"href":"https:\/\/brandss.com.py\/index\/wp-json\/wp\/v2\/product"}],"about":[{"href":"https:\/\/brandss.com.py\/index\/wp-json\/wp\/v2\/types\/product"}],"replies":[{"embeddable":true,"href":"https:\/\/brandss.com.py\/index\/wp-json\/wp\/v2\/comments?post=82673"}],"version-history":[{"count":1,"href":"https:\/\/brandss.com.py\/index\/wp-json\/wp\/v2\/product\/82673\/revisions"}],"predecessor-version":[{"id":82681,"href":"https:\/\/brandss.com.py\/index\/wp-json\/wp\/v2\/product\/82673\/revisions\/82681"}],"wp:featuredmedia":[{"embeddable":true,"href":"https:\/\/brandss.com.py\/index\/wp-json\/wp\/v2\/media\/82674"}],"wp:attachment":[{"href":"https:\/\/brandss.com.py\/index\/wp-json\/wp\/v2\/media?parent=82673"}],"wp:term":[{"taxonomy":"product_brand","embeddable":true,"href":"https:\/\/brandss.com.py\/index\/wp-json\/wp\/v2\/product_brand?post=82673"},{"taxonomy":"product_cat","embeddable":true,"href":"https:\/\/brandss.com.py\/index\/wp-json\/wp\/v2\/product_cat?post=82673"},{"taxonomy":"product_tag","embeddable":true,"href":"https:\/\/brandss.com.py\/index\/wp-json\/wp\/v2\/product_tag?post=82673"}],"curies":[{"name":"wp","href":"https:\/\/api.w.org\/{rel}","templated":true}]}}