{"id":82682,"date":"2025-05-23T12:26:23","date_gmt":"2025-05-23T12:26:23","guid":{"rendered":"https:\/\/brandss.com.py\/index\/?post_type=product&#038;p=82682"},"modified":"2026-01-08T18:23:31","modified_gmt":"2026-01-08T18:23:31","slug":"bolso-bandolera-deportivo-unisex-puma-plus","status":"publish","type":"product","link":"https:\/\/brandss.com.py\/index\/producto\/bolso-bandolera-deportivo-unisex-puma-plus\/","title":{"rendered":"BOLSO BANDOLERA DEPORTIVO UNISEX PUMA PLUS"},"content":{"rendered":"<p><img loading=\"lazy\" decoding=\"async\" class=\"\" src=\"https:\/\/1000marcas.net\/wp-content\/uploads\/2019\/12\/logo-Puma.png\" alt=\"Logo de Puma: la historia y el significado del logotipo, la marca y el  s\u00edmbolo. | png, vector\" width=\"110\" height=\"55\" \/><\/p>\n<h1>PLUS<\/h1>\n<p><span>Este bolso tipo bolsa es ideal para guardar todo lo esencial y salir r\u00e1pidamente de casa. Sus m\u00faltiples compartimentos con cremallera y su bandolera ajustable lo hacen s\u00faper pr\u00e1ctico para usar todo el d\u00eda.<\/span><\/p>\n<div class=\"single-story-block\">\n<h4><span>CARACTER\u00cdSTICAS Y BENEFICIOS<\/span><\/h4>\n<ul>\n<li><span>Contenido reciclado: Fabricado con al menos un 30 % de material reciclado como un paso hacia un futuro mejor.<\/span><\/li>\n<li><span>Dope Dye: Las fibras y filamentos se colorean antes de tejer. La tecnolog\u00eda Dope Dye elimina el proceso de te\u00f1ido del hilo, un paso hacia un futuro mejor.<\/span><\/li>\n<\/ul>\n<\/div>\n<div class=\"single-story-block\">\n<h4><span>DETALLES<\/span><\/h4>\n<ul>\n<li><span>Apertura con cremallera en el compartimento principal.<\/span><\/li>\n<li><span>Bolsillo interior con cremallera.<\/span><\/li>\n<li><span>Correa de hombro ajustable.<\/span><\/li>\n<li><span>Presilla de transporte de cinta.<\/span><\/li>\n<li><span>Marca denominativa PUMA en la parte delantera.<\/span><\/li>\n<li><span>15 cm x 4 cm x 20 cm, 1,5 L.<\/span><\/li>\n<li>Color: Puma Negro.<\/li>\n<li>Modelo: 079613-01.<\/li>\n<\/ul>\n<\/div>\n","protected":false},"excerpt":{"rendered":"<p>PLUS Este bolso tipo bolsa es ideal para guardar todo lo esencial y salir r\u00e1pidamente de casa. Sus m\u00faltiples compartimentos<\/p>\n","protected":false},"featured_media":82683,"comment_status":"open","ping_status":"closed","template":"","meta":{"nf_dc_page":""},"product_brand":[2306],"product_cat":[74,77],"product_tag":[2316],"class_list":{"0":"post-82682","1":"product","2":"type-product","3":"status-publish","4":"has-post-thumbnail","6":"product_brand-puma","7":"product_cat-accesorios-fem","8":"product_cat-accesorios-masc","9":"product_tag-079613-01","11":"first","12":"instock","13":"shipping-taxable","14":"purchasable","15":"product-type-simple"},"_links":{"self":[{"href":"https:\/\/brandss.com.py\/index\/wp-json\/wp\/v2\/product\/82682","targetHints":{"allow":["GET"]}}],"collection":[{"href":"https:\/\/brandss.com.py\/index\/wp-json\/wp\/v2\/product"}],"about":[{"href":"https:\/\/brandss.com.py\/index\/wp-json\/wp\/v2\/types\/product"}],"replies":[{"embeddable":true,"href":"https:\/\/brandss.com.py\/index\/wp-json\/wp\/v2\/comments?post=82682"}],"version-history":[{"count":2,"href":"https:\/\/brandss.com.py\/index\/wp-json\/wp\/v2\/product\/82682\/revisions"}],"predecessor-version":[{"id":82690,"href":"https:\/\/brandss.com.py\/index\/wp-json\/wp\/v2\/product\/82682\/revisions\/82690"}],"wp:featuredmedia":[{"embeddable":true,"href":"https:\/\/brandss.com.py\/index\/wp-json\/wp\/v2\/media\/82683"}],"wp:attachment":[{"href":"https:\/\/brandss.com.py\/index\/wp-json\/wp\/v2\/media?parent=82682"}],"wp:term":[{"taxonomy":"product_brand","embeddable":true,"href":"https:\/\/brandss.com.py\/index\/wp-json\/wp\/v2\/product_brand?post=82682"},{"taxonomy":"product_cat","embeddable":true,"href":"https:\/\/brandss.com.py\/index\/wp-json\/wp\/v2\/product_cat?post=82682"},{"taxonomy":"product_tag","embeddable":true,"href":"https:\/\/brandss.com.py\/index\/wp-json\/wp\/v2\/product_tag?post=82682"}],"curies":[{"name":"wp","href":"https:\/\/api.w.org\/{rel}","templated":true}]}}