{"id":82691,"date":"2025-05-23T12:46:53","date_gmt":"2025-05-23T12:46:53","guid":{"rendered":"https:\/\/brandss.com.py\/index\/?post_type=product&#038;p=82691"},"modified":"2026-01-08T18:26:11","modified_gmt":"2026-01-08T18:26:11","slug":"pelota-de-futbol-unisex-puma-prestige-ball","status":"publish","type":"product","link":"https:\/\/brandss.com.py\/index\/producto\/pelota-de-futbol-unisex-puma-prestige-ball\/","title":{"rendered":"PELOTA DE F\u00daTBOL UNISEX PUMA PRESTIGE BALL"},"content":{"rendered":"<p><img loading=\"lazy\" decoding=\"async\" class=\"\" src=\"https:\/\/1000marcas.net\/wp-content\/uploads\/2019\/12\/logo-Puma.png\" alt=\"Logo de Puma: la historia y el significado del logotipo, la marca y el  s\u00edmbolo. | png, vector\" width=\"135\" height=\"67\" \/><\/p>\n<h1>PRESTIGE BALL<\/h1>\n<p>\u00bfTe provoca dar unas dominadas? Con este pelota de inspiraci\u00f3n cl\u00e1sica, estar\u00e1s preparado para echar un partido con tus amigos o practicar tu juego de piernas. Lleva el juego a otro nivel con el\u00a0<b>Bal\u00f3n de F\u00fatbol Puma Prestige<\/b>, esta pelota de la marca alemana te brindar\u00e1 una total confianza en cuanto entre en contacto con tus tachones. Su dise\u00f1o cl\u00e1sico te encantar\u00e1 y ser\u00e1 imposible perderlo de vista mientras este rodando o en el aire.<\/p>\n<h2>Detalles<\/h2>\n<ul>\n<li>Fue cosido a m\u00e1quina para aumentar su durabilidad y rendimiento, tendr\u00e1s una gran sensaci\u00f3n en cuanto entre en contacto con tus tachones.<\/li>\n<li>Pelota de training de 32 paneles.<\/li>\n<li>Cosido a m\u00e1quina.<\/li>\n<li>Acabado de TPU brillante.<\/li>\n<li>Logotipo PUMA Cat.<\/li>\n<li class=\"product-accordion-item-li\">Color: <span class=\"content-colour-value js-desc-colour\">PUMA White-PUMA Red-PUMA Black.<\/span><\/li>\n<li class=\"product-accordion-item-li\">Modelo: <span class=\"js-content-style-value js-desc-style\" dir=\"null\">083992-02.<\/span><\/li>\n<\/ul>\n","protected":false},"excerpt":{"rendered":"<p>PRESTIGE BALL \u00bfTe provoca dar unas dominadas? Con este pelota de inspiraci\u00f3n cl\u00e1sica, estar\u00e1s preparado para echar un partido con<\/p>\n","protected":false},"featured_media":82692,"comment_status":"open","ping_status":"closed","template":"","meta":{"nf_dc_page":""},"product_brand":[2306],"product_cat":[93],"product_tag":[2318],"class_list":{"0":"post-82691","1":"product","2":"type-product","3":"status-publish","4":"has-post-thumbnail","6":"product_brand-puma","7":"product_cat-deportivo","8":"product_tag-083992-02","10":"first","11":"instock","12":"shipping-taxable","13":"purchasable","14":"product-type-simple"},"_links":{"self":[{"href":"https:\/\/brandss.com.py\/index\/wp-json\/wp\/v2\/product\/82691","targetHints":{"allow":["GET"]}}],"collection":[{"href":"https:\/\/brandss.com.py\/index\/wp-json\/wp\/v2\/product"}],"about":[{"href":"https:\/\/brandss.com.py\/index\/wp-json\/wp\/v2\/types\/product"}],"replies":[{"embeddable":true,"href":"https:\/\/brandss.com.py\/index\/wp-json\/wp\/v2\/comments?post=82691"}],"version-history":[{"count":1,"href":"https:\/\/brandss.com.py\/index\/wp-json\/wp\/v2\/product\/82691\/revisions"}],"predecessor-version":[{"id":82697,"href":"https:\/\/brandss.com.py\/index\/wp-json\/wp\/v2\/product\/82691\/revisions\/82697"}],"wp:featuredmedia":[{"embeddable":true,"href":"https:\/\/brandss.com.py\/index\/wp-json\/wp\/v2\/media\/82692"}],"wp:attachment":[{"href":"https:\/\/brandss.com.py\/index\/wp-json\/wp\/v2\/media?parent=82691"}],"wp:term":[{"taxonomy":"product_brand","embeddable":true,"href":"https:\/\/brandss.com.py\/index\/wp-json\/wp\/v2\/product_brand?post=82691"},{"taxonomy":"product_cat","embeddable":true,"href":"https:\/\/brandss.com.py\/index\/wp-json\/wp\/v2\/product_cat?post=82691"},{"taxonomy":"product_tag","embeddable":true,"href":"https:\/\/brandss.com.py\/index\/wp-json\/wp\/v2\/product_tag?post=82691"}],"curies":[{"name":"wp","href":"https:\/\/api.w.org\/{rel}","templated":true}]}}