{"id":82705,"date":"2025-05-23T13:55:31","date_gmt":"2025-05-23T13:55:31","guid":{"rendered":"https:\/\/brandss.com.py\/index\/?post_type=product&#038;p=82705"},"modified":"2026-01-08T18:28:01","modified_gmt":"2026-01-08T18:28:01","slug":"pelota-de-futbol-unisex-puma-cup-ball","status":"publish","type":"product","link":"https:\/\/brandss.com.py\/index\/producto\/pelota-de-futbol-unisex-puma-cup-ball\/","title":{"rendered":"PELOTA DE F\u00daTBOL UNISEX PUMA CUP BALL"},"content":{"rendered":"<p><img loading=\"lazy\" decoding=\"async\" class=\"\" src=\"https:\/\/1000marcas.net\/wp-content\/uploads\/2019\/12\/logo-Puma.png\" alt=\"Logo de Puma: la historia y el significado del logotipo, la marca y el  s\u00edmbolo. | png, vector\" width=\"78\" height=\"39\" \/><\/p>\n<h1>CUP BALL<\/h1>\n<p><span>Mejora tu entrenamiento con el bal\u00f3n de f\u00fatbol PUMA Cup. Con colores vibrantes y un dise\u00f1o moderno, este bal\u00f3n fue dise\u00f1ado para jugar en la calle, el parque, la porter\u00eda y en cualquier campo de juego. La variedad de materiales de su base lo hace destacar. Un bal\u00f3n de f\u00fatbol con una construcci\u00f3n resistente de treinta y dos capas que garantiza una trayectoria precisa. Es un modelo universal, apto tanto para profesionales como para aficionados. Los fabricantes se han esforzado por garantizar que los materiales utilizados garanticen los mejores resultados. El bal\u00f3n est\u00e1 decorado con el logotipo de Puma.<\/span><\/p>\n<div class=\"single-story-block\">\n<h3><span>DETALLES<\/span><\/h3>\n<ul>\n<li><span>F\u00fatbol de 32 paneles.<\/span><\/li>\n<li><span>Construcci\u00f3n cosida a m\u00e1quina.<\/span><\/li>\n<li><span>TPU con acabado hologr\u00e1fico met\u00e1lico.<\/span><\/li>\n<li><span>Composici\u00f3n: 100% poliuretano termopl\u00e1stico.<\/span><\/li>\n<li><span>Color: Azul \/ Verde.<\/span><\/li>\n<li><span>Modelo: 084075-02.<\/span><\/li>\n<\/ul>\n<\/div>\n","protected":false},"excerpt":{"rendered":"<p>CUP BALL Mejora tu entrenamiento con el bal\u00f3n de f\u00fatbol PUMA Cup. Con colores vibrantes y un dise\u00f1o moderno, este<\/p>\n","protected":false},"featured_media":82706,"comment_status":"open","ping_status":"closed","template":"","meta":{"nf_dc_page":""},"product_brand":[2306],"product_cat":[93],"product_tag":[2320],"class_list":{"0":"post-82705","1":"product","2":"type-product","3":"status-publish","4":"has-post-thumbnail","6":"product_brand-puma","7":"product_cat-deportivo","8":"product_tag-084075-02","10":"first","11":"instock","12":"shipping-taxable","13":"purchasable","14":"product-type-simple"},"_links":{"self":[{"href":"https:\/\/brandss.com.py\/index\/wp-json\/wp\/v2\/product\/82705","targetHints":{"allow":["GET"]}}],"collection":[{"href":"https:\/\/brandss.com.py\/index\/wp-json\/wp\/v2\/product"}],"about":[{"href":"https:\/\/brandss.com.py\/index\/wp-json\/wp\/v2\/types\/product"}],"replies":[{"embeddable":true,"href":"https:\/\/brandss.com.py\/index\/wp-json\/wp\/v2\/comments?post=82705"}],"version-history":[{"count":1,"href":"https:\/\/brandss.com.py\/index\/wp-json\/wp\/v2\/product\/82705\/revisions"}],"predecessor-version":[{"id":82710,"href":"https:\/\/brandss.com.py\/index\/wp-json\/wp\/v2\/product\/82705\/revisions\/82710"}],"wp:featuredmedia":[{"embeddable":true,"href":"https:\/\/brandss.com.py\/index\/wp-json\/wp\/v2\/media\/82706"}],"wp:attachment":[{"href":"https:\/\/brandss.com.py\/index\/wp-json\/wp\/v2\/media?parent=82705"}],"wp:term":[{"taxonomy":"product_brand","embeddable":true,"href":"https:\/\/brandss.com.py\/index\/wp-json\/wp\/v2\/product_brand?post=82705"},{"taxonomy":"product_cat","embeddable":true,"href":"https:\/\/brandss.com.py\/index\/wp-json\/wp\/v2\/product_cat?post=82705"},{"taxonomy":"product_tag","embeddable":true,"href":"https:\/\/brandss.com.py\/index\/wp-json\/wp\/v2\/product_tag?post=82705"}],"curies":[{"name":"wp","href":"https:\/\/api.w.org\/{rel}","templated":true}]}}