{"id":82711,"date":"2025-05-23T14:19:17","date_gmt":"2025-05-23T14:19:17","guid":{"rendered":"https:\/\/brandss.com.py\/index\/?post_type=product&#038;p=82711"},"modified":"2026-01-08T18:28:47","modified_gmt":"2026-01-08T18:28:47","slug":"pelota-de-futbol-unisex-puma-acm-ess-ball","status":"publish","type":"product","link":"https:\/\/brandss.com.py\/index\/producto\/pelota-de-futbol-unisex-puma-acm-ess-ball\/","title":{"rendered":"PELOTA DE F\u00daTBOL UNISEX PUMA ACM ESS BALL"},"content":{"rendered":"<p><img loading=\"lazy\" decoding=\"async\" class=\"\" src=\"https:\/\/1000marcas.net\/wp-content\/uploads\/2019\/12\/logo-Puma.png\" alt=\"Logo de Puma: la historia y el significado del logotipo, la marca y el  s\u00edmbolo. | png, vector\" width=\"104\" height=\"52\" \/><\/p>\n<h1>ACM ESS BALL<\/h1>\n<p>Un bal\u00f3n de f\u00fatbol que garantiza una trayectoria precisa. Es una excelente opci\u00f3n para los aficionados y entusiastas del AC Milan que desean mostrar su apoyo al equipo. Los fabricantes se han esforzado por garantizar que los materiales utilizados garanticen los mejores resultados. El bal\u00f3n est\u00e1 decorado con los logotipos de la marca Puma y del AC Milan.<\/p>\n<p>\u00a1Es para los verdaderos fans del AC Mil\u00e1n! Este bal\u00f3n Puma contiene la esencia y la grandeza de uno de los clubes m\u00e1s importantes de Europa. \u00a1Hecho con materiales de primera es de lo mejor!<\/p>\n<h3>Detalles<\/h3>\n<p><span><strong>Composici\u00f3n:<\/strong> 100% poliuretano termopl\u00e1stico.<\/span><br \/>\n<span><strong>Color:<\/strong> Rojo \/ Negro.<\/span><br \/>\n<span><strong>Modelo:<\/strong> 084445-01.<\/span><\/p>\n","protected":false},"excerpt":{"rendered":"<p>ACM ESS BALL Un bal\u00f3n de f\u00fatbol que garantiza una trayectoria precisa. Es una excelente opci\u00f3n para los aficionados y<\/p>\n","protected":false},"featured_media":82712,"comment_status":"open","ping_status":"closed","template":"","meta":{"nf_dc_page":""},"product_brand":[2306],"product_cat":[93],"product_tag":[2321],"class_list":{"0":"post-82711","1":"product","2":"type-product","3":"status-publish","4":"has-post-thumbnail","6":"product_brand-puma","7":"product_cat-deportivo","8":"product_tag-084445-01","10":"first","11":"instock","12":"shipping-taxable","13":"purchasable","14":"product-type-simple"},"_links":{"self":[{"href":"https:\/\/brandss.com.py\/index\/wp-json\/wp\/v2\/product\/82711","targetHints":{"allow":["GET"]}}],"collection":[{"href":"https:\/\/brandss.com.py\/index\/wp-json\/wp\/v2\/product"}],"about":[{"href":"https:\/\/brandss.com.py\/index\/wp-json\/wp\/v2\/types\/product"}],"replies":[{"embeddable":true,"href":"https:\/\/brandss.com.py\/index\/wp-json\/wp\/v2\/comments?post=82711"}],"version-history":[{"count":1,"href":"https:\/\/brandss.com.py\/index\/wp-json\/wp\/v2\/product\/82711\/revisions"}],"predecessor-version":[{"id":82717,"href":"https:\/\/brandss.com.py\/index\/wp-json\/wp\/v2\/product\/82711\/revisions\/82717"}],"wp:featuredmedia":[{"embeddable":true,"href":"https:\/\/brandss.com.py\/index\/wp-json\/wp\/v2\/media\/82712"}],"wp:attachment":[{"href":"https:\/\/brandss.com.py\/index\/wp-json\/wp\/v2\/media?parent=82711"}],"wp:term":[{"taxonomy":"product_brand","embeddable":true,"href":"https:\/\/brandss.com.py\/index\/wp-json\/wp\/v2\/product_brand?post=82711"},{"taxonomy":"product_cat","embeddable":true,"href":"https:\/\/brandss.com.py\/index\/wp-json\/wp\/v2\/product_cat?post=82711"},{"taxonomy":"product_tag","embeddable":true,"href":"https:\/\/brandss.com.py\/index\/wp-json\/wp\/v2\/product_tag?post=82711"}],"curies":[{"name":"wp","href":"https:\/\/api.w.org\/{rel}","templated":true}]}}