{"id":82718,"date":"2025-05-23T14:43:34","date_gmt":"2025-05-23T14:43:34","guid":{"rendered":"https:\/\/brandss.com.py\/index\/?post_type=product&#038;p=82718"},"modified":"2026-01-08T18:31:23","modified_gmt":"2026-01-08T18:31:23","slug":"pelota-de-padel-unisex-wilson-x3-performance-set-de-3","status":"publish","type":"product","link":"https:\/\/brandss.com.py\/index\/producto\/pelota-de-padel-unisex-wilson-x3-performance-set-de-3\/","title":{"rendered":"PELOTA DE PADEL UNISEX WILSON X3 PERFORMANCE SET DE 3"},"content":{"rendered":"<p><img loading=\"lazy\" decoding=\"async\" class=\"\" src=\"https:\/\/1000logos.net\/wp-content\/uploads\/2020\/09\/Wilson-Logo.png\" alt=\"Wilson logo and symbol, meaning, history, PNG\" width=\"114\" height=\"71\" \/><\/p>\n<h1>X3 PERFORMANCE<\/h1>\n<p>Dise\u00f1ada para lograr la mejor combinaci\u00f3n de consistencia, durabilidad y jugabilidad, la serie X3 de Wilson supera las expectativas en cuanto al rendimiento de las pelotas de p\u00e1del. Ideal para pistas de velocidad r\u00e1pida, la X3 incorpora fieltro Dura-Weave para una excelente resistencia al desgaste del logotipo y un rendimiento fiable. El embalaje es un gui\u00f1o al medio ambiente con una tapa ecol\u00f3gica que reduce a la mitad los residuos pl\u00e1sticos. Si los jugadores prefieren reutilizar sus pelotas y botes, la tapa ecol\u00f3gica evitar\u00e1 que se derramen. El bote incluye tres pelotas.<\/p>\n<p><strong>Calidad y durabilidad<\/strong>: Materiales resistentes que prolongan la vida \u00fatil de las pelotas.<\/p>\n<p><strong>Rebote preciso<\/strong>: Dise\u00f1adas para ofrecer un control estable en cada golpe.<\/p>\n<p><strong>Adaptabilidad en pista<\/strong>: Ideales para todas las superficies de p\u00e1del y niveles de juego.<\/p>\n<p><strong>Rendimiento confiable<\/strong>: Perfectas para jugadores que buscan consistencia y precisi\u00f3n en cada partido.<\/p>\n<p>Las pelotas Wilson X3 son una elecci\u00f3n ideal para quienes buscan un juego de alta calidad con un rebote confiable y un control superior. Mejora tu rendimiento en la pista con estas pelotas dise\u00f1adas para rendir al m\u00e1ximo.<\/p>\n<h3 class=\"simple-accordion__title h4 title active\"><span>Caracter\u00edsticas<\/span><\/h3>\n<div class=\"content rte active\">\n<div>\n<p>Fieltro Dura-Weave para un juego m\u00e1s ajustado y un desgaste del logotipo impresionante<\/p>\n<p>Rendimiento ideal en superficies de cancha m\u00e1s r\u00e1pidas con menos arena<\/p>\n<p>Perfecto para jugadores de p\u00e1del competitivos.<\/p>\n<p>La tapa ecol\u00f3gica reduce los residuos\u00a0pl\u00e1sticos<\/p>\n<p>Incluye 3 pelotas por lata.<\/p>\n<p><span>Modelo:<\/span>\u00a0<span>WR8900801001.<\/span><\/p>\n<\/div>\n<\/div>\n","protected":false},"excerpt":{"rendered":"<p>X3 PERFORMANCE Dise\u00f1ada para lograr la mejor combinaci\u00f3n de consistencia, durabilidad y jugabilidad, la serie X3 de Wilson supera las<\/p>\n","protected":false},"featured_media":82719,"comment_status":"open","ping_status":"closed","template":"","meta":{"nf_dc_page":""},"product_brand":[2322],"product_cat":[93],"product_tag":[2323],"class_list":{"0":"post-82718","1":"product","2":"type-product","3":"status-publish","4":"has-post-thumbnail","6":"product_brand-wilson","7":"product_cat-deportivo","8":"product_tag-2323","10":"first","11":"instock","12":"shipping-taxable","13":"purchasable","14":"product-type-simple"},"_links":{"self":[{"href":"https:\/\/brandss.com.py\/index\/wp-json\/wp\/v2\/product\/82718","targetHints":{"allow":["GET"]}}],"collection":[{"href":"https:\/\/brandss.com.py\/index\/wp-json\/wp\/v2\/product"}],"about":[{"href":"https:\/\/brandss.com.py\/index\/wp-json\/wp\/v2\/types\/product"}],"replies":[{"embeddable":true,"href":"https:\/\/brandss.com.py\/index\/wp-json\/wp\/v2\/comments?post=82718"}],"version-history":[{"count":1,"href":"https:\/\/brandss.com.py\/index\/wp-json\/wp\/v2\/product\/82718\/revisions"}],"predecessor-version":[{"id":82724,"href":"https:\/\/brandss.com.py\/index\/wp-json\/wp\/v2\/product\/82718\/revisions\/82724"}],"wp:featuredmedia":[{"embeddable":true,"href":"https:\/\/brandss.com.py\/index\/wp-json\/wp\/v2\/media\/82719"}],"wp:attachment":[{"href":"https:\/\/brandss.com.py\/index\/wp-json\/wp\/v2\/media?parent=82718"}],"wp:term":[{"taxonomy":"product_brand","embeddable":true,"href":"https:\/\/brandss.com.py\/index\/wp-json\/wp\/v2\/product_brand?post=82718"},{"taxonomy":"product_cat","embeddable":true,"href":"https:\/\/brandss.com.py\/index\/wp-json\/wp\/v2\/product_cat?post=82718"},{"taxonomy":"product_tag","embeddable":true,"href":"https:\/\/brandss.com.py\/index\/wp-json\/wp\/v2\/product_tag?post=82718"}],"curies":[{"name":"wp","href":"https:\/\/api.w.org\/{rel}","templated":true}]}}