{"id":82725,"date":"2025-05-23T16:54:38","date_gmt":"2025-05-23T16:54:38","guid":{"rendered":"https:\/\/brandss.com.py\/index\/?post_type=product&#038;p=82725"},"modified":"2026-01-08T18:41:01","modified_gmt":"2026-01-08T18:41:01","slug":"calzado-deportivo-masculino-puma-attacanto-tt-de-suizo-2","status":"publish","type":"product","link":"https:\/\/brandss.com.py\/index\/producto\/calzado-deportivo-masculino-puma-attacanto-tt-de-suizo-2\/","title":{"rendered":"CALZADO DEPORTIVO MASCULINO PUMA  ATTACANTO TT DE SUIZO"},"content":{"rendered":"<p><img loading=\"lazy\" decoding=\"async\" class=\"\" src=\"https:\/\/1000marcas.net\/wp-content\/uploads\/2019\/12\/logo-Puma.png\" alt=\"Logo de Puma: la historia y el significado del logotipo, la marca y el s\u00edmbolo. | png, vector\" width=\"94\" height=\"47\" \/><\/p>\n<h1>ATTACANTO TT<\/h1>\n<div class=\"content text-body-normal-dark-regular\">\n<p>Presentamos los calzados Puma Attacanto TT, la combinaci\u00f3n perfecta de estilo y rendimiento para el atleta moderno. Estos calzados est\u00e1n dise\u00f1ados para mejorar tu juego en la cancha y mantenerte impecable fuera de ella.<\/p>\n<p>\u00a1Juega duro y gana f\u00e1cilmente! Con las incre\u00edbles\u00a0\u00a0Puma Attacanto TT alcanzar\u00e1s tu m\u00e1ximo potencial en el campo.\u00a0La parte superior pr\u00e1ctica est\u00e1 hecha de cuero ecol\u00f3gico, que es f\u00e1cil de limpiar y mantener. La estructura est\u00e1 construida para soportar el movimiento, independientemente de la direcci\u00f3n y la din\u00e1mica. El perfil bajo permite un rango completo de movimiento del tobillo. La leng\u00fceta fina de una sola capa se ajusta c\u00f3moda y c\u00f3modamente al pie para una mejor estabilidad.<\/p>\n<p>La suela est\u00e1 especialmente dise\u00f1ada para proporcionar control de alta velocidad y estabilidad tanto en c\u00e9sped artificial como natural.<\/p>\n<p>&#8211; Construcci\u00f3n ligera y duradera<br \/>\n&#8211; Parte superior texturizada para un mejor control del bal\u00f3n<br \/>\n&#8211; Suela con tracci\u00f3n para un agarre superior en c\u00e9sped artificial<br \/>\n&#8211; Cierre con cordones para un ajuste seguro<br \/>\n&#8211; Marca Puma para un estilo superior.<\/p>\n<p>Recomendadas para futbolistas, atletas y cualquiera que busque unas zapatillas deportivas elegantes y funcionales.<\/p>\n<p>Lleva tu juego al siguiente nivel con las zapatillas Puma Attacanto TT<\/p>\n<p><strong>Color: <\/strong>\u00a0Azul.<\/p>\n<p><strong>Composici\u00f3n:<\/strong> Parte exterior &#8211; ecopiel, Parte interior &#8211; textil.<\/p>\n<p><strong>Modelo:<\/strong> 107478-09.<\/p>\n<\/div>\n","protected":false},"excerpt":{"rendered":"<p>ATTACANTO TT Presentamos los calzados Puma Attacanto TT, la combinaci\u00f3n perfecta de estilo y rendimiento para el atleta moderno. Estos<\/p>\n","protected":false},"featured_media":82727,"comment_status":"open","ping_status":"closed","template":"","meta":{"nf_dc_page":""},"product_brand":[2306],"product_cat":[76],"product_tag":[2325],"class_list":{"0":"post-82725","1":"product","2":"type-product","3":"status-publish","4":"has-post-thumbnail","6":"product_brand-puma","7":"product_cat-masculino","8":"product_tag-2325","10":"first","11":"instock","12":"sale","13":"shipping-taxable","14":"purchasable","15":"product-type-simple"},"_links":{"self":[{"href":"https:\/\/brandss.com.py\/index\/wp-json\/wp\/v2\/product\/82725","targetHints":{"allow":["GET"]}}],"collection":[{"href":"https:\/\/brandss.com.py\/index\/wp-json\/wp\/v2\/product"}],"about":[{"href":"https:\/\/brandss.com.py\/index\/wp-json\/wp\/v2\/types\/product"}],"replies":[{"embeddable":true,"href":"https:\/\/brandss.com.py\/index\/wp-json\/wp\/v2\/comments?post=82725"}],"version-history":[{"count":2,"href":"https:\/\/brandss.com.py\/index\/wp-json\/wp\/v2\/product\/82725\/revisions"}],"predecessor-version":[{"id":82733,"href":"https:\/\/brandss.com.py\/index\/wp-json\/wp\/v2\/product\/82725\/revisions\/82733"}],"wp:featuredmedia":[{"embeddable":true,"href":"https:\/\/brandss.com.py\/index\/wp-json\/wp\/v2\/media\/82727"}],"wp:attachment":[{"href":"https:\/\/brandss.com.py\/index\/wp-json\/wp\/v2\/media?parent=82725"}],"wp:term":[{"taxonomy":"product_brand","embeddable":true,"href":"https:\/\/brandss.com.py\/index\/wp-json\/wp\/v2\/product_brand?post=82725"},{"taxonomy":"product_cat","embeddable":true,"href":"https:\/\/brandss.com.py\/index\/wp-json\/wp\/v2\/product_cat?post=82725"},{"taxonomy":"product_tag","embeddable":true,"href":"https:\/\/brandss.com.py\/index\/wp-json\/wp\/v2\/product_tag?post=82725"}],"curies":[{"name":"wp","href":"https:\/\/api.w.org\/{rel}","templated":true}]}}