{"id":82734,"date":"2025-05-23T17:55:13","date_gmt":"2025-05-23T17:55:13","guid":{"rendered":"https:\/\/brandss.com.py\/index\/?post_type=product&#038;p=82734"},"modified":"2025-05-23T17:57:08","modified_gmt":"2025-05-23T17:57:08","slug":"calzado-deportivo-masculino-puma-attacanto-it-de-futsal-2","status":"publish","type":"product","link":"https:\/\/brandss.com.py\/index\/producto\/calzado-deportivo-masculino-puma-attacanto-it-de-futsal-2\/","title":{"rendered":"CALZADO DEPORTIVO MASCULINO PUMA ATTACANTO IT DE FUTSAL"},"content":{"rendered":"<p><img loading=\"lazy\" decoding=\"async\" class=\"\" src=\"https:\/\/1000marcas.net\/wp-content\/uploads\/2019\/12\/logo-Puma.png\" alt=\"Logo de Puma: la historia y el significado del logotipo, la marca y el  s\u00edmbolo. | png, vector\" width=\"121\" height=\"60\" \/><\/p>\n<h1>ATTACANTO IT<\/h1>\n<h2 class=\"main-title\"><strong>Tenis de f\u00fatbol verde para dominar el campo en primavera-verano<\/strong><\/h2>\n<p>Dise\u00f1ados para el jugador que busca la victoria, estos tenis deportivos cuentan con una horma normal y un material sint\u00e9tico que garantiza comodidad y soporte en cada jugada. Su suela de caucho ofrece tracci\u00f3n excepcional. Con impermeabilidad en su tela, estos tenis te mantienen seco en cualquier condici\u00f3n. Su estilo vibrante no solo resalta en el campo, sino que tambi\u00e9n te impulsa a dar lo mejor de ti en cada partido.<\/p>\n<h4>DETALLES<\/h4>\n<ul>\n<li>Bota baja.<\/li>\n<li>Cordones.<\/li>\n<li>Parte superior sint\u00e9tica con forro suave que se adapta al pie.<\/li>\n<li>Suela de caucho para uso en interiores que no deja marcas. Adecuada para uso en superficies interiores.<\/li>\n<li>ES: Entrenamiento en interiores.<\/li>\n<li>Ajuste regular.<\/li>\n<li>Color: Verde.<\/li>\n<li>Modelo: 107479-10.<\/li>\n<\/ul>\n","protected":false},"excerpt":{"rendered":"<p>ATTACANTO IT Tenis de f\u00fatbol verde para dominar el campo en primavera-verano Dise\u00f1ados para el jugador que busca la victoria,<\/p>\n","protected":false},"featured_media":82735,"comment_status":"open","ping_status":"closed","template":"","meta":{"nf_dc_page":""},"product_brand":[],"product_cat":[76],"product_tag":[],"class_list":{"0":"post-82734","1":"product","2":"type-product","3":"status-publish","4":"has-post-thumbnail","6":"product_cat-masculino","8":"first","9":"instock","10":"shipping-taxable","11":"purchasable","12":"product-type-simple"},"_links":{"self":[{"href":"https:\/\/brandss.com.py\/index\/wp-json\/wp\/v2\/product\/82734","targetHints":{"allow":["GET"]}}],"collection":[{"href":"https:\/\/brandss.com.py\/index\/wp-json\/wp\/v2\/product"}],"about":[{"href":"https:\/\/brandss.com.py\/index\/wp-json\/wp\/v2\/types\/product"}],"replies":[{"embeddable":true,"href":"https:\/\/brandss.com.py\/index\/wp-json\/wp\/v2\/comments?post=82734"}],"version-history":[{"count":1,"href":"https:\/\/brandss.com.py\/index\/wp-json\/wp\/v2\/product\/82734\/revisions"}],"predecessor-version":[{"id":82742,"href":"https:\/\/brandss.com.py\/index\/wp-json\/wp\/v2\/product\/82734\/revisions\/82742"}],"wp:featuredmedia":[{"embeddable":true,"href":"https:\/\/brandss.com.py\/index\/wp-json\/wp\/v2\/media\/82735"}],"wp:attachment":[{"href":"https:\/\/brandss.com.py\/index\/wp-json\/wp\/v2\/media?parent=82734"}],"wp:term":[{"taxonomy":"product_brand","embeddable":true,"href":"https:\/\/brandss.com.py\/index\/wp-json\/wp\/v2\/product_brand?post=82734"},{"taxonomy":"product_cat","embeddable":true,"href":"https:\/\/brandss.com.py\/index\/wp-json\/wp\/v2\/product_cat?post=82734"},{"taxonomy":"product_tag","embeddable":true,"href":"https:\/\/brandss.com.py\/index\/wp-json\/wp\/v2\/product_tag?post=82734"}],"curies":[{"name":"wp","href":"https:\/\/api.w.org\/{rel}","templated":true}]}}