{"id":82743,"date":"2025-05-23T18:35:01","date_gmt":"2025-05-23T18:35:01","guid":{"rendered":"https:\/\/brandss.com.py\/index\/?post_type=product&#038;p=82743"},"modified":"2026-01-09T10:59:37","modified_gmt":"2026-01-09T10:59:37","slug":"camiseta-deportivo-masculino-under-armour-tech-2-0-mangas-cortas","status":"publish","type":"product","link":"https:\/\/brandss.com.py\/index\/producto\/camiseta-deportivo-masculino-under-armour-tech-2-0-mangas-cortas\/","title":{"rendered":"CAMISETA DEPORTIVO MASCULINO UNDER ARMOUR TECH 2.0 MANGAS CORTAS"},"content":{"rendered":"<p><img loading=\"lazy\" decoding=\"async\" class=\"\" src=\"https:\/\/upload.wikimedia.org\/wikipedia\/commons\/4\/44\/Under_armour_logo.svg\" alt=\"Archivo:Under armour logo.svg - Wikipedia, la enciclopedia libre\" width=\"104\" height=\"61\" \/><\/p>\n<h1>TECH 2.0<\/h1>\n<p>Es momento de romper las barreras con la nueva camiseta <strong>Tech 2.0<\/strong>\u00a0para hombre de la marca\u00a0<strong>Under Armour<\/strong>. Este modelo tiene una construcci\u00f3n con tela UA Tech para un secado r\u00e1pido, suave y natural. Tiene un ajuste ce\u00f1ido y un dobladillo con forma.<\/p>\n<p><span>\u00a1Prep\u00e1rate para llevar tu entrenamiento al siguiente nivel con la camiseta de entrenamiento de manga corta Under Armour Tech\u2122 2.0 para hombre! La camiseta de entrenamiento\u00a0<\/span><span>de manga corta para hombre<\/span><span>\u00a0cuenta con material UA Tech\u2122 que se seca r\u00e1pidamente, es ultra suave y se siente natural en la piel. El logotipo de UA completa el look de entrenamiento.<\/span><\/p>\n<h3><span>Caracter\u00edsticas:<\/span><\/h3>\n<ul>\n<li><span>El material UA Tech\u2122 se seca r\u00e1pidamente, es ultrasuave y se siente natural en la piel.<\/span><\/li>\n<li><span>Material que absorbe el sudor y se seca r\u00e1pidamente.<\/span><\/li>\n<li><span>Tecnolog\u00eda que previene el crecimiento de microorganismos.<\/span><\/li>\n<li><span>Nuevo ajuste aerodin\u00e1mico y acabado modificado.<\/span><\/li>\n<li><span>Ajuste holgado.<\/span><\/li>\n<li><span>Composici\u00f3n: 100% poli\u00e9ster.<\/span><\/li>\n<li>Color: Verde.<\/li>\n<li>Modelo: 1326413-449.<\/li>\n<\/ul>\n<p>Es tu momento, compra ahora la nueva camiseta Tech 2.0.<\/p>\n","protected":false},"excerpt":{"rendered":"<p>TECH 2.0 Es momento de romper las barreras con la nueva camiseta Tech 2.0\u00a0para hombre de la marca\u00a0Under Armour. Este<\/p>\n","protected":false},"featured_media":82744,"comment_status":"open","ping_status":"closed","template":"","meta":{"nf_dc_page":""},"product_brand":[2332],"product_cat":[76],"product_tag":[2334],"class_list":{"0":"post-82743","1":"product","2":"type-product","3":"status-publish","4":"has-post-thumbnail","6":"product_brand-under-armour","7":"product_cat-masculino","8":"product_tag-2334","10":"first","11":"outofstock","12":"shipping-taxable","13":"purchasable","14":"product-type-simple"},"_links":{"self":[{"href":"https:\/\/brandss.com.py\/index\/wp-json\/wp\/v2\/product\/82743","targetHints":{"allow":["GET"]}}],"collection":[{"href":"https:\/\/brandss.com.py\/index\/wp-json\/wp\/v2\/product"}],"about":[{"href":"https:\/\/brandss.com.py\/index\/wp-json\/wp\/v2\/types\/product"}],"replies":[{"embeddable":true,"href":"https:\/\/brandss.com.py\/index\/wp-json\/wp\/v2\/comments?post=82743"}],"version-history":[{"count":1,"href":"https:\/\/brandss.com.py\/index\/wp-json\/wp\/v2\/product\/82743\/revisions"}],"predecessor-version":[{"id":82749,"href":"https:\/\/brandss.com.py\/index\/wp-json\/wp\/v2\/product\/82743\/revisions\/82749"}],"wp:featuredmedia":[{"embeddable":true,"href":"https:\/\/brandss.com.py\/index\/wp-json\/wp\/v2\/media\/82744"}],"wp:attachment":[{"href":"https:\/\/brandss.com.py\/index\/wp-json\/wp\/v2\/media?parent=82743"}],"wp:term":[{"taxonomy":"product_brand","embeddable":true,"href":"https:\/\/brandss.com.py\/index\/wp-json\/wp\/v2\/product_brand?post=82743"},{"taxonomy":"product_cat","embeddable":true,"href":"https:\/\/brandss.com.py\/index\/wp-json\/wp\/v2\/product_cat?post=82743"},{"taxonomy":"product_tag","embeddable":true,"href":"https:\/\/brandss.com.py\/index\/wp-json\/wp\/v2\/product_tag?post=82743"}],"curies":[{"name":"wp","href":"https:\/\/api.w.org\/{rel}","templated":true}]}}