{"id":82756,"date":"2025-05-23T19:06:25","date_gmt":"2025-05-23T19:06:25","guid":{"rendered":"https:\/\/brandss.com.py\/index\/?post_type=product&#038;p=82756"},"modified":"2026-01-09T11:02:00","modified_gmt":"2026-01-09T11:02:00","slug":"camiseta-deportivo-masculino-under-armour-tech-2-0-mangas-cortas-3","status":"publish","type":"product","link":"https:\/\/brandss.com.py\/index\/producto\/camiseta-deportivo-masculino-under-armour-tech-2-0-mangas-cortas-3\/","title":{"rendered":"CAMISETA DEPORTIVO MASCULINO UNDER ARMOUR TECH 2.0 MANGAS CORTAS"},"content":{"rendered":"<p><img loading=\"lazy\" decoding=\"async\" class=\"\" src=\"https:\/\/upload.wikimedia.org\/wikipedia\/commons\/4\/44\/Under_armour_logo.svg\" alt=\"Archivo:Under armour logo.svg - Wikipedia, la enciclopedia libre\" width=\"107\" height=\"63\" \/><\/p>\n<h1>TECH 2.0<\/h1>\n<p style=\"font-weight: 100\">UA Tech\u2122 es nuestra prenda de entrenamiento original: holgada, ligera y te mantiene fresco. Por eso, esta camiseta de entrenamiento para hombre es todo lo que necesitas.<\/p>\n<h3 style=\"font-weight: 100\"><strong>Caracter\u00edsticas:<\/strong><\/h3>\n<ul style=\"font-weight: 100\">\n<li>La tela UA Tech\u2122 se seca r\u00e1pidamente, es ultra suave y tiene una sensaci\u00f3n m\u00e1s natural.<\/li>\n<li>El material absorbe el sudor y se seca muy r\u00e1pido.<\/li>\n<li>Nuevo ajuste estilizado y dobladillo moldeado.<\/li>\n<li>La tela del cuerpo principal contiene al menos un 90 %* de poli\u00e9ster reciclado, excluyendo adornos y ribetes.<\/li>\n<li>Suelto: Corte m\u00e1s completo para una comodidad total.<\/li>\n<li>Color: Naranja.<\/li>\n<li>Modelo: 1326413-840.<\/li>\n<\/ul>\n","protected":false},"excerpt":{"rendered":"<p>TECH 2.0 UA Tech\u2122 es nuestra prenda de entrenamiento original: holgada, ligera y te mantiene fresco. Por eso, esta camiseta<\/p>\n","protected":false},"featured_media":82757,"comment_status":"open","ping_status":"closed","template":"","meta":{"nf_dc_page":""},"product_brand":[2332],"product_cat":[76],"product_tag":[2336],"class_list":{"0":"post-82756","1":"product","2":"type-product","3":"status-publish","4":"has-post-thumbnail","6":"product_brand-under-armour","7":"product_cat-masculino","8":"product_tag-1326413-840","10":"first","11":"instock","12":"shipping-taxable","13":"purchasable","14":"product-type-simple"},"_links":{"self":[{"href":"https:\/\/brandss.com.py\/index\/wp-json\/wp\/v2\/product\/82756","targetHints":{"allow":["GET"]}}],"collection":[{"href":"https:\/\/brandss.com.py\/index\/wp-json\/wp\/v2\/product"}],"about":[{"href":"https:\/\/brandss.com.py\/index\/wp-json\/wp\/v2\/types\/product"}],"replies":[{"embeddable":true,"href":"https:\/\/brandss.com.py\/index\/wp-json\/wp\/v2\/comments?post=82756"}],"version-history":[{"count":1,"href":"https:\/\/brandss.com.py\/index\/wp-json\/wp\/v2\/product\/82756\/revisions"}],"predecessor-version":[{"id":82761,"href":"https:\/\/brandss.com.py\/index\/wp-json\/wp\/v2\/product\/82756\/revisions\/82761"}],"wp:featuredmedia":[{"embeddable":true,"href":"https:\/\/brandss.com.py\/index\/wp-json\/wp\/v2\/media\/82757"}],"wp:attachment":[{"href":"https:\/\/brandss.com.py\/index\/wp-json\/wp\/v2\/media?parent=82756"}],"wp:term":[{"taxonomy":"product_brand","embeddable":true,"href":"https:\/\/brandss.com.py\/index\/wp-json\/wp\/v2\/product_brand?post=82756"},{"taxonomy":"product_cat","embeddable":true,"href":"https:\/\/brandss.com.py\/index\/wp-json\/wp\/v2\/product_cat?post=82756"},{"taxonomy":"product_tag","embeddable":true,"href":"https:\/\/brandss.com.py\/index\/wp-json\/wp\/v2\/product_tag?post=82756"}],"curies":[{"name":"wp","href":"https:\/\/api.w.org\/{rel}","templated":true}]}}