{"id":82762,"date":"2025-05-24T11:11:32","date_gmt":"2025-05-24T11:11:32","guid":{"rendered":"https:\/\/brandss.com.py\/index\/?post_type=product&#038;p=82762"},"modified":"2026-01-09T11:07:31","modified_gmt":"2026-01-09T11:07:31","slug":"camiseta-deportivo-masculino-under-armour-sportstyle-left-chest-mangas-cortas","status":"publish","type":"product","link":"https:\/\/brandss.com.py\/index\/producto\/camiseta-deportivo-masculino-under-armour-sportstyle-left-chest-mangas-cortas\/","title":{"rendered":"CAMISETA DEPORTIVO MASCULINO UNDER ARMOUR SPORTSTYLE LEFT CHEST MANGAS CORTAS"},"content":{"rendered":"<p><img loading=\"lazy\" decoding=\"async\" class=\"\" src=\"https:\/\/upload.wikimedia.org\/wikipedia\/commons\/4\/44\/Under_armour_logo.svg\" alt=\"Archivo:Under armour logo.svg - Wikipedia, la enciclopedia libre\" width=\"85\" height=\"50\" \/><\/p>\n<h1>SPORTSTYLE LEFT CHEST<\/h1>\n<p>\u00a1Esta camiseta es ideal para tu pr\u00f3ximo look diario!\u00a0Este top de\u00a0Under Armour\u00a0te ofrece\u00a0comodidad diaria\u00a0y un\u00a0tacto suave.\u00a0Es una prenda\u00a0imprescindible<span>\u00a0que no puede faltar en tu armario.<\/span><\/p>\n<p><span>Todo el mundo hace camisetas con estampados&#8230; pero Under Armour las hace mejores. La tela que usamos es ligera, suave y de secado r\u00e1pido.<\/span><\/p>\n<h3><span>Caracter\u00edsticas:<\/span><\/h3>\n<ul>\n<li><span>La tela de mezcla de algod\u00f3n s\u00faper suave brinda comodidad durante todo el d\u00eda.<\/span><\/li>\n<li><span>Cuello acanalado.<\/span><\/li>\n<li><span>Ajuste holgado.<\/span><\/li>\n<li><span>Composici\u00f3n: 60% Algod\u00f3n, 40% Poli\u00e9ster.<\/span><\/li>\n<li>Color: Burdeos.<\/li>\n<li>Modelo: 1326799-689.<\/li>\n<\/ul>\n","protected":false},"excerpt":{"rendered":"<p>SPORTSTYLE LEFT CHEST \u00a1Esta camiseta es ideal para tu pr\u00f3ximo look diario!\u00a0Este top de\u00a0Under Armour\u00a0te ofrece\u00a0comodidad diaria\u00a0y un\u00a0tacto suave.\u00a0Es una<\/p>\n","protected":false},"featured_media":82763,"comment_status":"open","ping_status":"closed","template":"","meta":{"nf_dc_page":""},"product_brand":[2332],"product_cat":[76],"product_tag":[2338],"class_list":{"0":"post-82762","1":"product","2":"type-product","3":"status-publish","4":"has-post-thumbnail","6":"product_brand-under-armour","7":"product_cat-masculino","8":"product_tag-2338","10":"first","11":"outofstock","12":"shipping-taxable","13":"purchasable","14":"product-type-simple"},"_links":{"self":[{"href":"https:\/\/brandss.com.py\/index\/wp-json\/wp\/v2\/product\/82762","targetHints":{"allow":["GET"]}}],"collection":[{"href":"https:\/\/brandss.com.py\/index\/wp-json\/wp\/v2\/product"}],"about":[{"href":"https:\/\/brandss.com.py\/index\/wp-json\/wp\/v2\/types\/product"}],"replies":[{"embeddable":true,"href":"https:\/\/brandss.com.py\/index\/wp-json\/wp\/v2\/comments?post=82762"}],"version-history":[{"count":1,"href":"https:\/\/brandss.com.py\/index\/wp-json\/wp\/v2\/product\/82762\/revisions"}],"predecessor-version":[{"id":82767,"href":"https:\/\/brandss.com.py\/index\/wp-json\/wp\/v2\/product\/82762\/revisions\/82767"}],"wp:featuredmedia":[{"embeddable":true,"href":"https:\/\/brandss.com.py\/index\/wp-json\/wp\/v2\/media\/82763"}],"wp:attachment":[{"href":"https:\/\/brandss.com.py\/index\/wp-json\/wp\/v2\/media?parent=82762"}],"wp:term":[{"taxonomy":"product_brand","embeddable":true,"href":"https:\/\/brandss.com.py\/index\/wp-json\/wp\/v2\/product_brand?post=82762"},{"taxonomy":"product_cat","embeddable":true,"href":"https:\/\/brandss.com.py\/index\/wp-json\/wp\/v2\/product_cat?post=82762"},{"taxonomy":"product_tag","embeddable":true,"href":"https:\/\/brandss.com.py\/index\/wp-json\/wp\/v2\/product_tag?post=82762"}],"curies":[{"name":"wp","href":"https:\/\/api.w.org\/{rel}","templated":true}]}}