{"id":82774,"date":"2025-05-24T11:45:10","date_gmt":"2025-05-24T11:45:10","guid":{"rendered":"https:\/\/brandss.com.py\/index\/?post_type=product&#038;p=82774"},"modified":"2026-01-09T11:24:46","modified_gmt":"2026-01-09T11:24:46","slug":"camiseta-deportivo-masculino-under-armour-left-chest-sin-mangas","status":"publish","type":"product","link":"https:\/\/brandss.com.py\/index\/producto\/camiseta-deportivo-masculino-under-armour-left-chest-sin-mangas\/","title":{"rendered":"CAMISETA DEPORTIVO MASCULINO UNDER ARMOUR LEFT CHEST SIN MANGAS"},"content":{"rendered":"<p><img loading=\"lazy\" decoding=\"async\" class=\"\" src=\"https:\/\/upload.wikimedia.org\/wikipedia\/commons\/4\/44\/Under_armour_logo.svg\" alt=\"Archivo:Under armour logo.svg - Wikipedia, la enciclopedia libre\" width=\"125\" height=\"73\" \/><\/p>\n<h1>LEFT CHEST<\/h1>\n<p>Todo el mundo puede hacer poleras gr\u00e1ficas&#8230; pero Under Armour las hace mejores. El tejido que utilizamos es ligero, suave y de secado r\u00e1pido.<\/p>\n<h3>Caracter\u00edsticas:<\/h3>\n<ul class=\"nweb__bullets-lista\">\n<li>La tela de mezcla de algod\u00f3n s\u00faper suave brinda comodidad durante todo el d\u00eda.<\/li>\n<li>Sisas amplias de estilo recortado para mayor movilidad y rango de movimiento.<\/li>\n<li>Cuello acanalado.<\/li>\n<li>Modelo: 1329286-035.<\/li>\n<li>Color: Gris.<\/li>\n<li>Importado.<\/li>\n<li>Tipo de Manga: Sin Mangas.<\/li>\n<li>Tipo de Cuello: Redondo.<\/li>\n<li>Corte: Regular.<\/li>\n<li>Composici\u00f3n: 60% Algodon,40% Poliester.<\/li>\n<\/ul>\n","protected":false},"excerpt":{"rendered":"<p>LEFT CHEST Todo el mundo puede hacer poleras gr\u00e1ficas&#8230; pero Under Armour las hace mejores. El tejido que utilizamos es<\/p>\n","protected":false},"featured_media":82775,"comment_status":"open","ping_status":"closed","template":"","meta":{"nf_dc_page":""},"product_brand":[2332],"product_cat":[76],"product_tag":[2340],"class_list":{"0":"post-82774","1":"product","2":"type-product","3":"status-publish","4":"has-post-thumbnail","6":"product_brand-under-armour","7":"product_cat-masculino","8":"product_tag-1329286-035","10":"first","11":"instock","12":"shipping-taxable","13":"purchasable","14":"product-type-simple"},"_links":{"self":[{"href":"https:\/\/brandss.com.py\/index\/wp-json\/wp\/v2\/product\/82774","targetHints":{"allow":["GET"]}}],"collection":[{"href":"https:\/\/brandss.com.py\/index\/wp-json\/wp\/v2\/product"}],"about":[{"href":"https:\/\/brandss.com.py\/index\/wp-json\/wp\/v2\/types\/product"}],"replies":[{"embeddable":true,"href":"https:\/\/brandss.com.py\/index\/wp-json\/wp\/v2\/comments?post=82774"}],"version-history":[{"count":1,"href":"https:\/\/brandss.com.py\/index\/wp-json\/wp\/v2\/product\/82774\/revisions"}],"predecessor-version":[{"id":82781,"href":"https:\/\/brandss.com.py\/index\/wp-json\/wp\/v2\/product\/82774\/revisions\/82781"}],"wp:featuredmedia":[{"embeddable":true,"href":"https:\/\/brandss.com.py\/index\/wp-json\/wp\/v2\/media\/82775"}],"wp:attachment":[{"href":"https:\/\/brandss.com.py\/index\/wp-json\/wp\/v2\/media?parent=82774"}],"wp:term":[{"taxonomy":"product_brand","embeddable":true,"href":"https:\/\/brandss.com.py\/index\/wp-json\/wp\/v2\/product_brand?post=82774"},{"taxonomy":"product_cat","embeddable":true,"href":"https:\/\/brandss.com.py\/index\/wp-json\/wp\/v2\/product_cat?post=82774"},{"taxonomy":"product_tag","embeddable":true,"href":"https:\/\/brandss.com.py\/index\/wp-json\/wp\/v2\/product_tag?post=82774"}],"curies":[{"name":"wp","href":"https:\/\/api.w.org\/{rel}","templated":true}]}}