{"id":82806,"date":"2025-05-24T14:11:21","date_gmt":"2025-05-24T14:11:21","guid":{"rendered":"https:\/\/brandss.com.py\/index\/?post_type=product&#038;p=82806"},"modified":"2026-01-09T11:43:40","modified_gmt":"2026-01-09T11:43:40","slug":"short-deportivo-femenino-under-armour-heartgear-de-tiro-medio","status":"publish","type":"product","link":"https:\/\/brandss.com.py\/index\/producto\/short-deportivo-femenino-under-armour-heartgear-de-tiro-medio\/","title":{"rendered":"SHORT DEPORTIVO FEMENINO UNDER ARMOUR HEARTGEAR DE TIRO MEDIO"},"content":{"rendered":"<p><img loading=\"lazy\" decoding=\"async\" class=\"\" src=\"https:\/\/upload.wikimedia.org\/wikipedia\/commons\/4\/44\/Under_armour_logo.svg\" alt=\"Archivo:Under armour logo.svg - Wikipedia, la enciclopedia libre\" width=\"109\" height=\"64\" \/><\/p>\n<h1>HEARTGEAR<\/h1>\n<p>HeatGear\u00ae Armour es nuestra capa base de rendimiento , la que te pones primero y te sacas al \u00faltimo.Es por esto que la hicimos m\u00e1s c\u00f3moda, absorbe el sudor y se estira de modo que puedas moverte sin importar lo que pase.<\/p>\n<h1 class=\"feature-benefits_label\"><span>Caracter\u00edsticas<\/span><\/h1>\n<ul class=\"feature-benefits_data\" role=\"list\">\n<li class=\"feature-benefits_list flex-grow \" role=\"listitem\"><span class=\"feature-icon-label\"><span>Estiramiento en 4 direcciones.<\/span><\/span><\/li>\n<li class=\"feature-benefits_list flex-grow \" role=\"listitem\"><span class=\"feature-icon-label\"><span>Sin rozaduras.<\/span><\/span><\/li>\n<li class=\"feature-benefits_list flex-grow \" role=\"listitem\"><span class=\"feature-icon-label\"><span>Secado r\u00e1pido.<\/span><\/span><\/li>\n<li class=\"feature-benefits_list flex-grow \" role=\"listitem\"><span class=\"feature-icon-label\"><span>Absorci\u00f3n.<\/span><\/span><\/li>\n<li class=\"feature-benefits_list flex-grow \" role=\"listitem\">Compresi\u00f3n: Corte ultra ajustado, de tipo segunda piel.<\/li>\n<li class=\"feature-benefits_list flex-grow \" role=\"listitem\">El material absorbe el sudor y se seca r\u00e1pidamente.<\/li>\n<li class=\"feature-benefits_list flex-grow \" role=\"listitem\">La confecci\u00f3n el\u00e1stica en cuatro direcciones ofrece mayor libertad de movimiento en todas las direcciones.<\/li>\n<li class=\"feature-benefits_list flex-grow \" role=\"listitem\">La tecnolog\u00eda antiolor evita la proliferaci\u00f3n de microbios que causan el mal olor.<\/li>\n<li class=\"feature-benefits_list flex-grow \" role=\"listitem\">Las costuras planas ergon\u00f3micas brindan un ajuste c\u00f3modo y sin rozaduras.<\/li>\n<li class=\"feature-benefits_list flex-grow \" role=\"listitem\">La pretina el\u00e1stica revestida de tiro medio se ajusta perfectamente a las caderas.<\/li>\n<li class=\"feature-benefits_list flex-grow \" role=\"listitem\">Color: Carb\u00f3n jaspeado claro\/negro.<\/li>\n<li class=\"feature-benefits_list flex-grow \" role=\"listitem\">Modelo: 1360938-019.<\/li>\n<li class=\"feature-benefits_list flex-grow \" role=\"listitem\">Tiro: 5&#8243;.<\/li>\n<li class=\"feature-benefits_list flex-grow \" role=\"listitem\">87% poli\u00e9ster \/ 13% elastano.<\/li>\n<\/ul>\n","protected":false},"excerpt":{"rendered":"<p>HEARTGEAR HeatGear\u00ae Armour es nuestra capa base de rendimiento , la que te pones primero y te sacas al \u00faltimo.Es<\/p>\n","protected":false},"featured_media":82807,"comment_status":"open","ping_status":"closed","template":"","meta":{"nf_dc_page":""},"product_brand":[2332],"product_cat":[73],"product_tag":[2344],"class_list":{"0":"post-82806","1":"product","2":"type-product","3":"status-publish","4":"has-post-thumbnail","6":"product_brand-under-armour","7":"product_cat-femenino","8":"product_tag-1360938-019","10":"first","11":"instock","12":"shipping-taxable","13":"purchasable","14":"product-type-simple"},"_links":{"self":[{"href":"https:\/\/brandss.com.py\/index\/wp-json\/wp\/v2\/product\/82806","targetHints":{"allow":["GET"]}}],"collection":[{"href":"https:\/\/brandss.com.py\/index\/wp-json\/wp\/v2\/product"}],"about":[{"href":"https:\/\/brandss.com.py\/index\/wp-json\/wp\/v2\/types\/product"}],"replies":[{"embeddable":true,"href":"https:\/\/brandss.com.py\/index\/wp-json\/wp\/v2\/comments?post=82806"}],"version-history":[{"count":2,"href":"https:\/\/brandss.com.py\/index\/wp-json\/wp\/v2\/product\/82806\/revisions"}],"predecessor-version":[{"id":82813,"href":"https:\/\/brandss.com.py\/index\/wp-json\/wp\/v2\/product\/82806\/revisions\/82813"}],"wp:featuredmedia":[{"embeddable":true,"href":"https:\/\/brandss.com.py\/index\/wp-json\/wp\/v2\/media\/82807"}],"wp:attachment":[{"href":"https:\/\/brandss.com.py\/index\/wp-json\/wp\/v2\/media?parent=82806"}],"wp:term":[{"taxonomy":"product_brand","embeddable":true,"href":"https:\/\/brandss.com.py\/index\/wp-json\/wp\/v2\/product_brand?post=82806"},{"taxonomy":"product_cat","embeddable":true,"href":"https:\/\/brandss.com.py\/index\/wp-json\/wp\/v2\/product_cat?post=82806"},{"taxonomy":"product_tag","embeddable":true,"href":"https:\/\/brandss.com.py\/index\/wp-json\/wp\/v2\/product_tag?post=82806"}],"curies":[{"name":"wp","href":"https:\/\/api.w.org\/{rel}","templated":true}]}}