{"id":82814,"date":"2025-05-24T14:31:02","date_gmt":"2025-05-24T14:31:02","guid":{"rendered":"https:\/\/brandss.com.py\/index\/?post_type=product&#038;p=82814"},"modified":"2026-01-09T11:45:20","modified_gmt":"2026-01-09T11:45:20","slug":"camiseta-deportivo-masculino-under-armour-heartgear-sin-mangas","status":"publish","type":"product","link":"https:\/\/brandss.com.py\/index\/producto\/camiseta-deportivo-masculino-under-armour-heartgear-sin-mangas\/","title":{"rendered":"CAMISETA DEPORTIVO MASCULINO UNDER ARMOUR HEARTGEAR SIN MANGAS"},"content":{"rendered":"<p><img loading=\"lazy\" decoding=\"async\" class=\"\" src=\"https:\/\/upload.wikimedia.org\/wikipedia\/commons\/4\/44\/Under_armour_logo.svg\" alt=\"Archivo:Under armour logo.svg - Wikipedia, la enciclopedia libre\" width=\"107\" height=\"63\" \/><\/p>\n<h1>HEARTGEAR<\/h1>\n<p>HeatGear\u00ae es nuestra capa base de alto rendimiento original: la que te pones primero y te quitas al final. Por eso, la hicimos extra c\u00f3moda absorbiendo el sudor y elastiz\u00e1ndola para que puedas moverte con libertad.<\/p>\n<h1 class=\"feature-benefits_label\"><span>Caracter\u00edsticas<\/span><\/h1>\n<ul class=\"feature-benefits_data\" role=\"list\">\n<li class=\"feature-benefits_list flex-grow \" role=\"listitem\"><span class=\"feature-icon-label\"><span>Secado r\u00e1pido.<\/span><\/span><\/li>\n<li class=\"feature-benefits_list flex-grow \" role=\"listitem\"><span class=\"feature-icon-label\"><span>Absorci\u00f3n de humedad.<\/span><\/span><\/li>\n<li class=\"feature-benefits_list flex-grow \" role=\"listitem\"><span class=\"feature-icon-label\"><span>Te mantiene fresco.<\/span><\/span><\/li>\n<li class=\"t-tabs_list\"><span><span>La tela superligera HeatGear\u00ae ofrece una cobertura superior sin apelmazarte.<\/span><\/span><\/li>\n<li class=\"t-tabs_list\"><span><span>Paneles de malla en axilas y espalda para una ventilaci\u00f3n estrat\u00e9gica.<\/span><\/span><\/li>\n<li class=\"t-tabs_list\"><span><span>El material absorbe el sudor y se seca muy r\u00e1pido.<\/span><\/span><\/li>\n<li class=\"t-tabs_list\"><span><span>El dise\u00f1o ergon\u00f3mico mantiene las costuras alejadas de las \u00e1reas de alta abrasi\u00f3n y aumenta la durabilidad.<\/span><\/span><\/li>\n<li class=\"t-tabs_list\"><span><span>Construcci\u00f3n h\u00edbrida de mangas ragl\u00e1n para mayor rango de movimiento y comodidad.<\/span><\/span><\/li>\n<li class=\"t-tabs_list\"><span><span>Modelo: 1361522-001.<\/span><\/span><\/li>\n<li>Color: Negro.<\/li>\n<li class=\"t-tabs_list\"><span><span>Etiqueta para casillero en la parte posterior del cuello para escribir sus iniciales o n\u00famero.<\/span><\/span><\/li>\n<li class=\"t-tabs_list\"><span><span>Cuerpo: 84% poli\u00e9ster\/16% elastano.<\/span><\/span><\/li>\n<li class=\"t-tabs_list\"><span><span>Malla: 92 % poli\u00e9ster\/8 % elastano.<\/span><\/span><\/li>\n<li class=\"t-tabs_list\"><span><span>Importado.<br \/>\n<\/span><\/span><\/p>\n<h4><span><br \/>\nAjuste y cuidado<\/span><\/h4>\n<\/li>\n<\/ul>\n<div class=\"g-tabs--desktop\"><\/div>\n<div class=\"b-product_description-items g-accordion--mobile g-tabs-content\">\n<div id=\"tab-3\" class=\"g-accordion-item g-tabs-pane tab-pane active\" role=\"tabpanel\" aria-labelledby=\"acc-3\">\n<div id=\"acc-3\" class=\"g-accordion-content collapse\">\n<ul class=\"t-tabs_data\">\n<li class=\"t-tabs_list\"><span class=\"t-bold_font\"><span>Compresi\u00f3n:\u00a0<\/span><\/span><span>\u00a0Ajuste ultra ajustado, como una segunda piel.<\/span><\/li>\n<li class=\"t-tabs_list\"><span>Lavar a m\u00e1quina con agua fr\u00eda y colores similares.<\/span><\/li>\n<li class=\"t-tabs_list\"><span>Utilice \u00fanicamente blanqueador sin cloro cuando sea necesario.<\/span><\/li>\n<li class=\"t-tabs_list\"><span>Secar en secadora a baja temperatura.<\/span><\/li>\n<li class=\"t-tabs_list\"><span>No planchar.<\/span><\/li>\n<li class=\"t-tabs_list\"><span>No utilizar suavizantes.<\/span><\/li>\n<li class=\"t-tabs_list\"><span>No lavar en seco.<\/span><\/li>\n<\/ul>\n<\/div>\n<\/div>\n<\/div>\n","protected":false},"excerpt":{"rendered":"<p>HEARTGEAR HeatGear\u00ae es nuestra capa base de alto rendimiento original: la que te pones primero y te quitas al final.<\/p>\n","protected":false},"featured_media":82821,"comment_status":"open","ping_status":"closed","template":"","meta":{"nf_dc_page":""},"product_brand":[2332],"product_cat":[76],"product_tag":[2345],"class_list":{"0":"post-82814","1":"product","2":"type-product","3":"status-publish","4":"has-post-thumbnail","6":"product_brand-under-armour","7":"product_cat-masculino","8":"product_tag-1361522-001","10":"first","11":"outofstock","12":"shipping-taxable","13":"purchasable","14":"product-type-simple"},"_links":{"self":[{"href":"https:\/\/brandss.com.py\/index\/wp-json\/wp\/v2\/product\/82814","targetHints":{"allow":["GET"]}}],"collection":[{"href":"https:\/\/brandss.com.py\/index\/wp-json\/wp\/v2\/product"}],"about":[{"href":"https:\/\/brandss.com.py\/index\/wp-json\/wp\/v2\/types\/product"}],"replies":[{"embeddable":true,"href":"https:\/\/brandss.com.py\/index\/wp-json\/wp\/v2\/comments?post=82814"}],"version-history":[{"count":1,"href":"https:\/\/brandss.com.py\/index\/wp-json\/wp\/v2\/product\/82814\/revisions"}],"predecessor-version":[{"id":82822,"href":"https:\/\/brandss.com.py\/index\/wp-json\/wp\/v2\/product\/82814\/revisions\/82822"}],"wp:featuredmedia":[{"embeddable":true,"href":"https:\/\/brandss.com.py\/index\/wp-json\/wp\/v2\/media\/82821"}],"wp:attachment":[{"href":"https:\/\/brandss.com.py\/index\/wp-json\/wp\/v2\/media?parent=82814"}],"wp:term":[{"taxonomy":"product_brand","embeddable":true,"href":"https:\/\/brandss.com.py\/index\/wp-json\/wp\/v2\/product_brand?post=82814"},{"taxonomy":"product_cat","embeddable":true,"href":"https:\/\/brandss.com.py\/index\/wp-json\/wp\/v2\/product_cat?post=82814"},{"taxonomy":"product_tag","embeddable":true,"href":"https:\/\/brandss.com.py\/index\/wp-json\/wp\/v2\/product_tag?post=82814"}],"curies":[{"name":"wp","href":"https:\/\/api.w.org\/{rel}","templated":true}]}}