{"id":82855,"date":"2025-05-24T18:30:06","date_gmt":"2025-05-24T18:30:06","guid":{"rendered":"https:\/\/brandss.com.py\/index\/?post_type=product&#038;p=82855"},"modified":"2026-01-09T13:13:19","modified_gmt":"2026-01-09T13:13:19","slug":"camiseta-deportivo-femenino-under-armour-motion-mangas-cortas","status":"publish","type":"product","link":"https:\/\/brandss.com.py\/index\/producto\/camiseta-deportivo-femenino-under-armour-motion-mangas-cortas\/","title":{"rendered":"CAMISETA DEPORTIVO FEMENINO UNDER ARMOUR MOTION MANGAS CORTAS"},"content":{"rendered":"<p><img loading=\"lazy\" decoding=\"async\" class=\"\" src=\"https:\/\/upload.wikimedia.org\/wikipedia\/commons\/4\/44\/Under_armour_logo.svg\" alt=\"Archivo:Under armour logo.svg - Wikipedia, la enciclopedia libre\" width=\"119\" height=\"70\" \/><\/p>\n<h1>MOTION<\/h1>\n<p><span>Esta tela especialmente dise\u00f1ada ofrece un tipo de suavidad \u00fanico que puede absorber el sudor como un campe\u00f3n. Es ligero, transpirable y listo para usar.<\/span><\/p>\n<ul class=\"underarmourbr-store-theme-6-x-descriptionListItemContentList\">\n<li><span>La tela ultra suave es transpirable y c\u00f3moda.<\/span><\/li>\n<li><span>El material el\u00e1stico en 4 direcciones se mueve mejor en todas las direcciones.<\/span><\/li>\n<li><span>Contra defectos de fabricaci\u00f3n.<\/span><\/li>\n<li><span>Importado.<\/span><\/li>\n<li>Composici\u00f3n:\u00a0<span><span>82% poli\u00e9ster y 18% elastano.<\/span><\/span><\/li>\n<li>Color: Lila Claro.<\/li>\n<li>Modelo: <span class=\"vtex-product-identifier-0-x-product-identifier__separator\">\u00a0<\/span><span class=\"vtex-product-identifier-0-x-product-identifier__value\">1379178-539.<\/span><\/li>\n<\/ul>\n","protected":false},"excerpt":{"rendered":"<p>MOTION Esta tela especialmente dise\u00f1ada ofrece un tipo de suavidad \u00fanico que puede absorber el sudor como un campe\u00f3n. Es<\/p>\n","protected":false},"featured_media":82856,"comment_status":"open","ping_status":"closed","template":"","meta":{"nf_dc_page":""},"product_brand":[2332],"product_cat":[73],"product_tag":[2361],"class_list":{"0":"post-82855","1":"product","2":"type-product","3":"status-publish","4":"has-post-thumbnail","6":"product_brand-under-armour","7":"product_cat-femenino","8":"product_tag-1379178-539","10":"first","11":"outofstock","12":"shipping-taxable","13":"purchasable","14":"product-type-simple"},"_links":{"self":[{"href":"https:\/\/brandss.com.py\/index\/wp-json\/wp\/v2\/product\/82855","targetHints":{"allow":["GET"]}}],"collection":[{"href":"https:\/\/brandss.com.py\/index\/wp-json\/wp\/v2\/product"}],"about":[{"href":"https:\/\/brandss.com.py\/index\/wp-json\/wp\/v2\/types\/product"}],"replies":[{"embeddable":true,"href":"https:\/\/brandss.com.py\/index\/wp-json\/wp\/v2\/comments?post=82855"}],"version-history":[{"count":1,"href":"https:\/\/brandss.com.py\/index\/wp-json\/wp\/v2\/product\/82855\/revisions"}],"predecessor-version":[{"id":82863,"href":"https:\/\/brandss.com.py\/index\/wp-json\/wp\/v2\/product\/82855\/revisions\/82863"}],"wp:featuredmedia":[{"embeddable":true,"href":"https:\/\/brandss.com.py\/index\/wp-json\/wp\/v2\/media\/82856"}],"wp:attachment":[{"href":"https:\/\/brandss.com.py\/index\/wp-json\/wp\/v2\/media?parent=82855"}],"wp:term":[{"taxonomy":"product_brand","embeddable":true,"href":"https:\/\/brandss.com.py\/index\/wp-json\/wp\/v2\/product_brand?post=82855"},{"taxonomy":"product_cat","embeddable":true,"href":"https:\/\/brandss.com.py\/index\/wp-json\/wp\/v2\/product_cat?post=82855"},{"taxonomy":"product_tag","embeddable":true,"href":"https:\/\/brandss.com.py\/index\/wp-json\/wp\/v2\/product_tag?post=82855"}],"curies":[{"name":"wp","href":"https:\/\/api.w.org\/{rel}","templated":true}]}}