{"id":82864,"date":"2025-05-24T18:44:28","date_gmt":"2025-05-24T18:44:28","guid":{"rendered":"https:\/\/brandss.com.py\/index\/?post_type=product&#038;p=82864"},"modified":"2026-01-09T13:16:08","modified_gmt":"2026-01-09T13:16:08","slug":"camiseta-deportivo-masculino-under-armour-curry-bobble-head-mangas-cortas","status":"publish","type":"product","link":"https:\/\/brandss.com.py\/index\/producto\/camiseta-deportivo-masculino-under-armour-curry-bobble-head-mangas-cortas\/","title":{"rendered":"CAMISETA DEPORTIVO MASCULINO UNDER ARMOUR CURRY BOBBLE HEAD MANGAS CORTAS"},"content":{"rendered":"<p><img loading=\"lazy\" decoding=\"async\" class=\"\" src=\"https:\/\/upload.wikimedia.org\/wikipedia\/commons\/4\/44\/Under_armour_logo.svg\" alt=\"Archivo:Under armour logo.svg - Wikipedia, la enciclopedia libre\" width=\"97\" height=\"57\" \/><\/p>\n<h1>CURRY BOBBLE HEAD<\/h1>\n<p><span>Todo lo que pongo con mi nombre tiene que ser bueno: tiene que ayudarte a jugar el juego y tiene que respaldar nuestra misi\u00f3n de cambiar el juego para siempre.- Stephen Curry. La tela de mezcla de algod\u00f3n s\u00faper suave proporciona comodidad durante todo el d\u00eda.\u00a0<\/span><\/p>\n<ul class=\"underarmourbr-store-theme-6-x-descriptionListItemContentList\">\n<li><span>Cuello acanalado.<\/span><\/li>\n<li><span>Lavar la ropa al rev\u00e9s.<\/span><\/li>\n<li><span>Lavar a m\u00e1quina con agua fr\u00eda y colores similares.<\/span><\/li>\n<li><span>Utilice \u00fanicamente blanqueador sin cloro cuando sea necesario.<\/span><\/li>\n<li><span>Secar en secadora a temperatura baja.<\/span><\/li>\n<li><span>No planchar.<\/span><\/li>\n<li><span>No utilice suavizantes de telas.<\/span><\/li>\n<li><span>No lavar en seco.<\/span><\/li>\n<li><span>Composici\u00f3n: 60% Algod\u00f3n\/40% Poli\u00e9ster<\/span><\/li>\n<li><span>Contra defectos de fabricaci\u00f3n.<\/span><\/li>\n<li><span>Importado.<\/span><\/li>\n<li>Color: Gris.<\/li>\n<li>Modelo: 1379859-035.<\/li>\n<\/ul>\n","protected":false},"excerpt":{"rendered":"<p>CURRY BOBBLE HEAD Todo lo que pongo con mi nombre tiene que ser bueno: tiene que ayudarte a jugar el<\/p>\n","protected":false},"featured_media":82865,"comment_status":"open","ping_status":"closed","template":"","meta":{"nf_dc_page":""},"product_brand":[2332],"product_cat":[76],"product_tag":[2363],"class_list":{"0":"post-82864","1":"product","2":"type-product","3":"status-publish","4":"has-post-thumbnail","6":"product_brand-under-armour","7":"product_cat-masculino","8":"product_tag-1379859-035","10":"first","11":"instock","12":"shipping-taxable","13":"purchasable","14":"product-type-simple"},"_links":{"self":[{"href":"https:\/\/brandss.com.py\/index\/wp-json\/wp\/v2\/product\/82864","targetHints":{"allow":["GET"]}}],"collection":[{"href":"https:\/\/brandss.com.py\/index\/wp-json\/wp\/v2\/product"}],"about":[{"href":"https:\/\/brandss.com.py\/index\/wp-json\/wp\/v2\/types\/product"}],"replies":[{"embeddable":true,"href":"https:\/\/brandss.com.py\/index\/wp-json\/wp\/v2\/comments?post=82864"}],"version-history":[{"count":1,"href":"https:\/\/brandss.com.py\/index\/wp-json\/wp\/v2\/product\/82864\/revisions"}],"predecessor-version":[{"id":82871,"href":"https:\/\/brandss.com.py\/index\/wp-json\/wp\/v2\/product\/82864\/revisions\/82871"}],"wp:featuredmedia":[{"embeddable":true,"href":"https:\/\/brandss.com.py\/index\/wp-json\/wp\/v2\/media\/82865"}],"wp:attachment":[{"href":"https:\/\/brandss.com.py\/index\/wp-json\/wp\/v2\/media?parent=82864"}],"wp:term":[{"taxonomy":"product_brand","embeddable":true,"href":"https:\/\/brandss.com.py\/index\/wp-json\/wp\/v2\/product_brand?post=82864"},{"taxonomy":"product_cat","embeddable":true,"href":"https:\/\/brandss.com.py\/index\/wp-json\/wp\/v2\/product_cat?post=82864"},{"taxonomy":"product_tag","embeddable":true,"href":"https:\/\/brandss.com.py\/index\/wp-json\/wp\/v2\/product_tag?post=82864"}],"curies":[{"name":"wp","href":"https:\/\/api.w.org\/{rel}","templated":true}]}}