{"id":82872,"date":"2025-05-24T19:04:51","date_gmt":"2025-05-24T19:04:51","guid":{"rendered":"https:\/\/brandss.com.py\/index\/?post_type=product&#038;p=82872"},"modified":"2026-01-09T13:18:01","modified_gmt":"2026-01-09T13:18:01","slug":"leggings-deportivo-femenino-under-armour-vanish-seamless","status":"publish","type":"product","link":"https:\/\/brandss.com.py\/index\/producto\/leggings-deportivo-femenino-under-armour-vanish-seamless\/","title":{"rendered":"LEGGINGS DEPORTIVO FEMENINO UNDER ARMOUR VANISH SEAMLESS"},"content":{"rendered":"<p><img loading=\"lazy\" decoding=\"async\" class=\"\" src=\"https:\/\/upload.wikimedia.org\/wikipedia\/commons\/4\/44\/Under_armour_logo.svg\" alt=\"Archivo:Under armour logo.svg - Wikipedia, la enciclopedia libre\" width=\"97\" height=\"57\" \/><\/p>\n<h1>VANISH SEAMLESS<\/h1>\n<p>Al utilizar niveles de malla asignados a tu cuerpo, obtienes ventilaci\u00f3n donde la necesitas, adem\u00e1s de la comodidad de menos costuras. Es pr\u00e1cticamente lo m\u00e1s c\u00f3modo con lo que jam\u00e1s entrenar\u00e1s.<\/p>\n<ul>\n<li>Tejido Knit suave con ventilaci\u00f3n de malla dise\u00f1ada, asignada a los lugares donde m\u00e1s lo necesitas.<\/li>\n<li>Dise\u00f1o casi sin costuras para eliminar rozaduras.<\/li>\n<li>El material el\u00e1stico en 4 direcciones se mueve mejor en todas las direcciones.<\/li>\n<li>El material absorbe el sudor y se seca muy r\u00e1pido.<\/li>\n<li>Cintura de talle alto para soporte y cobertura \u00f3ptimos.<\/li>\n<li>Material Exterior: 92% Nylon,8% El\u00e1stano.<\/li>\n<li>Color: Morado.<\/li>\n<li>Modelo: 1381662-539.\n<p><strong>Ajuste y cuidado<\/strong><\/li>\n<\/ul>\n<div class=\"vtex-tab-layout-0-x-listContainer flex w-100 flex-wrap justify-center\">\n<div class=\"vtex-tab-layout-0-x-listItem vtex-tab-layout-0-x-listItem--tab-desc-FitCare vtex-tab-layout-0-x-listItemActive vtex-tab-layout-0-x-listItemActive--tab-desc-FitCare ph2 pv2 ma2\">\n<div><\/div>\n<\/div>\n<\/div>\n<div class=\"vtex-tab-layout-0-x-contentContainer vtex-tab-layout-0-x-contentContainer--tab-content-desc w-100\">\n<div class=\"vtex-tab-layout-0-x-contentItem w-100\">\n<div class=\"underarmourcol-store-theme-7-x-productProperty undefined\">Lavar a m\u00e1quina fr\u00eda con colores similares.<\/div>\n<div class=\"underarmourcol-store-theme-7-x-productProperty undefined\">No usar blanqueador.<\/div>\n<div class=\"underarmourcol-store-theme-7-x-productProperty undefined\">Secar en secadora a baja temperatura.<\/div>\n<div class=\"underarmourcol-store-theme-7-x-productProperty undefined\">No planchar.<\/div>\n<div class=\"underarmourcol-store-theme-7-x-productProperty undefined\">No utilizar suavizantes.<\/div>\n<div class=\"underarmourcol-store-theme-7-x-productProperty undefined\">No lavar en seco.<\/div>\n<\/div>\n<\/div>\n","protected":false},"excerpt":{"rendered":"<p>VANISH SEAMLESS Al utilizar niveles de malla asignados a tu cuerpo, obtienes ventilaci\u00f3n donde la necesitas, adem\u00e1s de la comodidad<\/p>\n","protected":false},"featured_media":82873,"comment_status":"open","ping_status":"closed","template":"","meta":{"nf_dc_page":""},"product_brand":[2332],"product_cat":[73],"product_tag":[2364],"class_list":{"0":"post-82872","1":"product","2":"type-product","3":"status-publish","4":"has-post-thumbnail","6":"product_brand-under-armour","7":"product_cat-femenino","8":"product_tag-1381662-539","10":"first","11":"instock","12":"shipping-taxable","13":"purchasable","14":"product-type-simple"},"_links":{"self":[{"href":"https:\/\/brandss.com.py\/index\/wp-json\/wp\/v2\/product\/82872","targetHints":{"allow":["GET"]}}],"collection":[{"href":"https:\/\/brandss.com.py\/index\/wp-json\/wp\/v2\/product"}],"about":[{"href":"https:\/\/brandss.com.py\/index\/wp-json\/wp\/v2\/types\/product"}],"replies":[{"embeddable":true,"href":"https:\/\/brandss.com.py\/index\/wp-json\/wp\/v2\/comments?post=82872"}],"version-history":[{"count":1,"href":"https:\/\/brandss.com.py\/index\/wp-json\/wp\/v2\/product\/82872\/revisions"}],"predecessor-version":[{"id":82880,"href":"https:\/\/brandss.com.py\/index\/wp-json\/wp\/v2\/product\/82872\/revisions\/82880"}],"wp:featuredmedia":[{"embeddable":true,"href":"https:\/\/brandss.com.py\/index\/wp-json\/wp\/v2\/media\/82873"}],"wp:attachment":[{"href":"https:\/\/brandss.com.py\/index\/wp-json\/wp\/v2\/media?parent=82872"}],"wp:term":[{"taxonomy":"product_brand","embeddable":true,"href":"https:\/\/brandss.com.py\/index\/wp-json\/wp\/v2\/product_brand?post=82872"},{"taxonomy":"product_cat","embeddable":true,"href":"https:\/\/brandss.com.py\/index\/wp-json\/wp\/v2\/product_cat?post=82872"},{"taxonomy":"product_tag","embeddable":true,"href":"https:\/\/brandss.com.py\/index\/wp-json\/wp\/v2\/product_tag?post=82872"}],"curies":[{"name":"wp","href":"https:\/\/api.w.org\/{rel}","templated":true}]}}