{"id":82882,"date":"2025-05-26T11:27:44","date_gmt":"2025-05-26T11:27:44","guid":{"rendered":"https:\/\/brandss.com.py\/index\/?post_type=product&#038;p=82882"},"modified":"2026-01-09T13:24:28","modified_gmt":"2026-01-09T13:24:28","slug":"short-deportivo-femenino-under-armour-fly-by-3-black","status":"publish","type":"product","link":"https:\/\/brandss.com.py\/index\/producto\/short-deportivo-femenino-under-armour-fly-by-3-black\/","title":{"rendered":"SHORT DEPORTIVO FEMENINO UNDER ARMOUR FLY BY 3&#8221; BLACK"},"content":{"rendered":"<p><img loading=\"lazy\" decoding=\"async\" class=\"\" src=\"https:\/\/upload.wikimedia.org\/wikipedia\/commons\/thumb\/4\/44\/Under_armour_logo.svg\/1280px-Under_armour_logo.svg.png\" alt=\"Archivo:Under armour logo.svg - Wikipedia, la enciclopedia libre\" width=\"92\" height=\"54\" \/><\/p>\n<h1>FLY BY<\/h1>\n<div id=\"product_overview\" class=\"product_info-text has-divider full-width\">\n<div class=\"fixed-width\">\n<p><span>Lidera tus shorts con el pantal\u00f3n corto Fly By 3&#8243; para mujer. Estos shorts divididos cuentan con paneles de malla supertranspirables para una mejor ventilaci\u00f3n y un tejido ligero y duradero pensado para el rendimiento. Su suave cintura fruncida de tiro medio con cord\u00f3n interior y un ajuste holgado ofrece una comodidad \u00f3ptima, y \u200b\u200bun forro interior para mayor cobertura. Guarda tus llaves, identificaci\u00f3n o auriculares de forma segura en el discreto bolsillo con cremallera.<\/span><\/p>\n<h3 class=\"header_bestuse\"><span>Caracter\u00edsticas<\/span><\/h3>\n<div class=\"row bestuse\">\n<div class=\"col-6 col-md-4 bestuse-type\">\n<div class=\"row no-gutters\"><span>Ropa sostenible<\/span><\/div>\n<\/div>\n<div class=\"col-6 col-md-4 bestuse-type\">\n<div class=\"row no-gutters\"><span>Pierna dividida<\/span><\/div>\n<\/div>\n<\/div>\n<\/div>\n<\/div>\n<div id=\"product_details\" class=\"product_info-text has-divider full-width\">\n<h2><span>Detalles\u00a0<\/span><\/h2>\n<div class=\"fixed-width\">\n<p class=\"mb-3\"><b><span>Modelo:<\/span><\/b><span> 1382438-001.<\/span><\/p>\n<p><strong>Color:<\/strong> Negro.<\/p>\n<p><strong><span>Caracter\u00edsticas<\/span><\/strong><\/p>\n<ul>\n<li><span class=\"s1\"><span>Cintura media<\/span><\/span><span>\u00a0fruncida con cord\u00f3n interior<\/span><\/li>\n<li><span>Malla, divisiones ventiladas<\/span><\/li>\n<li><span>Paneles de malla s\u00faper transpirables<\/span><\/li>\n<li><span>Tejido ligero<\/span><\/li>\n<li><span>Forro interior incorporado<\/span><\/li>\n<li><span>Marca de logotipo reflectante<\/span><\/li>\n<li><span>Ajuste relajado<\/span><\/li>\n<li><span>Corte suelto y m\u00e1s completo para mayor comodidad.<\/span><\/li>\n<\/ul>\n<p><strong><span>Entrepierna<\/span><\/strong><\/p>\n<ul>\n<li><span>Largo de entrepierna de 3&#8243;<\/span><\/li>\n<\/ul>\n<p><strong><span>Almacenamiento<\/span><\/strong><\/p>\n<ul>\n<li><span>Un peque\u00f1o bolsillo con cremallera<\/span><\/li>\n<\/ul>\n<p><strong><span>Tela<\/span><\/strong><\/p>\n<ul>\n<li><span>Cuerpo: 100% poli\u00e9ster<\/span><\/li>\n<li><span>Forro: 100% poli\u00e9ster<\/span><\/li>\n<li class=\"li1\"><span>La tela del cuerpo principal contiene al menos un 90 % de poli\u00e9ster reciclado de textil a textil.<\/span><\/li>\n<li><span>Absorbe la humedad y se seca r\u00e1pidamente.<\/span><\/li>\n<\/ul>\n<\/div>\n<\/div>\n","protected":false},"excerpt":{"rendered":"<p>FLY BY Lidera tus shorts con el pantal\u00f3n corto Fly By 3&#8243; para mujer. Estos shorts divididos cuentan con paneles<\/p>\n","protected":false},"featured_media":82883,"comment_status":"open","ping_status":"closed","template":"","meta":{"nf_dc_page":""},"product_brand":[2332],"product_cat":[73],"product_tag":[2366],"class_list":{"0":"post-82882","1":"product","2":"type-product","3":"status-publish","4":"has-post-thumbnail","6":"product_brand-under-armour","7":"product_cat-femenino","8":"product_tag-1382438-001","10":"first","11":"outofstock","12":"shipping-taxable","13":"purchasable","14":"product-type-simple"},"_links":{"self":[{"href":"https:\/\/brandss.com.py\/index\/wp-json\/wp\/v2\/product\/82882","targetHints":{"allow":["GET"]}}],"collection":[{"href":"https:\/\/brandss.com.py\/index\/wp-json\/wp\/v2\/product"}],"about":[{"href":"https:\/\/brandss.com.py\/index\/wp-json\/wp\/v2\/types\/product"}],"replies":[{"embeddable":true,"href":"https:\/\/brandss.com.py\/index\/wp-json\/wp\/v2\/comments?post=82882"}],"version-history":[{"count":2,"href":"https:\/\/brandss.com.py\/index\/wp-json\/wp\/v2\/product\/82882\/revisions"}],"predecessor-version":[{"id":82891,"href":"https:\/\/brandss.com.py\/index\/wp-json\/wp\/v2\/product\/82882\/revisions\/82891"}],"wp:featuredmedia":[{"embeddable":true,"href":"https:\/\/brandss.com.py\/index\/wp-json\/wp\/v2\/media\/82883"}],"wp:attachment":[{"href":"https:\/\/brandss.com.py\/index\/wp-json\/wp\/v2\/media?parent=82882"}],"wp:term":[{"taxonomy":"product_brand","embeddable":true,"href":"https:\/\/brandss.com.py\/index\/wp-json\/wp\/v2\/product_brand?post=82882"},{"taxonomy":"product_cat","embeddable":true,"href":"https:\/\/brandss.com.py\/index\/wp-json\/wp\/v2\/product_cat?post=82882"},{"taxonomy":"product_tag","embeddable":true,"href":"https:\/\/brandss.com.py\/index\/wp-json\/wp\/v2\/product_tag?post=82882"}],"curies":[{"name":"wp","href":"https:\/\/api.w.org\/{rel}","templated":true}]}}