{"id":82892,"date":"2025-05-26T11:47:06","date_gmt":"2025-05-26T11:47:06","guid":{"rendered":"https:\/\/brandss.com.py\/index\/?post_type=product&#038;p=82892"},"modified":"2026-01-09T13:25:33","modified_gmt":"2026-01-09T13:25:33","slug":"short-deportivo-femenino-under-armour-fly-by-3-purple","status":"publish","type":"product","link":"https:\/\/brandss.com.py\/index\/producto\/short-deportivo-femenino-under-armour-fly-by-3-purple\/","title":{"rendered":"SHORT DEPORTIVO FEMENINO UNDER ARMOUR FLY BY 3\u201d PURPLE"},"content":{"rendered":"<p><img loading=\"lazy\" decoding=\"async\" class=\"\" src=\"https:\/\/upload.wikimedia.org\/wikipedia\/commons\/thumb\/4\/44\/Under_armour_logo.svg\/1280px-Under_armour_logo.svg.png\" alt=\"Archivo:Under armour logo.svg - Wikipedia, la enciclopedia libre\" width=\"92\" height=\"54\" \/><\/p>\n<h1>FLY BY<\/h1>\n<p>Cuando se trata de estos Shorts para correr, pensamos en todo: malla estrat\u00e9gica, un bolsillo para llaves y detalles reflectantes. Entonces, lo \u00fanico en lo que pensar\u00e1s es en ir m\u00e1s r\u00e1pido y por m\u00e1s tiempo.<\/p>\n<ul>\n<li>La tela tejida es liviana, c\u00f3moda y duradera.<\/li>\n<li>El material absorbe el sudor y se seca muy r\u00e1pido.<\/li>\n<li>Los paneles de malla s\u00faper respirables proporcionan una ventilaci\u00f3n mejorada.<\/li>\n<li>Breve incorporado para una cobertura mejorada.<\/li>\n<li>Cintura fruncida de talle medio con cord\u00f3n interno para m\u00e1xima comodidad.<\/li>\n<li>Bolsillo invisible con cierre en el lado derecho para auriculares, llaves o una tarjeta de cr\u00e9dito\/identificaci\u00f3n.<\/li>\n<li>La tela del cuerpo principal contiene al menos un 90 % de poli\u00e9ster reciclado, sin incluir adornos ni adornos.<\/li>\n<li>Modelo: 1382438-539.<\/li>\n<li>Color: Morado.<\/li>\n<li>Logotipo reflectante.<\/li>\n<li>Entrepierna: 3&#8243;.<\/li>\n<li>Bolsillos: S\u00ed.<\/li>\n<li>100% poli\u00e9ster.<\/li>\n<li>Importado.<br \/>\n<h4>Ajustes y cuidado<\/h4>\n<\/li>\n<\/ul>\n<nav class=\"TabHeaderNav TabHeaderItems\" data-tabsversion=\"0\"><\/nav>\n<article class=\"TabItem TabItem-2\">\n<div class=\"TabContent\">\n<ul>\n<li>Lavar con agua fr\u00eda y con colores similares.<\/li>\n<li>Utilice blanqueador sin cloro, solo cuando sea necesario.<\/li>\n<li>Secar en secadora a baja temperatura.<\/li>\n<li>No planchar.<\/li>\n<li>No utilices suavizantes.<\/li>\n<li>No lavar en seco.<\/li>\n<\/ul>\n<\/div>\n<\/article>\n","protected":false},"excerpt":{"rendered":"<p>FLY BY Cuando se trata de estos Shorts para correr, pensamos en todo: malla estrat\u00e9gica, un bolsillo para llaves y<\/p>\n","protected":false},"featured_media":82893,"comment_status":"open","ping_status":"closed","template":"","meta":{"nf_dc_page":""},"product_brand":[2332],"product_cat":[73],"product_tag":[2367],"class_list":{"0":"post-82892","1":"product","2":"type-product","3":"status-publish","4":"has-post-thumbnail","6":"product_brand-under-armour","7":"product_cat-femenino","8":"product_tag-1382438-539","10":"first","11":"outofstock","12":"shipping-taxable","13":"purchasable","14":"product-type-simple"},"_links":{"self":[{"href":"https:\/\/brandss.com.py\/index\/wp-json\/wp\/v2\/product\/82892","targetHints":{"allow":["GET"]}}],"collection":[{"href":"https:\/\/brandss.com.py\/index\/wp-json\/wp\/v2\/product"}],"about":[{"href":"https:\/\/brandss.com.py\/index\/wp-json\/wp\/v2\/types\/product"}],"replies":[{"embeddable":true,"href":"https:\/\/brandss.com.py\/index\/wp-json\/wp\/v2\/comments?post=82892"}],"version-history":[{"count":1,"href":"https:\/\/brandss.com.py\/index\/wp-json\/wp\/v2\/product\/82892\/revisions"}],"predecessor-version":[{"id":82899,"href":"https:\/\/brandss.com.py\/index\/wp-json\/wp\/v2\/product\/82892\/revisions\/82899"}],"wp:featuredmedia":[{"embeddable":true,"href":"https:\/\/brandss.com.py\/index\/wp-json\/wp\/v2\/media\/82893"}],"wp:attachment":[{"href":"https:\/\/brandss.com.py\/index\/wp-json\/wp\/v2\/media?parent=82892"}],"wp:term":[{"taxonomy":"product_brand","embeddable":true,"href":"https:\/\/brandss.com.py\/index\/wp-json\/wp\/v2\/product_brand?post=82892"},{"taxonomy":"product_cat","embeddable":true,"href":"https:\/\/brandss.com.py\/index\/wp-json\/wp\/v2\/product_cat?post=82892"},{"taxonomy":"product_tag","embeddable":true,"href":"https:\/\/brandss.com.py\/index\/wp-json\/wp\/v2\/product_tag?post=82892"}],"curies":[{"name":"wp","href":"https:\/\/api.w.org\/{rel}","templated":true}]}}