{"id":82912,"date":"2025-05-26T12:58:54","date_gmt":"2025-05-26T12:58:54","guid":{"rendered":"https:\/\/brandss.com.py\/index\/?post_type=product&#038;p=82912"},"modified":"2026-01-09T13:28:59","modified_gmt":"2026-01-09T13:28:59","slug":"camiseta-deportivo-femenino-under-armour-athletics-mangas-cortas","status":"publish","type":"product","link":"https:\/\/brandss.com.py\/index\/producto\/camiseta-deportivo-femenino-under-armour-athletics-mangas-cortas\/","title":{"rendered":"CAMISETA DEPORTIVO FEMENINO UNDER ARMOUR ATHLETICS MANGAS CORTAS"},"content":{"rendered":"<p><img loading=\"lazy\" decoding=\"async\" class=\"\" src=\"https:\/\/upload.wikimedia.org\/wikipedia\/commons\/thumb\/4\/44\/Under_armour_logo.svg\/1280px-Under_armour_logo.svg.png\" alt=\"Archivo:Under armour logo.svg - Wikipedia, la enciclopedia libre\" width=\"118\" height=\"69\" \/><\/p>\n<h1>ATHLETICS<\/h1>\n<p><span>Todo el mundo hace camisetas con gr\u00e1ficos&#8230; pero Under Armour las hace mejores. El tejido que utilizamos es ligero, suave y de secado r\u00e1pido. &#8220;UA Tech\u2122 es nuestro equipo de entrenamiento original indispensable: brinda holganza, ligereza y mantiene la frescura. Es todo lo que necesitas.\u00a0<\/span><\/p>\n<ul class=\"underarmourbr-store-theme-6-x-descriptionListItemContentList\">\n<li><span>La tela de mezcla de algod\u00f3n s\u00faper suave brinda comodidad durante todo el d\u00eda.<\/span><\/li>\n<li><span>Cuello acanalado.<\/span><\/li>\n<li>Composici\u00f3n: 60% algod\u00f3n y 40% poli\u00e9ster.<\/li>\n<li>Color: Gris.<\/li>\n<li>Modelo: 1383284-011 .<\/li>\n<li><span>Importado.<\/span><\/li>\n<\/ul>\n","protected":false},"excerpt":{"rendered":"<p>ATHLETICS Todo el mundo hace camisetas con gr\u00e1ficos&#8230; pero Under Armour las hace mejores. El tejido que utilizamos es ligero,<\/p>\n","protected":false},"featured_media":82913,"comment_status":"open","ping_status":"closed","template":"","meta":{"nf_dc_page":""},"product_brand":[2332],"product_cat":[73],"product_tag":[2369],"class_list":{"0":"post-82912","1":"product","2":"type-product","3":"status-publish","4":"has-post-thumbnail","6":"product_brand-under-armour","7":"product_cat-femenino","8":"product_tag-1383284-011","10":"first","11":"outofstock","12":"shipping-taxable","13":"purchasable","14":"product-type-simple"},"_links":{"self":[{"href":"https:\/\/brandss.com.py\/index\/wp-json\/wp\/v2\/product\/82912","targetHints":{"allow":["GET"]}}],"collection":[{"href":"https:\/\/brandss.com.py\/index\/wp-json\/wp\/v2\/product"}],"about":[{"href":"https:\/\/brandss.com.py\/index\/wp-json\/wp\/v2\/types\/product"}],"replies":[{"embeddable":true,"href":"https:\/\/brandss.com.py\/index\/wp-json\/wp\/v2\/comments?post=82912"}],"version-history":[{"count":1,"href":"https:\/\/brandss.com.py\/index\/wp-json\/wp\/v2\/product\/82912\/revisions"}],"predecessor-version":[{"id":82921,"href":"https:\/\/brandss.com.py\/index\/wp-json\/wp\/v2\/product\/82912\/revisions\/82921"}],"wp:featuredmedia":[{"embeddable":true,"href":"https:\/\/brandss.com.py\/index\/wp-json\/wp\/v2\/media\/82913"}],"wp:attachment":[{"href":"https:\/\/brandss.com.py\/index\/wp-json\/wp\/v2\/media?parent=82912"}],"wp:term":[{"taxonomy":"product_brand","embeddable":true,"href":"https:\/\/brandss.com.py\/index\/wp-json\/wp\/v2\/product_brand?post=82912"},{"taxonomy":"product_cat","embeddable":true,"href":"https:\/\/brandss.com.py\/index\/wp-json\/wp\/v2\/product_cat?post=82912"},{"taxonomy":"product_tag","embeddable":true,"href":"https:\/\/brandss.com.py\/index\/wp-json\/wp\/v2\/product_tag?post=82912"}],"curies":[{"name":"wp","href":"https:\/\/api.w.org\/{rel}","templated":true}]}}