{"id":82922,"date":"2025-05-26T13:33:24","date_gmt":"2025-05-26T13:33:24","guid":{"rendered":"https:\/\/brandss.com.py\/index\/?post_type=product&#038;p=82922"},"modified":"2026-01-09T13:31:03","modified_gmt":"2026-01-09T13:31:03","slug":"camiseta-deportivo-femenino-under-armour-rival-core-mangas-cortas","status":"publish","type":"product","link":"https:\/\/brandss.com.py\/index\/producto\/camiseta-deportivo-femenino-under-armour-rival-core-mangas-cortas\/","title":{"rendered":"CAMISETA DEPORTIVO FEMENINO UNDER ARMOUR RIVAL CORE MANGAS CORTAS"},"content":{"rendered":"<p><img loading=\"lazy\" decoding=\"async\" class=\"\" src=\"https:\/\/upload.wikimedia.org\/wikipedia\/commons\/thumb\/4\/44\/Under_armour_logo.svg\/1280px-Under_armour_logo.svg.png\" alt=\"Archivo:Under armour logo.svg - Wikipedia, la enciclopedia libre\" width=\"90\" height=\"53\" \/><\/p>\n<h1>RIVAL CORE<\/h1>\n<p>Todo el mundo hace camisetas con estampados&#8230; pero Under Armour las hace mejores. La tela que usamos es ligera, suave y de secado r\u00e1pido.<\/p>\n<ul class=\"pl-4 list-disc\">\n<li class=\"md:text-base text-sm font-np-regular\"><span>La tela de mezcla de algod\u00f3n s\u00faper suave brinda comodidad durante todo el d\u00eda.<\/span><\/li>\n<li class=\"md:text-base text-sm font-np-regular\"><span>El material el\u00e1stico en 4 direcciones se mueve mejor en todas las direcciones.<\/span><\/li>\n<li class=\"md:text-base text-sm font-np-regular\"><span>Cuello acanalado.<\/span><\/li>\n<li class=\"md:text-base text-sm font-np-regular\"><span><span>Modelo: 1383648-464.<\/span><\/span><\/li>\n<li class=\"md:text-base text-sm font-np-regular\"><span><span>57% Algod\u00f3n\/38% Poli\u00e9ster\/5% Elastano.<\/span><\/span><\/li>\n<li class=\"md:text-base text-sm font-np-regular\"><span><span>Importado.<\/span><\/span>\n<div class=\"flex flex-row gap-0.5 justify-center items-start transition-all duration-300\">\n<h4 class=\"font-np-bold md:text-base text-sm relative capitalize transition-all duration-300 left-4\"><span>Ajuste y cuidado<\/span><\/h4>\n<\/div>\n<div class=\"transition-transform duration-300\"><\/div>\n<div class=\"flex flex-col overflow-auto scrollbar-hide transition-all duration-300 gap-4 pl-5 max-h-dvh translate-y-0 py-5 opacity-100\">\n<ul class=\"pl-4 list-disc\">\n<li class=\"md:text-base text-sm font-np-regular\"><span>Lavar la prenda del rev\u00e9s.<\/span><\/li>\n<li class=\"md:text-base text-sm font-np-regular\"><span>Lavar a m\u00e1quina con agua fr\u00eda y colores similares.<\/span><\/li>\n<li class=\"md:text-base text-sm font-np-regular\"><span>Utilice \u00fanicamente blanqueador sin cloro cuando sea necesario.<\/span><\/li>\n<li class=\"md:text-base text-sm font-np-regular\"><span>Secar en secadora a baja temperatura.<\/span><\/li>\n<li class=\"md:text-base text-sm font-np-regular\"><span>No planchar.<\/span><\/li>\n<li class=\"md:text-base text-sm font-np-regular\"><span>No utilizar suavizantes.<\/span><\/li>\n<\/ul>\n<\/div>\n<\/li>\n<\/ul>\n","protected":false},"excerpt":{"rendered":"<p>RIVAL CORE Todo el mundo hace camisetas con estampados&#8230; pero Under Armour las hace mejores. La tela que usamos es<\/p>\n","protected":false},"featured_media":82923,"comment_status":"open","ping_status":"closed","template":"","meta":{"nf_dc_page":""},"product_brand":[2332],"product_cat":[73],"product_tag":[2370],"class_list":{"0":"post-82922","1":"product","2":"type-product","3":"status-publish","4":"has-post-thumbnail","6":"product_brand-under-armour","7":"product_cat-femenino","8":"product_tag-1383648-464","10":"first","11":"outofstock","12":"shipping-taxable","13":"purchasable","14":"product-type-simple"},"_links":{"self":[{"href":"https:\/\/brandss.com.py\/index\/wp-json\/wp\/v2\/product\/82922","targetHints":{"allow":["GET"]}}],"collection":[{"href":"https:\/\/brandss.com.py\/index\/wp-json\/wp\/v2\/product"}],"about":[{"href":"https:\/\/brandss.com.py\/index\/wp-json\/wp\/v2\/types\/product"}],"replies":[{"embeddable":true,"href":"https:\/\/brandss.com.py\/index\/wp-json\/wp\/v2\/comments?post=82922"}],"version-history":[{"count":1,"href":"https:\/\/brandss.com.py\/index\/wp-json\/wp\/v2\/product\/82922\/revisions"}],"predecessor-version":[{"id":82927,"href":"https:\/\/brandss.com.py\/index\/wp-json\/wp\/v2\/product\/82922\/revisions\/82927"}],"wp:featuredmedia":[{"embeddable":true,"href":"https:\/\/brandss.com.py\/index\/wp-json\/wp\/v2\/media\/82923"}],"wp:attachment":[{"href":"https:\/\/brandss.com.py\/index\/wp-json\/wp\/v2\/media?parent=82922"}],"wp:term":[{"taxonomy":"product_brand","embeddable":true,"href":"https:\/\/brandss.com.py\/index\/wp-json\/wp\/v2\/product_brand?post=82922"},{"taxonomy":"product_cat","embeddable":true,"href":"https:\/\/brandss.com.py\/index\/wp-json\/wp\/v2\/product_cat?post=82922"},{"taxonomy":"product_tag","embeddable":true,"href":"https:\/\/brandss.com.py\/index\/wp-json\/wp\/v2\/product_tag?post=82922"}],"curies":[{"name":"wp","href":"https:\/\/api.w.org\/{rel}","templated":true}]}}