{"id":82928,"date":"2025-05-26T14:24:08","date_gmt":"2025-05-26T14:24:08","guid":{"rendered":"https:\/\/brandss.com.py\/index\/?post_type=product&#038;p=82928"},"modified":"2026-01-09T13:35:19","modified_gmt":"2026-01-09T13:35:19","slug":"camiseta-deportivo-femenino-under-armour-tech-tiger-mangas-cortas","status":"publish","type":"product","link":"https:\/\/brandss.com.py\/index\/producto\/camiseta-deportivo-femenino-under-armour-tech-tiger-mangas-cortas\/","title":{"rendered":"CAMISETA DEPORTIVO FEMENINO UNDER ARMOUR TECH TIGER MANGAS CORTAS"},"content":{"rendered":"<p><img loading=\"lazy\" decoding=\"async\" class=\"\" src=\"https:\/\/upload.wikimedia.org\/wikipedia\/commons\/thumb\/4\/44\/Under_armour_logo.svg\/1280px-Under_armour_logo.svg.png\" alt=\"Archivo:Under armour logo.svg - Wikipedia, la enciclopedia libre\" width=\"123\" height=\"72\" \/><\/p>\n<h1>TECH TIGER<\/h1>\n<p>UA Tech\u2122 es nuestro equipo de entrenamiento original indispensable: es suelto y ligero, y mantiene la frescura. Es todo lo que necesitas.<\/p>\n<h1 class=\"feature-benefits_label\">Caracter\u00edsticas<\/h1>\n<ul class=\"feature-benefits_data\" role=\"list\">\n<li class=\"feature-benefits_list flex-grow \" role=\"listitem\"><span class=\"feature-icon-label\">Te mantiene fresco.<\/span><\/li>\n<li class=\"feature-benefits_list flex-grow \" role=\"listitem\"><span class=\"feature-icon-label\">Secado r\u00e1pido.<\/span><\/li>\n<li class=\"feature-benefits_list flex-grow \" role=\"listitem\"><span class=\"feature-icon-label\">Absorbe la humedad.<\/span><\/li>\n<li class=\"t-tabs_list\" role=\"listitem\">La tela UA Tech\u2122 se seca r\u00e1pido, es muy suave y brinda una sensaci\u00f3n m\u00e1s natural.<\/li>\n<li class=\"t-tabs_list\" role=\"listitem\">El material absorbe el sudor y se seca r\u00e1pidamente.<\/li>\n<li class=\"t-tabs_list\" role=\"listitem\">La tecnolog\u00eda de control de olores minimiza el olor.<\/li>\n<li class=\"t-tabs_list\" role=\"listitem\">Composici\u00f3n: 100% poli\u00e9ster.<\/li>\n<li role=\"listitem\">Color: Gris.<\/li>\n<li role=\"listitem\">Modelo: 1384222-001.<\/li>\n<\/ul>\n","protected":false},"excerpt":{"rendered":"<p>TECH TIGER UA Tech\u2122 es nuestro equipo de entrenamiento original indispensable: es suelto y ligero, y mantiene la frescura. Es<\/p>\n","protected":false},"featured_media":82929,"comment_status":"open","ping_status":"closed","template":"","meta":{"nf_dc_page":""},"product_brand":[2332],"product_cat":[73],"product_tag":[2373],"class_list":{"0":"post-82928","1":"product","2":"type-product","3":"status-publish","4":"has-post-thumbnail","6":"product_brand-under-armour","7":"product_cat-femenino","8":"product_tag-1384222-001","10":"first","11":"outofstock","12":"shipping-taxable","13":"purchasable","14":"product-type-simple"},"_links":{"self":[{"href":"https:\/\/brandss.com.py\/index\/wp-json\/wp\/v2\/product\/82928","targetHints":{"allow":["GET"]}}],"collection":[{"href":"https:\/\/brandss.com.py\/index\/wp-json\/wp\/v2\/product"}],"about":[{"href":"https:\/\/brandss.com.py\/index\/wp-json\/wp\/v2\/types\/product"}],"replies":[{"embeddable":true,"href":"https:\/\/brandss.com.py\/index\/wp-json\/wp\/v2\/comments?post=82928"}],"version-history":[{"count":1,"href":"https:\/\/brandss.com.py\/index\/wp-json\/wp\/v2\/product\/82928\/revisions"}],"predecessor-version":[{"id":82937,"href":"https:\/\/brandss.com.py\/index\/wp-json\/wp\/v2\/product\/82928\/revisions\/82937"}],"wp:featuredmedia":[{"embeddable":true,"href":"https:\/\/brandss.com.py\/index\/wp-json\/wp\/v2\/media\/82929"}],"wp:attachment":[{"href":"https:\/\/brandss.com.py\/index\/wp-json\/wp\/v2\/media?parent=82928"}],"wp:term":[{"taxonomy":"product_brand","embeddable":true,"href":"https:\/\/brandss.com.py\/index\/wp-json\/wp\/v2\/product_brand?post=82928"},{"taxonomy":"product_cat","embeddable":true,"href":"https:\/\/brandss.com.py\/index\/wp-json\/wp\/v2\/product_cat?post=82928"},{"taxonomy":"product_tag","embeddable":true,"href":"https:\/\/brandss.com.py\/index\/wp-json\/wp\/v2\/product_tag?post=82928"}],"curies":[{"name":"wp","href":"https:\/\/api.w.org\/{rel}","templated":true}]}}