{"id":82938,"date":"2025-05-26T16:43:40","date_gmt":"2025-05-26T16:43:40","guid":{"rendered":"https:\/\/brandss.com.py\/index\/?post_type=product&#038;p=82938"},"modified":"2025-05-28T18:53:25","modified_gmt":"2025-05-28T18:53:25","slug":"pelota-de-futbol-unisex-nike-academy-team","status":"publish","type":"product","link":"https:\/\/brandss.com.py\/index\/producto\/pelota-de-futbol-unisex-nike-academy-team\/","title":{"rendered":"PELOTA DE F\u00daTBOL UNISEX NIKE ACADEMY TEAM"},"content":{"rendered":"<p><img loading=\"lazy\" decoding=\"async\" class=\"\" src=\"https:\/\/1000marcas.net\/wp-content\/uploads\/2019\/11\/Logo-Nike.jpg\" alt=\"Logo de Nike: la historia y el significado del logotipo, la marca y el  s\u00edmbolo. | png, vector\" width=\"108\" height=\"61\" \/><\/p>\n<h1>ACADEMY TEAM<\/h1>\n<p>Bal\u00f3n de f\u00fatbol con el sello IMS para su uso en hierba natural o artificial de \u00faltima generaci\u00f3n, ofrece un rendimiento \u00f3ptimo. Sus ranuras innovadoras est\u00e1n dise\u00f1adas para ofrecer un giro constante cuando el bal\u00f3n est\u00e1 en el aire, brindando una precisi\u00f3n excepcional en cada pase y tiro. Los gr\u00e1ficos de alto contraste te permiten seguir f\u00e1cilmente la pelota, concentr\u00e1ndote en tu juego de pies sin distracciones. La tecnolog\u00eda Nike Aerowsculpt con ranuras moldeadas garantiza un vuelo m\u00e1s uniforme, lo que significa tiros m\u00e1s precisos y controlados. La carcasa texturizada mejora el agarre y la sensaci\u00f3n, otorg\u00e1ndote un control total sobre el bal\u00f3n.<\/p>\n<ul>\n<li>Dise\u00f1o de color blanco, con detalles en naranja y negro, que ofrecen un buen contraste para una buena visualizaci\u00f3n en el terreno de juego<\/li>\n<li>Cascos del bal\u00f3n cosidos a m\u00e1quina que garantizan una buen resistencia a la abrasi\u00f3n, otorgando resistencia en el juego<\/li>\n<li>Textura con micro rugosidades para un buen grip con el bal\u00f3n<\/li>\n<li>60% Caucho \/15% poliuretano\/13% poli\u00e9ster\/12% goma EVA.<\/li>\n<li>Sello FIFA BASIC o IMS (International Match Standard): Los requisitos de este est\u00e1ndar identifican productos que cumplen con los criterios b\u00e1sicos en materia de rendimiento, precisi\u00f3n, absorci\u00f3n de agua, seguridad y durabilidad en el contexto del f\u00fatbol.<\/li>\n<li>Con ranuras de estabilidad para un vuelo m\u00e1s consistente, el bal\u00f3n Nike\u00a0Flight Strike Academy Team te permite marcar golazos con facilidad.<\/li>\n<li>El bal\u00f3n Nike Flight Strike Academy Team\u00a0cuenta con una c\u00e1mara de aire de goma reforzada que mantiene la presi\u00f3n del aire y la forma original del bal\u00f3n durante m\u00e1s tiempo, mientras que los detalles de alto contraste te permiten ver el bal\u00f3n con m\u00e1s facilidad en el campo.<\/li>\n<li>Adem\u00e1s, cuenta con tecnolog\u00eda Nike AEROWSCULPT que aporta un vuelo m\u00e1s consistente gracias a las ranuras de estabilidad en la carcasa con relieve, para que siempre disfrutes de un toque superior.<\/li>\n<li>Tipo de Uniones: Cosida.<\/li>\n<li>Certificaci\u00f3n: FIFA Quality.<\/li>\n<li>Superficie Recomendada: Grass Natural y\/o Sint\u00e9tico.<\/li>\n<li>Color: White\/ Black\/ Volt.<\/li>\n<li>Modelo: CU8047-100.<\/li>\n<\/ul>\n","protected":false},"excerpt":{"rendered":"<p>ACADEMY TEAM Bal\u00f3n de f\u00fatbol con el sello IMS para su uso en hierba natural o artificial de \u00faltima generaci\u00f3n,<\/p>\n","protected":false},"featured_media":82939,"comment_status":"open","ping_status":"closed","template":"","meta":{"nf_dc_page":""},"product_brand":[],"product_cat":[93],"product_tag":[],"class_list":{"0":"post-82938","1":"product","2":"type-product","3":"status-publish","4":"has-post-thumbnail","6":"product_cat-deportivo","8":"first","9":"instock","10":"shipping-taxable","11":"purchasable","12":"product-type-simple"},"_links":{"self":[{"href":"https:\/\/brandss.com.py\/index\/wp-json\/wp\/v2\/product\/82938","targetHints":{"allow":["GET"]}}],"collection":[{"href":"https:\/\/brandss.com.py\/index\/wp-json\/wp\/v2\/product"}],"about":[{"href":"https:\/\/brandss.com.py\/index\/wp-json\/wp\/v2\/types\/product"}],"replies":[{"embeddable":true,"href":"https:\/\/brandss.com.py\/index\/wp-json\/wp\/v2\/comments?post=82938"}],"version-history":[{"count":1,"href":"https:\/\/brandss.com.py\/index\/wp-json\/wp\/v2\/product\/82938\/revisions"}],"predecessor-version":[{"id":82944,"href":"https:\/\/brandss.com.py\/index\/wp-json\/wp\/v2\/product\/82938\/revisions\/82944"}],"wp:featuredmedia":[{"embeddable":true,"href":"https:\/\/brandss.com.py\/index\/wp-json\/wp\/v2\/media\/82939"}],"wp:attachment":[{"href":"https:\/\/brandss.com.py\/index\/wp-json\/wp\/v2\/media?parent=82938"}],"wp:term":[{"taxonomy":"product_brand","embeddable":true,"href":"https:\/\/brandss.com.py\/index\/wp-json\/wp\/v2\/product_brand?post=82938"},{"taxonomy":"product_cat","embeddable":true,"href":"https:\/\/brandss.com.py\/index\/wp-json\/wp\/v2\/product_cat?post=82938"},{"taxonomy":"product_tag","embeddable":true,"href":"https:\/\/brandss.com.py\/index\/wp-json\/wp\/v2\/product_tag?post=82938"}],"curies":[{"name":"wp","href":"https:\/\/api.w.org\/{rel}","templated":true}]}}