{"id":82945,"date":"2025-05-26T17:07:27","date_gmt":"2025-05-26T17:07:27","guid":{"rendered":"https:\/\/brandss.com.py\/index\/?post_type=product&#038;p=82945"},"modified":"2025-05-26T17:08:05","modified_gmt":"2025-05-26T17:08:05","slug":"camiseta-deportivo-masculino-kelme-polo-basic-mangas-cortas-red","status":"publish","type":"product","link":"https:\/\/brandss.com.py\/index\/producto\/camiseta-deportivo-masculino-kelme-polo-basic-mangas-cortas-red\/","title":{"rendered":"CAMISETA DEPORTIVO MASCULINO KELME POLO BASIC MANGAS CORTAS RED"},"content":{"rendered":"<p><img loading=\"lazy\" decoding=\"async\" class=\"\" src=\"https:\/\/brandlogos.net\/wp-content\/uploads\/2021\/12\/kelme-brandlogo.net_.png\" alt=\"Kelme logo in vector .EPS, .SVG, .CDR formats - Brandlogos.net\" width=\"97\" height=\"97\" \/><\/p>\n<h1>POLO BASIC<\/h1>\n<p>Renunciar al m\u00e1ximo confort no es una opci\u00f3n. Esta camiseta polo te aporta toda la comodidad que necesitas en tu ajetreado d\u00eda. En la oficina, entrenado o paseando por la calle, luce un estilo casual gracias a su dise\u00f1o minimalista. Con la garra de Kelme en el pecho, listo para que dejes huella en tu d\u00eda a d\u00eda.<\/p>\n<div>\n<div class=\"catd_char_list_left\"><\/div>\n<ul class=\"catd_char_list\">\n<li>\n<div class=\"catd_char_list_left\"><span>Composici\u00f3n: <\/span>100% poli\u00e9ster.<\/div>\n<\/li>\n<li>\n<div class=\"catd_char_list_left\"><span>Color: <\/span>Rojo.<\/div>\n<\/li>\n<li>\n<div class=\"catd_char_list_left\"><span class=\"block_title\">Modelo: <\/span><span class=\"value\">3891064-600.<\/span><\/div>\n<\/li>\n<\/ul>\n<\/div>\n","protected":false},"excerpt":{"rendered":"<p>POLO BASIC Renunciar al m\u00e1ximo confort no es una opci\u00f3n. Esta camiseta polo te aporta toda la comodidad que necesitas<\/p>\n","protected":false},"featured_media":82946,"comment_status":"open","ping_status":"closed","template":"","meta":{"nf_dc_page":""},"product_brand":[],"product_cat":[76],"product_tag":[],"class_list":{"0":"post-82945","1":"product","2":"type-product","3":"status-publish","4":"has-post-thumbnail","6":"product_cat-masculino","8":"first","9":"instock","10":"shipping-taxable","11":"purchasable","12":"product-type-simple"},"_links":{"self":[{"href":"https:\/\/brandss.com.py\/index\/wp-json\/wp\/v2\/product\/82945","targetHints":{"allow":["GET"]}}],"collection":[{"href":"https:\/\/brandss.com.py\/index\/wp-json\/wp\/v2\/product"}],"about":[{"href":"https:\/\/brandss.com.py\/index\/wp-json\/wp\/v2\/types\/product"}],"replies":[{"embeddable":true,"href":"https:\/\/brandss.com.py\/index\/wp-json\/wp\/v2\/comments?post=82945"}],"version-history":[{"count":1,"href":"https:\/\/brandss.com.py\/index\/wp-json\/wp\/v2\/product\/82945\/revisions"}],"predecessor-version":[{"id":82951,"href":"https:\/\/brandss.com.py\/index\/wp-json\/wp\/v2\/product\/82945\/revisions\/82951"}],"wp:featuredmedia":[{"embeddable":true,"href":"https:\/\/brandss.com.py\/index\/wp-json\/wp\/v2\/media\/82946"}],"wp:attachment":[{"href":"https:\/\/brandss.com.py\/index\/wp-json\/wp\/v2\/media?parent=82945"}],"wp:term":[{"taxonomy":"product_brand","embeddable":true,"href":"https:\/\/brandss.com.py\/index\/wp-json\/wp\/v2\/product_brand?post=82945"},{"taxonomy":"product_cat","embeddable":true,"href":"https:\/\/brandss.com.py\/index\/wp-json\/wp\/v2\/product_cat?post=82945"},{"taxonomy":"product_tag","embeddable":true,"href":"https:\/\/brandss.com.py\/index\/wp-json\/wp\/v2\/product_tag?post=82945"}],"curies":[{"name":"wp","href":"https:\/\/api.w.org\/{rel}","templated":true}]}}