{"id":82959,"date":"2025-05-26T17:58:47","date_gmt":"2025-05-26T17:58:47","guid":{"rendered":"https:\/\/brandss.com.py\/index\/?post_type=product&#038;p=82959"},"modified":"2026-01-10T17:16:47","modified_gmt":"2026-01-10T17:16:47","slug":"camiseta-deportivo-femenino-puma-run-graphic-mangas-cortas","status":"publish","type":"product","link":"https:\/\/brandss.com.py\/index\/producto\/camiseta-deportivo-femenino-puma-run-graphic-mangas-cortas\/","title":{"rendered":"CAMISETA DEPORTIVO FEMENINO PUMA RUN GRAPHIC MANGAS CORTAS BLUE"},"content":{"rendered":"<p><img loading=\"lazy\" decoding=\"async\" class=\"\" src=\"https:\/\/companieslogo.com\/img\/orig\/PUM.DE_BIG-3030b719.png?t=1720244493\" alt=\"PUMA logo in transparent PNG and vectorized SVG formats\" width=\"103\" height=\"51\" \/><\/p>\n<h1>RUN GRAPHIC<\/h1>\n<p>Esta camiseta est\u00e1 dise\u00f1ada para ofrecer comodidad y rendimiento durante la pr\u00e1ctica deportiva, especialmente para correr o realizar entrenamientos de alta intensidad. De manga corta con costuras tipo ragl\u00e1n que ofrecen mayor libertad de movimiento. Corte entallado que se adapta a la figura femenina. Logo de PUMA en color blanco ubicado en el lado izquierdo del pecho. El dobladillo posterior es ligeramente m\u00e1s largo que el delantero, lo que proporciona mayor cobertura.<\/p>\n<ul class=\"lista-descrition-ficha\">\n<li class=\"text-desctipcion-ficha\"><strong>Modelo: <\/strong>520834A02.<\/li>\n<li class=\"text-desctipcion-ficha\"><strong>Color: <\/strong>Azul.<\/li>\n<li class=\"text-desctipcion-ficha\"><strong>Modalidad:\u00a0<\/strong><span class=\"cap\">running.<\/span><\/li>\n<\/ul>\n","protected":false},"excerpt":{"rendered":"<p>RUN GRAPHIC Esta camiseta est\u00e1 dise\u00f1ada para ofrecer comodidad y rendimiento durante la pr\u00e1ctica deportiva, especialmente para correr o realizar<\/p>\n","protected":false},"featured_media":82960,"comment_status":"open","ping_status":"closed","template":"","meta":{"nf_dc_page":""},"product_brand":[2306],"product_cat":[73],"product_tag":[2398],"class_list":{"0":"post-82959","1":"product","2":"type-product","3":"status-publish","4":"has-post-thumbnail","6":"product_brand-puma","7":"product_cat-femenino","8":"product_tag-520834a02","10":"first","11":"instock","12":"shipping-taxable","13":"purchasable","14":"product-type-simple"},"_links":{"self":[{"href":"https:\/\/brandss.com.py\/index\/wp-json\/wp\/v2\/product\/82959","targetHints":{"allow":["GET"]}}],"collection":[{"href":"https:\/\/brandss.com.py\/index\/wp-json\/wp\/v2\/product"}],"about":[{"href":"https:\/\/brandss.com.py\/index\/wp-json\/wp\/v2\/types\/product"}],"replies":[{"embeddable":true,"href":"https:\/\/brandss.com.py\/index\/wp-json\/wp\/v2\/comments?post=82959"}],"version-history":[{"count":2,"href":"https:\/\/brandss.com.py\/index\/wp-json\/wp\/v2\/product\/82959\/revisions"}],"predecessor-version":[{"id":82963,"href":"https:\/\/brandss.com.py\/index\/wp-json\/wp\/v2\/product\/82959\/revisions\/82963"}],"wp:featuredmedia":[{"embeddable":true,"href":"https:\/\/brandss.com.py\/index\/wp-json\/wp\/v2\/media\/82960"}],"wp:attachment":[{"href":"https:\/\/brandss.com.py\/index\/wp-json\/wp\/v2\/media?parent=82959"}],"wp:term":[{"taxonomy":"product_brand","embeddable":true,"href":"https:\/\/brandss.com.py\/index\/wp-json\/wp\/v2\/product_brand?post=82959"},{"taxonomy":"product_cat","embeddable":true,"href":"https:\/\/brandss.com.py\/index\/wp-json\/wp\/v2\/product_cat?post=82959"},{"taxonomy":"product_tag","embeddable":true,"href":"https:\/\/brandss.com.py\/index\/wp-json\/wp\/v2\/product_tag?post=82959"}],"curies":[{"name":"wp","href":"https:\/\/api.w.org\/{rel}","templated":true}]}}