{"id":82985,"date":"2025-05-27T12:01:45","date_gmt":"2025-05-27T12:01:45","guid":{"rendered":"https:\/\/brandss.com.py\/index\/?post_type=product&#038;p=82985"},"modified":"2026-01-10T18:25:22","modified_gmt":"2026-01-10T18:25:22","slug":"pala-de-padel-unisex-adidas-adipower-legend-seba-nerone","status":"publish","type":"product","link":"https:\/\/brandss.com.py\/index\/producto\/pala-de-padel-unisex-adidas-adipower-legend-seba-nerone\/","title":{"rendered":"PALA DE P\u00c1DEL UNISEX ADIDAS ADIPOWER LEGEND SEBA NERONE"},"content":{"rendered":"<p><img loading=\"lazy\" decoding=\"async\" class=\"\" src=\"https:\/\/upload.wikimedia.org\/wikipedia\/commons\/2\/20\/Adidas_Logo.svg\" alt=\"Archivo:Adidas Logo.svg - Wikipedia, la enciclopedia libre\" width=\"101\" height=\"70\" \/><\/p>\n<p>\u00a1Prep\u00e1rate para sentir el poder en tus manos y elevar tu nivel de juego gracias a la nueva\u00a0Adipower Legend\u00a02024! Dise\u00f1ada junto al jugador profesional\u00a0Seba Nerone\u00a0esta pala te llevar\u00e1 a unos niveles de rendimiento excepcionales.<\/p>\n<p>La pala\u00a0Adipower Legend\u00a0nos ofrece un formato de diamante oversize, proporcionando una mayor superficie de golpeo junto a un punto dulce alto. Esto permitir\u00e1 golpear la bola con mayor potencia y control, lo que te har\u00e1 realizar golpeos incre\u00edbles imposibles para tu adversario.<\/p>\n<p>&nbsp;<\/p>\n<h3>Tecnolog\u00edas utilizadas en la pala Adidas<\/h3>\n<ul>\n<li><strong>Eva Soft Performance:<\/strong>\u00a0este tipo de goma\u00a0Eva Soft Performance\u00a0favorecen la sensaci\u00f3n de confort en el golpeo, ya que se deforma y amortigua el impacto.<\/li>\n<li><b>Structural Reinforcement:\u00a0<\/b>el per\u00edmetro de la Adipower Legend est\u00e1 especialmente reforzado, lo que ayuda a que las pelotas descentradas no creen demasiadas torsiones en tu pala.<\/li>\n<li><strong>Spin Blade:\u00a0<\/strong>crea los mejores efectos con la superficie rugosa de tu pala Adidas.<\/li>\n<li><strong>Dual eXoskeleton<\/strong>: se trata de nervios de carbono entrelazados en el coraz\u00f3n de la pala, que refuerza la superficie, con el objetivo de evitar las torsiones m\u00e1s dif\u00edciles y los golpes descentrados.<\/li>\n<li><strong>Fibra de carbono 3k.<\/strong><\/li>\n<\/ul>\n<h3>Caracter\u00edsticas de la pala Adidas Adipower Legend<\/h3>\n<ul>\n<li><strong>Nivel:<\/strong>\u00a0Profesional<\/li>\n<li><strong>Frecuencia de juego:<\/strong>\u00a0Habitual<\/li>\n<li><strong>Forma:<\/strong>\u00a0Diamante Oversize<\/li>\n<li><strong>Balance:<\/strong>\u00a0Head Heavy<\/li>\n<li><strong>Peso:<\/strong>\u00a0345 \u2013 360 gramos<\/li>\n<li><strong>Grosor:<\/strong>\u00a038 mm<\/li>\n<li><strong>Longitud:<\/strong>\u00a0455 mm<\/li>\n<li><strong>Superficie:<\/strong>\u00a0460 cm2<\/li>\n<li><strong>Punto dulce:<\/strong>\u00a0Alto<\/li>\n<li><strong>Protector 3M<\/strong><\/li>\n<\/ul>\n","protected":false},"excerpt":{"rendered":"<p>\u00a1Prep\u00e1rate para sentir el poder en tus manos y elevar tu nivel de juego gracias a la nueva\u00a0Adipower Legend\u00a02024! Dise\u00f1ada<\/p>\n","protected":false},"featured_media":82986,"comment_status":"open","ping_status":"closed","template":"","meta":{"nf_dc_page":""},"product_brand":[1368],"product_cat":[93],"product_tag":[2418],"class_list":{"0":"post-82985","1":"product","2":"type-product","3":"status-publish","4":"has-post-thumbnail","6":"product_brand-adidas","7":"product_cat-deportivo","8":"product_tag-2418","10":"first","11":"instock","12":"shipping-taxable","13":"purchasable","14":"product-type-simple"},"_links":{"self":[{"href":"https:\/\/brandss.com.py\/index\/wp-json\/wp\/v2\/product\/82985","targetHints":{"allow":["GET"]}}],"collection":[{"href":"https:\/\/brandss.com.py\/index\/wp-json\/wp\/v2\/product"}],"about":[{"href":"https:\/\/brandss.com.py\/index\/wp-json\/wp\/v2\/types\/product"}],"replies":[{"embeddable":true,"href":"https:\/\/brandss.com.py\/index\/wp-json\/wp\/v2\/comments?post=82985"}],"version-history":[{"count":1,"href":"https:\/\/brandss.com.py\/index\/wp-json\/wp\/v2\/product\/82985\/revisions"}],"predecessor-version":[{"id":82992,"href":"https:\/\/brandss.com.py\/index\/wp-json\/wp\/v2\/product\/82985\/revisions\/82992"}],"wp:featuredmedia":[{"embeddable":true,"href":"https:\/\/brandss.com.py\/index\/wp-json\/wp\/v2\/media\/82986"}],"wp:attachment":[{"href":"https:\/\/brandss.com.py\/index\/wp-json\/wp\/v2\/media?parent=82985"}],"wp:term":[{"taxonomy":"product_brand","embeddable":true,"href":"https:\/\/brandss.com.py\/index\/wp-json\/wp\/v2\/product_brand?post=82985"},{"taxonomy":"product_cat","embeddable":true,"href":"https:\/\/brandss.com.py\/index\/wp-json\/wp\/v2\/product_cat?post=82985"},{"taxonomy":"product_tag","embeddable":true,"href":"https:\/\/brandss.com.py\/index\/wp-json\/wp\/v2\/product_tag?post=82985"}],"curies":[{"name":"wp","href":"https:\/\/api.w.org\/{rel}","templated":true}]}}