{"id":83001,"date":"2025-05-27T12:43:17","date_gmt":"2025-05-27T12:43:17","guid":{"rendered":"https:\/\/brandss.com.py\/index\/?post_type=product&#038;p=83001"},"modified":"2026-01-10T18:34:32","modified_gmt":"2026-01-10T18:34:32","slug":"pala-de-padel-unisex-adidas-adipower-carbon-ctrl","status":"publish","type":"product","link":"https:\/\/brandss.com.py\/index\/producto\/pala-de-padel-unisex-adidas-adipower-carbon-ctrl\/","title":{"rendered":"PALA DE P\u00c1DEL UNISEX ADIDAS ADIPOWER CARBON CTRL"},"content":{"rendered":"<p><img loading=\"lazy\" decoding=\"async\" class=\"\" src=\"https:\/\/upload.wikimedia.org\/wikipedia\/commons\/2\/20\/Adidas_Logo.svg\" alt=\"Archivo:Adidas Logo.svg - Wikipedia, la enciclopedia libre\" width=\"99\" height=\"68\" \/><\/p>\n<h1>ADIPOWER CARBON CTRL<\/h1>\n<h3 class=\"value content product-sub-headline\"><span>Una pala de p\u00e1del para jugadores de nivel profesional.<\/span><\/h3>\n<div class=\"value content product-desc-short\"><span>La Adipower Carbon CTRL aprovecha todas las tecnolog\u00edas Adipower para mejorar el control. Las tecnolog\u00edas Spin Blade Mould y Smart Holes Curve proporcionan una sensaci\u00f3n inigualable en los golpes con efecto. Los refuerzos de carbono del Dual Exoskeleton y la Power Embossed Ridge en zonas clave de la raqueta a\u00f1aden rigidez, lo que permite golpes potentes. La fibra de carbono de 18 quilates garantiza un impacto limpio y una transmisi\u00f3n de potencia completa.<\/span><\/div>\n<div>\n<div class=\"col-12\">\n<h2 class=\"title accordionParent\"><a><span>Detalles<\/span><\/a><\/h2>\n<\/div>\n<div class=\"col-12 value content accordionChild\">\n<ul class=\"product-bullets list-unstyled\">\n<li class=\"product-bullet\"><span>Peso: 360-375 g.<\/span><\/li>\n<li class=\"product-bullet\"><span>Goma EVA de baja densidad para un rendimiento suave, con tapa negra.<\/span><\/li>\n<li class=\"product-bullet\"><span>Disposici\u00f3n de agujeros Smart Holes Curve para giro.<\/span><\/li>\n<li class=\"product-bullet\"><span>Molde Spin Blade con relieve 3D integrado en el molde de la raqueta.<\/span><\/li>\n<li class=\"product-bullet\"><span>Carbono 18K para un equilibrio \u00f3ptimo entre control y potencia, con resistencia y durabilidad garantizadas.<\/span><\/li>\n<li class=\"product-bullet\"><span>Formato redondo, con m\u00e1s peso cerca del grip para un mayor control en tiros defensivos.<\/span><\/li>\n<li class=\"product-bullet\"><span>Exoesqueleto dual con estructura nerviosa de carbono de doble altura que refuerza el n\u00facleo y el marco.<\/span><\/li>\n<li class=\"product-bullet\"><span>Raqueta de nivel profesional para un jugador de alto nivel y muy frecuente.<\/span><\/li>\n<li class=\"product-bullet\"><span>Modelo: JK5300.<\/span><\/li>\n<\/ul>\n<\/div>\n<\/div>\n","protected":false},"excerpt":{"rendered":"<p>ADIPOWER CARBON CTRL Una pala de p\u00e1del para jugadores de nivel profesional. La Adipower Carbon CTRL aprovecha todas las tecnolog\u00edas<\/p>\n","protected":false},"featured_media":83002,"comment_status":"open","ping_status":"closed","template":"","meta":{"nf_dc_page":""},"product_brand":[1368],"product_cat":[93],"product_tag":[2420],"class_list":{"0":"post-83001","1":"product","2":"type-product","3":"status-publish","4":"has-post-thumbnail","6":"product_brand-adidas","7":"product_cat-deportivo","8":"product_tag-2420","10":"first","11":"instock","12":"shipping-taxable","13":"purchasable","14":"product-type-simple"},"_links":{"self":[{"href":"https:\/\/brandss.com.py\/index\/wp-json\/wp\/v2\/product\/83001","targetHints":{"allow":["GET"]}}],"collection":[{"href":"https:\/\/brandss.com.py\/index\/wp-json\/wp\/v2\/product"}],"about":[{"href":"https:\/\/brandss.com.py\/index\/wp-json\/wp\/v2\/types\/product"}],"replies":[{"embeddable":true,"href":"https:\/\/brandss.com.py\/index\/wp-json\/wp\/v2\/comments?post=83001"}],"version-history":[{"count":1,"href":"https:\/\/brandss.com.py\/index\/wp-json\/wp\/v2\/product\/83001\/revisions"}],"predecessor-version":[{"id":83008,"href":"https:\/\/brandss.com.py\/index\/wp-json\/wp\/v2\/product\/83001\/revisions\/83008"}],"wp:featuredmedia":[{"embeddable":true,"href":"https:\/\/brandss.com.py\/index\/wp-json\/wp\/v2\/media\/83002"}],"wp:attachment":[{"href":"https:\/\/brandss.com.py\/index\/wp-json\/wp\/v2\/media?parent=83001"}],"wp:term":[{"taxonomy":"product_brand","embeddable":true,"href":"https:\/\/brandss.com.py\/index\/wp-json\/wp\/v2\/product_brand?post=83001"},{"taxonomy":"product_cat","embeddable":true,"href":"https:\/\/brandss.com.py\/index\/wp-json\/wp\/v2\/product_cat?post=83001"},{"taxonomy":"product_tag","embeddable":true,"href":"https:\/\/brandss.com.py\/index\/wp-json\/wp\/v2\/product_tag?post=83001"}],"curies":[{"name":"wp","href":"https:\/\/api.w.org\/{rel}","templated":true}]}}