{"id":83009,"date":"2025-05-27T13:03:38","date_gmt":"2025-05-27T13:03:38","guid":{"rendered":"https:\/\/brandss.com.py\/index\/?post_type=product&#038;p=83009"},"modified":"2026-01-10T18:35:38","modified_gmt":"2026-01-10T18:35:38","slug":"pala-de-padel-unisex-adidas-adipower-carbon-light","status":"publish","type":"product","link":"https:\/\/brandss.com.py\/index\/producto\/pala-de-padel-unisex-adidas-adipower-carbon-light\/","title":{"rendered":"PALA DE P\u00c1DEL UNISEX ADIDAS ADIPOWER CARBON LIGHT"},"content":{"rendered":"<p><img loading=\"lazy\" decoding=\"async\" class=\"\" src=\"https:\/\/upload.wikimedia.org\/wikipedia\/commons\/2\/20\/Adidas_Logo.svg\" alt=\"Archivo:Adidas Logo.svg - Wikipedia, la enciclopedia libre\" width=\"108\" height=\"75\" \/><\/p>\n<h1>ADIPOWER CARBON LIGHT<\/h1>\n<h3 class=\"subtitle___9ljbp\"><span>Una pala de p\u00e1del para jugadores de nivel profesional.<\/span><\/h3>\n<p class=\"gl-vspace\"><span>La Adipower Carbon Light es una raqueta que combina las mejores tecnolog\u00edas con un agarre \u00e1gil gracias a su dise\u00f1o ligero. El doble exoesqueleto, con refuerzos de carbono, y el Power Embossed Ridge en el marco mejoran su rigidez para un juego m\u00e1s agresivo. Adem\u00e1s, la disposici\u00f3n de la curva Smart Holes y la textura 3D Spin Blade Mould proporcionan un efecto \u00f3ptimo en todos los golpes.<\/span><\/p>\n<div class=\"accordion__header-text___2o9Im\">\n<h2 class=\"accordion-title___2sTgR\"><span>Detalles<\/span><\/h2>\n<\/div>\n<div class=\"accordion__header-icon___2FuRa\"><\/div>\n<div class=\"accordion__content___29x9h\">\n<div class=\"content-padding___2kVWQ\">\n<div class=\"bullets___3bsSs\" data-auto-id=\"specifications-section\" data-testid=\"specifications-section\">\n<ul class=\"gl-list\">\n<li class=\"gl-vspace-bpall-small\"><span>Peso: 345-360 g (ligero).<\/span><\/li>\n<li class=\"gl-vspace-bpall-small\"><span>Goma EVA de baja densidad para un rendimiento suave, con tapa negra.<\/span><\/li>\n<li class=\"gl-vspace-bpall-small\"><span>Disposici\u00f3n de agujeros Smart Holes Curve para giro.<\/span><\/li>\n<li class=\"gl-vspace-bpall-small\"><span>Molde Spin Blade con relieve 3D integrado en el molde de la raqueta.<\/span><\/li>\n<li class=\"gl-vspace-bpall-small\"><span>Carbono 3K para un equilibrio \u00f3ptimo entre control y potencia, con resistencia y durabilidad garantizadas.<\/span><\/li>\n<li class=\"gl-vspace-bpall-small\"><span>Formato redondo, con m\u00e1s peso cerca del grip para un mayor control en tiros defensivos.<\/span><\/li>\n<li class=\"gl-vspace-bpall-small\"><span>Exoesqueleto dual con estructura nerviosa de carbono de doble altura que refuerza el n\u00facleo y el marco.<\/span><\/li>\n<li class=\"gl-vspace-bpall-small\"><span>Raqueta de nivel profesional para un jugador de alto nivel y muy frecuente.<\/span><\/li>\n<li class=\"gl-vspace-bpall-small\"><span>Color: Plata metalizado \/ Negro \/ Rosa intenso.<\/span><\/li>\n<li class=\"gl-vspace-bpall-small\"><span>Modelo: JK5301.<\/span><\/li>\n<\/ul>\n<\/div>\n<\/div>\n<\/div>\n","protected":false},"excerpt":{"rendered":"<p>ADIPOWER CARBON LIGHT Una pala de p\u00e1del para jugadores de nivel profesional. La Adipower Carbon Light es una raqueta que<\/p>\n","protected":false},"featured_media":83010,"comment_status":"open","ping_status":"closed","template":"","meta":{"nf_dc_page":""},"product_brand":[1368],"product_cat":[93],"product_tag":[2421],"class_list":{"0":"post-83009","1":"product","2":"type-product","3":"status-publish","4":"has-post-thumbnail","6":"product_brand-adidas","7":"product_cat-deportivo","8":"product_tag-2421","10":"first","11":"instock","12":"shipping-taxable","13":"purchasable","14":"product-type-simple"},"_links":{"self":[{"href":"https:\/\/brandss.com.py\/index\/wp-json\/wp\/v2\/product\/83009","targetHints":{"allow":["GET"]}}],"collection":[{"href":"https:\/\/brandss.com.py\/index\/wp-json\/wp\/v2\/product"}],"about":[{"href":"https:\/\/brandss.com.py\/index\/wp-json\/wp\/v2\/types\/product"}],"replies":[{"embeddable":true,"href":"https:\/\/brandss.com.py\/index\/wp-json\/wp\/v2\/comments?post=83009"}],"version-history":[{"count":1,"href":"https:\/\/brandss.com.py\/index\/wp-json\/wp\/v2\/product\/83009\/revisions"}],"predecessor-version":[{"id":83016,"href":"https:\/\/brandss.com.py\/index\/wp-json\/wp\/v2\/product\/83009\/revisions\/83016"}],"wp:featuredmedia":[{"embeddable":true,"href":"https:\/\/brandss.com.py\/index\/wp-json\/wp\/v2\/media\/83010"}],"wp:attachment":[{"href":"https:\/\/brandss.com.py\/index\/wp-json\/wp\/v2\/media?parent=83009"}],"wp:term":[{"taxonomy":"product_brand","embeddable":true,"href":"https:\/\/brandss.com.py\/index\/wp-json\/wp\/v2\/product_brand?post=83009"},{"taxonomy":"product_cat","embeddable":true,"href":"https:\/\/brandss.com.py\/index\/wp-json\/wp\/v2\/product_cat?post=83009"},{"taxonomy":"product_tag","embeddable":true,"href":"https:\/\/brandss.com.py\/index\/wp-json\/wp\/v2\/product_tag?post=83009"}],"curies":[{"name":"wp","href":"https:\/\/api.w.org\/{rel}","templated":true}]}}