{"id":83025,"date":"2025-05-27T14:09:37","date_gmt":"2025-05-27T14:09:37","guid":{"rendered":"https:\/\/brandss.com.py\/index\/?post_type=product&#038;p=83025"},"modified":"2026-01-10T18:43:33","modified_gmt":"2026-01-10T18:43:33","slug":"pala-de-padel-unisex-adidas-cross-it-ctrl-3-4","status":"publish","type":"product","link":"https:\/\/brandss.com.py\/index\/producto\/pala-de-padel-unisex-adidas-cross-it-ctrl-3-4\/","title":{"rendered":"PALA DE P\u00c1DEL UNISEX ADIDAS CROSS IT CTRL 3.4"},"content":{"rendered":"<p><img loading=\"lazy\" decoding=\"async\" class=\"alignleft\" src=\"https:\/\/upload.wikimedia.org\/wikipedia\/commons\/2\/20\/Adidas_Logo.svg\" alt=\"Archivo:Adidas Logo.svg - Wikipedia, la enciclopedia libre\" width=\"91\" height=\"63\" \/><\/p>\n<p>&nbsp;<\/p>\n<p>&nbsp;<\/p>\n<p>&nbsp;<\/p>\n<h1>CROSS IT CTRL 3.4<\/h1>\n<h3 class=\"subtitle___9ljbp\">Juega como la \u00e9lite<\/h3>\n<p class=\"gl-vspace\">La Cross It CTRL 3.4 incorpora las mejores tecnolog\u00edas de esta emblem\u00e1tica saga de palas adidas para proporcionarte un control excepcional. La tecnolog\u00eda Dynamic Air Flow que mejora el flujo aerodin\u00e1mico, la empu\u00f1adura Power Extra Grip con una superficie de agarre ampliada y la disposici\u00f3n de los agujeros 11 Thirteen hacen que esta pala sea realmente \u00fanica. Adem\u00e1s, la tecnolog\u00eda Spin Blade Mould, una textura con relieve en la superficie de la raqueta, te garantiza un efecto \u00f3ptimo de la bola.<\/p>\n<div class=\"accordion__header-text___2o9Im\">\n<h2 class=\"accordion-title___2sTgR\">Detalles<\/h2>\n<\/div>\n<div class=\"accordion__content___29x9h\">\n<div class=\"content-padding___2kVWQ\">\n<div class=\"bullets___3bsSs\" data-auto-id=\"specifications-section\" data-testid=\"specifications-section\">\n<ul class=\"gl-list\">\n<li class=\"gl-vspace-bpall-small\">Peso: 360 &#8211; 375 g.<\/li>\n<li class=\"gl-vspace-bpall-small\">Goma EVA High Memory de alta densidad para jugadores t\u00e9cnicos, con tap\u00f3n rojo.<\/li>\n<li class=\"gl-vspace-bpall-small\">Tecnolog\u00eda Spin Blade Mould con textura en relieve integrada en el molde de la pala.<\/li>\n<li class=\"gl-vspace-bpall-small\">Disposici\u00f3n de los agujeros 11 Thirteen con orificios centrales m\u00e1s peque\u00f1os y abiertos.<\/li>\n<li class=\"gl-vspace-bpall-small\">Fibra de carbono Carbon Aluminised 15K para un equilibrio perfecto entre resistencia y rigidez.<\/li>\n<li class=\"gl-vspace-bpall-small\">Forma redonda, con el peso concentrado cerca del agarre para un mayor control en los golpes defensivos.<\/li>\n<li class=\"gl-vspace-bpall-small\">Tecnolog\u00eda Power Extra Grip.<\/li>\n<li class=\"gl-vspace-bpall-small\">Pala profesional para jugadores de alto nivel y pr\u00e1ctica frecuente.<\/li>\n<li class=\"gl-vspace-bpall-small\">Color: Black \/ Hi-Res Yellow \/ White.<\/li>\n<li class=\"gl-vspace-bpall-small\">Modelo: JK5304.<\/li>\n<\/ul>\n<\/div>\n<\/div>\n<\/div>\n","protected":false},"excerpt":{"rendered":"<p>&nbsp; &nbsp; &nbsp; CROSS IT CTRL 3.4 Juega como la \u00e9lite La Cross It CTRL 3.4 incorpora las mejores tecnolog\u00edas<\/p>\n","protected":false},"featured_media":83026,"comment_status":"open","ping_status":"closed","template":"","meta":{"nf_dc_page":""},"product_brand":[1368],"product_cat":[93],"product_tag":[2423],"class_list":{"0":"post-83025","1":"product","2":"type-product","3":"status-publish","4":"has-post-thumbnail","6":"product_brand-adidas","7":"product_cat-deportivo","8":"product_tag-2423","10":"first","11":"instock","12":"shipping-taxable","13":"purchasable","14":"product-type-simple"},"_links":{"self":[{"href":"https:\/\/brandss.com.py\/index\/wp-json\/wp\/v2\/product\/83025","targetHints":{"allow":["GET"]}}],"collection":[{"href":"https:\/\/brandss.com.py\/index\/wp-json\/wp\/v2\/product"}],"about":[{"href":"https:\/\/brandss.com.py\/index\/wp-json\/wp\/v2\/types\/product"}],"replies":[{"embeddable":true,"href":"https:\/\/brandss.com.py\/index\/wp-json\/wp\/v2\/comments?post=83025"}],"version-history":[{"count":1,"href":"https:\/\/brandss.com.py\/index\/wp-json\/wp\/v2\/product\/83025\/revisions"}],"predecessor-version":[{"id":83032,"href":"https:\/\/brandss.com.py\/index\/wp-json\/wp\/v2\/product\/83025\/revisions\/83032"}],"wp:featuredmedia":[{"embeddable":true,"href":"https:\/\/brandss.com.py\/index\/wp-json\/wp\/v2\/media\/83026"}],"wp:attachment":[{"href":"https:\/\/brandss.com.py\/index\/wp-json\/wp\/v2\/media?parent=83025"}],"wp:term":[{"taxonomy":"product_brand","embeddable":true,"href":"https:\/\/brandss.com.py\/index\/wp-json\/wp\/v2\/product_brand?post=83025"},{"taxonomy":"product_cat","embeddable":true,"href":"https:\/\/brandss.com.py\/index\/wp-json\/wp\/v2\/product_cat?post=83025"},{"taxonomy":"product_tag","embeddable":true,"href":"https:\/\/brandss.com.py\/index\/wp-json\/wp\/v2\/product_tag?post=83025"}],"curies":[{"name":"wp","href":"https:\/\/api.w.org\/{rel}","templated":true}]}}