{"id":83033,"date":"2025-05-27T14:28:36","date_gmt":"2025-05-27T14:28:36","guid":{"rendered":"https:\/\/brandss.com.py\/index\/?post_type=product&#038;p=83033"},"modified":"2026-01-10T18:45:25","modified_gmt":"2026-01-10T18:45:25","slug":"pala-de-padel-unisex-adidas-cross-it-carbon-ctrl","status":"publish","type":"product","link":"https:\/\/brandss.com.py\/index\/producto\/pala-de-padel-unisex-adidas-cross-it-carbon-ctrl\/","title":{"rendered":"PALA DE P\u00c1DEL UNISEX ADIDAS CROSS IT CARBON CTRL"},"content":{"rendered":"<p><img loading=\"lazy\" decoding=\"async\" class=\"\" src=\"https:\/\/upload.wikimedia.org\/wikipedia\/commons\/2\/20\/Adidas_Logo.svg\" alt=\"Archivo:Adidas Logo.svg - Wikipedia, la enciclopedia libre\" width=\"145\" height=\"100\" \/><\/p>\n<h1>CROSS IT CARBON CTRL<\/h1>\n<h3 class=\"subtitle___9ljbp\">Juega como la \u00e9lite<\/h3>\n<p class=\"gl-vspace\">La pala Cross It Carbon CTRL representa una de las mayores innovaciones de adidas en el mundo del p\u00e1del. Este nuevo modelo combina las mejores prestaciones de la colecci\u00f3n Cross It en un dise\u00f1o revolucionario. Creada para proporcionar un control excepcional, esta pala incorpora las tecnolog\u00edas Dynamic Air Flow y Power Extra Grip, adem\u00e1s de la disposici\u00f3n de los agujeros 11 Thirteen. Se ha fabricado en fibra de carbono 6K y espuma EVA Soft Performance, ofreci\u00e9ndote un equilibrio perfecto para dominar el partido a tu antojo.<\/p>\n<div class=\"accordion__header-text___2o9Im\">\n<h2 class=\"accordion-title___2sTgR\">Detalles<\/h2>\n<\/div>\n<div class=\"accordion__header-icon___2FuRa\"><\/div>\n<div class=\"accordion__content___29x9h\">\n<div class=\"content-padding___2kVWQ\">\n<div class=\"bullets___3bsSs\" data-auto-id=\"specifications-section\" data-testid=\"specifications-section\">\n<ul class=\"gl-list\">\n<li class=\"gl-vspace-bpall-small\">Peso: 360 &#8211; 375 g.<\/li>\n<li class=\"gl-vspace-bpall-small\">Goma EVA Soft Performance de baja densidad, con tap\u00f3n negro.<\/li>\n<li class=\"gl-vspace-bpall-small\">Superficie con textura rugosa Spin Blade Decal.<\/li>\n<li class=\"gl-vspace-bpall-small\">Disposici\u00f3n de los agujeros 11 Thirteen con orificios centrales m\u00e1s peque\u00f1os y abiertos.<\/li>\n<li class=\"gl-vspace-bpall-small\">Carbono 6K para una combinaci\u00f3n perfecta de control y potencia, junto con una gran rigidez y durabilidad.<\/li>\n<li class=\"gl-vspace-bpall-small\">Forma redonda, con el peso concentrado cerca del agarre para un mayor control en los golpes defensivos.<\/li>\n<li class=\"gl-vspace-bpall-small\">Power Extra Grip.<\/li>\n<li class=\"gl-vspace-bpall-small\">Pala profesional para jugadores de alto nivel y pr\u00e1ctica frecuente.<\/li>\n<li class=\"gl-vspace-bpall-small\">Color: Dark Blue \/ Black \/ Chalk White.<\/li>\n<li class=\"gl-vspace-bpall-small\">Modelo: JK5306.<\/li>\n<\/ul>\n<\/div>\n<\/div>\n<\/div>\n","protected":false},"excerpt":{"rendered":"<p>CROSS IT CARBON CTRL Juega como la \u00e9lite La pala Cross It Carbon CTRL representa una de las mayores innovaciones<\/p>\n","protected":false},"featured_media":83034,"comment_status":"open","ping_status":"closed","template":"","meta":{"nf_dc_page":""},"product_brand":[1368],"product_cat":[93],"product_tag":[2424],"class_list":{"0":"post-83033","1":"product","2":"type-product","3":"status-publish","4":"has-post-thumbnail","6":"product_brand-adidas","7":"product_cat-deportivo","8":"product_tag-2424","10":"first","11":"instock","12":"shipping-taxable","13":"purchasable","14":"product-type-simple"},"_links":{"self":[{"href":"https:\/\/brandss.com.py\/index\/wp-json\/wp\/v2\/product\/83033","targetHints":{"allow":["GET"]}}],"collection":[{"href":"https:\/\/brandss.com.py\/index\/wp-json\/wp\/v2\/product"}],"about":[{"href":"https:\/\/brandss.com.py\/index\/wp-json\/wp\/v2\/types\/product"}],"replies":[{"embeddable":true,"href":"https:\/\/brandss.com.py\/index\/wp-json\/wp\/v2\/comments?post=83033"}],"version-history":[{"count":1,"href":"https:\/\/brandss.com.py\/index\/wp-json\/wp\/v2\/product\/83033\/revisions"}],"predecessor-version":[{"id":83040,"href":"https:\/\/brandss.com.py\/index\/wp-json\/wp\/v2\/product\/83033\/revisions\/83040"}],"wp:featuredmedia":[{"embeddable":true,"href":"https:\/\/brandss.com.py\/index\/wp-json\/wp\/v2\/media\/83034"}],"wp:attachment":[{"href":"https:\/\/brandss.com.py\/index\/wp-json\/wp\/v2\/media?parent=83033"}],"wp:term":[{"taxonomy":"product_brand","embeddable":true,"href":"https:\/\/brandss.com.py\/index\/wp-json\/wp\/v2\/product_brand?post=83033"},{"taxonomy":"product_cat","embeddable":true,"href":"https:\/\/brandss.com.py\/index\/wp-json\/wp\/v2\/product_cat?post=83033"},{"taxonomy":"product_tag","embeddable":true,"href":"https:\/\/brandss.com.py\/index\/wp-json\/wp\/v2\/product_tag?post=83033"}],"curies":[{"name":"wp","href":"https:\/\/api.w.org\/{rel}","templated":true}]}}