{"id":83041,"date":"2025-05-28T11:22:37","date_gmt":"2025-05-28T11:22:37","guid":{"rendered":"https:\/\/brandss.com.py\/index\/?post_type=product&#038;p=83041"},"modified":"2026-01-10T18:50:31","modified_gmt":"2026-01-10T18:50:31","slug":"pelota-de-padel-unisex-adidas-balls-speed-rx-set-de-3","status":"publish","type":"product","link":"https:\/\/brandss.com.py\/index\/producto\/pelota-de-padel-unisex-adidas-balls-speed-rx-set-de-3\/","title":{"rendered":"PELOTA DE P\u00c1DEL UNISEX ADIDAS BALLS SPEED RX SET DE 3"},"content":{"rendered":"<p><img loading=\"lazy\" decoding=\"async\" class=\"\" src=\"https:\/\/upload.wikimedia.org\/wikipedia\/commons\/2\/20\/Adidas_Logo.svg\" alt=\"Archivo:Adidas Logo.svg - Wikipedia, la enciclopedia libre\" width=\"70\" height=\"48\" \/><\/p>\n<h1>BALLS SPEED RX<\/h1>\n<p>Pelotas de p\u00e1del de alta calidad, dise\u00f1adas espec\u00edficamente para adaptarse a las nuevas exigencias del juego. Esta pelota se caracteriza por su velocidad y rebote, permitiendo al jugador llevar su juego al m\u00e1ximo nivel.<\/p>\n<p><span data-sheets-value=\"{&quot;1&quot;:2,&quot;2&quot;:&quot;Speed Rx stands out for its great durability, due to the composition of high density rubber and light weight felt that allows to extend its characteristics to the maximum.&quot;}\" data-sheets-userformat=\"{&quot;2&quot;:14845,&quot;3&quot;:{&quot;1&quot;:0,&quot;3&quot;:1},&quot;5&quot;:{&quot;1&quot;:[{&quot;1&quot;:2,&quot;2&quot;:0,&quot;5&quot;:{&quot;1&quot;:2,&quot;2&quot;:0}},{&quot;1&quot;:0,&quot;2&quot;:0,&quot;3&quot;:3},{&quot;1&quot;:1,&quot;2&quot;:0,&quot;4&quot;:1}]},&quot;6&quot;:{&quot;1&quot;:[{&quot;1&quot;:2,&quot;2&quot;:0,&quot;5&quot;:{&quot;1&quot;:2,&quot;2&quot;:0}},{&quot;1&quot;:0,&quot;2&quot;:0,&quot;3&quot;:3},{&quot;1&quot;:1,&quot;2&quot;:0,&quot;4&quot;:1}]},&quot;7&quot;:{&quot;1&quot;:[{&quot;1&quot;:2,&quot;2&quot;:0,&quot;5&quot;:{&quot;1&quot;:2,&quot;2&quot;:0}},{&quot;1&quot;:0,&quot;2&quot;:0,&quot;3&quot;:3},{&quot;1&quot;:1,&quot;2&quot;:0,&quot;4&quot;:1}]},&quot;8&quot;:{&quot;1&quot;:[{&quot;1&quot;:2,&quot;2&quot;:0,&quot;5&quot;:{&quot;1&quot;:2,&quot;2&quot;:0}},{&quot;1&quot;:0,&quot;2&quot;:0,&quot;3&quot;:3},{&quot;1&quot;:1,&quot;2&quot;:0,&quot;4&quot;:1}]},&quot;9&quot;:1,&quot;10&quot;:1,&quot;11&quot;:4,&quot;14&quot;:{&quot;1&quot;:3,&quot;3&quot;:1},&quot;15&quot;:&quot;Calibri&quot;,&quot;16&quot;:11}\">Speed \u200b\u200bRx destaca por su gran durabilidad, debido a la composici\u00f3n de caucho de alta densidad y fieltro ligero que permite prolongar al m\u00e1ximo sus caracter\u00edsticas.<\/span><\/p>\n<p>Dale m\u00e1s velocidad a tu juego con el nuevo bal\u00f3n Speed \u200b\u200bRX, un modelo dise\u00f1ado por Adidas 2021. Est\u00e1 fabricado con caucho de alta calidad y destaca por su r\u00e1pida recuperaci\u00f3n, por lo que ofrece un mayor rebote y, por tanto, m\u00e1s velocidad en el juego.<\/p>\n<p>Por otro lado, se ha fabricado con materiales resistentes que garantizan una larga durabilidad. En su exterior, la pelota est\u00e1 hecha de un nuevo fieltro ligero y altamente flexible con un 50 % de lana, que proporciona una comodidad superior y una mejor respuesta al golpear.<\/p>\n<h3>Detalles<\/h3>\n<ul>\n<li>Las Adidas Speed \u200b\u200bRX son pelotas de alto rendimiento.<\/li>\n<li>Pelotas de p\u00e1del con mayor rebote.<\/li>\n<li>Minimiza las vibraciones y consigue un vuelo suave.<\/li>\n<li>Fieltro elaborado con 50% lana.<\/li>\n<li>Botella de 3 unidades, color amarillo y logo de la marca.<\/li>\n<li>Pertenece al cat\u00e1logo de Adidas Padel.<\/li>\n<li>Peso: 58gr por ovillo.<\/li>\n<li>Tama\u00f1o: 2,66 (6,75 cm).<\/li>\n<li>Color: Amarillo.<\/li>\n<li>Fieltro ligero y muy flexible.<\/li>\n<li>Fieltro de lana y nailon: n\u00facleo de espuma de alta resistencia.<\/li>\n<\/ul>\n","protected":false},"excerpt":{"rendered":"<p>BALLS SPEED RX Pelotas de p\u00e1del de alta calidad, dise\u00f1adas espec\u00edficamente para adaptarse a las nuevas exigencias del juego. Esta<\/p>\n","protected":false},"featured_media":83046,"comment_status":"open","ping_status":"closed","template":"","meta":{"nf_dc_page":""},"product_brand":[1368],"product_cat":[93],"product_tag":[2425],"class_list":{"0":"post-83041","1":"product","2":"type-product","3":"status-publish","4":"has-post-thumbnail","6":"product_brand-adidas","7":"product_cat-deportivo","8":"product_tag-2425","10":"first","11":"instock","12":"shipping-taxable","13":"purchasable","14":"product-type-simple"},"_links":{"self":[{"href":"https:\/\/brandss.com.py\/index\/wp-json\/wp\/v2\/product\/83041","targetHints":{"allow":["GET"]}}],"collection":[{"href":"https:\/\/brandss.com.py\/index\/wp-json\/wp\/v2\/product"}],"about":[{"href":"https:\/\/brandss.com.py\/index\/wp-json\/wp\/v2\/types\/product"}],"replies":[{"embeddable":true,"href":"https:\/\/brandss.com.py\/index\/wp-json\/wp\/v2\/comments?post=83041"}],"version-history":[{"count":1,"href":"https:\/\/brandss.com.py\/index\/wp-json\/wp\/v2\/product\/83041\/revisions"}],"predecessor-version":[{"id":83047,"href":"https:\/\/brandss.com.py\/index\/wp-json\/wp\/v2\/product\/83041\/revisions\/83047"}],"wp:featuredmedia":[{"embeddable":true,"href":"https:\/\/brandss.com.py\/index\/wp-json\/wp\/v2\/media\/83046"}],"wp:attachment":[{"href":"https:\/\/brandss.com.py\/index\/wp-json\/wp\/v2\/media?parent=83041"}],"wp:term":[{"taxonomy":"product_brand","embeddable":true,"href":"https:\/\/brandss.com.py\/index\/wp-json\/wp\/v2\/product_brand?post=83041"},{"taxonomy":"product_cat","embeddable":true,"href":"https:\/\/brandss.com.py\/index\/wp-json\/wp\/v2\/product_cat?post=83041"},{"taxonomy":"product_tag","embeddable":true,"href":"https:\/\/brandss.com.py\/index\/wp-json\/wp\/v2\/product_tag?post=83041"}],"curies":[{"name":"wp","href":"https:\/\/api.w.org\/{rel}","templated":true}]}}