{"id":83054,"date":"2025-05-28T16:12:28","date_gmt":"2025-05-28T16:12:28","guid":{"rendered":"https:\/\/brandss.com.py\/index\/?post_type=product&#038;p=83054"},"modified":"2026-01-10T18:52:26","modified_gmt":"2026-01-10T18:52:26","slug":"pala-de-padel-unisex-adidas-adipower-ctrl-3-3-2024","status":"publish","type":"product","link":"https:\/\/brandss.com.py\/index\/producto\/pala-de-padel-unisex-adidas-adipower-ctrl-3-3-2024\/","title":{"rendered":"PALA DE P\u00c1DEL UNISEX ADIDAS ADIPOWER CTRL 3.3 2024"},"content":{"rendered":"<p><img loading=\"lazy\" decoding=\"async\" class=\"\" src=\"https:\/\/encrypted-tbn0.gstatic.com\/images?q=tbn:ANd9GcSGLJC-hmcfN9t5pvZRmFrTBktTfr4lpdWKTA&amp;s\" alt=\"Archivo:Adidas Logo.svg - Wikipedia, la enciclopedia libre\" width=\"121\" height=\"81\" \/><\/p>\n<h1>ADIPOWER CTRL 3.3 2024<\/h1>\n<h3>Descubre la raqueta donde el control es omnipresente.<\/h3>\n<p>Cada detalle realza la precisi\u00f3n en el juego sin perder de vista el estilo de ataque. La ADIPOWER CTRL 3.3 es control. Esta raqueta, dise\u00f1ada para los jugadores de m\u00e1s alto nivel, incorpora lo mejor para encontrar la precisi\u00f3n en cada golpe. La combinaci\u00f3n de goma EVA Soft Performance y fibra de carbono 3K crea una raqueta equilibrada con un rendimiento extremadamente alto. El efecto alcanza nuevas cotas gracias a la rugosidad del molde Spin Blade Mold y al patr\u00f3n de agujeros Smart Holes Curve. Porque la potencia siempre es necesaria, las tecnolog\u00edas Dual Exoskeleton y Power Embossed Ridge refuerzan el n\u00facleo y el marco para lograr la m\u00e1xima rigidez.<\/p>\n<h3>DUAL EXOSKELETON<\/h3>\n<p>Para desplegar la m\u00e1xima potencia, la raqueta debe mantenerse lo m\u00e1s r\u00edgida posible en cualquier circunstancia. Esta tecnolog\u00eda implica un gran refuerzo basado en una doble inserci\u00f3n de fibras de carbono en el n\u00facleo y el marco de la raqueta, dos de las zonas clave.<\/p>\n<h3>SPIN BLADE MOLD:<\/h3>\n<p>El efecto se libera con gran facilidad gracias a la rugosidad insertada en el molde de la raqueta que incorpora esta tecnolog\u00eda. El relieve 3D aumenta el agarre de la superficie para una generaci\u00f3n de efectos m\u00e1s fluida.<\/p>\n<h3>POWER EMBOSSED RIDGE:<\/h3>\n<p>La m\u00e1xima potencia proviene de una raqueta con la m\u00e1xima rigidez. Para ello, los refuerzos son fundamentales. Esta nervadura de carbono, ubicada en el exterior del marco, aumenta la resistencia a la torsi\u00f3n en los impactos m\u00e1s potentes.<\/p>\n<h3>Detalles<\/h3>\n<p>L\u00ednea de productos: Adipower.<br \/>\nPeso: 360-375 gramos.<br \/>\nCentro: 38 mil\u00edmetros.<br \/>\nPerfil: 38 mil\u00edmetros.<br \/>\nBalance: Medio.<br \/>\nForma: Redondo.<br \/>\nPerfil del jugador: Pro.<br \/>\nN\u00facleo interno: Rendimiento suave de Eva.<br \/>\nMarco: 100% Carbon.<br \/>\nN\u00facleo externo: Carbono 3K.<br \/>\nControl\/Poder: Control.<\/p>\n","protected":false},"excerpt":{"rendered":"<p>ADIPOWER CTRL 3.3 2024 Descubre la raqueta donde el control es omnipresente. Cada detalle realza la precisi\u00f3n en el juego<\/p>\n","protected":false},"featured_media":83055,"comment_status":"open","ping_status":"closed","template":"","meta":{"nf_dc_page":""},"product_brand":[1368],"product_cat":[93],"product_tag":[2426],"class_list":{"0":"post-83054","1":"product","2":"type-product","3":"status-publish","4":"has-post-thumbnail","6":"product_brand-adidas","7":"product_cat-deportivo","8":"product_tag-2426","10":"first","11":"instock","12":"shipping-taxable","13":"purchasable","14":"product-type-simple"},"_links":{"self":[{"href":"https:\/\/brandss.com.py\/index\/wp-json\/wp\/v2\/product\/83054","targetHints":{"allow":["GET"]}}],"collection":[{"href":"https:\/\/brandss.com.py\/index\/wp-json\/wp\/v2\/product"}],"about":[{"href":"https:\/\/brandss.com.py\/index\/wp-json\/wp\/v2\/types\/product"}],"replies":[{"embeddable":true,"href":"https:\/\/brandss.com.py\/index\/wp-json\/wp\/v2\/comments?post=83054"}],"version-history":[{"count":1,"href":"https:\/\/brandss.com.py\/index\/wp-json\/wp\/v2\/product\/83054\/revisions"}],"predecessor-version":[{"id":83063,"href":"https:\/\/brandss.com.py\/index\/wp-json\/wp\/v2\/product\/83054\/revisions\/83063"}],"wp:featuredmedia":[{"embeddable":true,"href":"https:\/\/brandss.com.py\/index\/wp-json\/wp\/v2\/media\/83055"}],"wp:attachment":[{"href":"https:\/\/brandss.com.py\/index\/wp-json\/wp\/v2\/media?parent=83054"}],"wp:term":[{"taxonomy":"product_brand","embeddable":true,"href":"https:\/\/brandss.com.py\/index\/wp-json\/wp\/v2\/product_brand?post=83054"},{"taxonomy":"product_cat","embeddable":true,"href":"https:\/\/brandss.com.py\/index\/wp-json\/wp\/v2\/product_cat?post=83054"},{"taxonomy":"product_tag","embeddable":true,"href":"https:\/\/brandss.com.py\/index\/wp-json\/wp\/v2\/product_tag?post=83054"}],"curies":[{"name":"wp","href":"https:\/\/api.w.org\/{rel}","templated":true}]}}