{"id":83064,"date":"2025-05-28T16:41:25","date_gmt":"2025-05-28T16:41:25","guid":{"rendered":"https:\/\/brandss.com.py\/index\/?post_type=product&#038;p=83064"},"modified":"2026-01-10T18:53:48","modified_gmt":"2026-01-10T18:53:48","slug":"pala-de-padel-unisex-adidas-adipower-team-light-3-3","status":"publish","type":"product","link":"https:\/\/brandss.com.py\/index\/producto\/pala-de-padel-unisex-adidas-adipower-team-light-3-3\/","title":{"rendered":"PALA DE P\u00c1DEL UNISEX ADIDAS ADIPOWER TEAM LIGHT 3.3"},"content":{"rendered":"<p><img loading=\"lazy\" decoding=\"async\" class=\"\" src=\"https:\/\/encrypted-tbn0.gstatic.com\/images?q=tbn:ANd9GcSGLJC-hmcfN9t5pvZRmFrTBktTfr4lpdWKTA&amp;s\" alt=\"Archivo:Adidas Logo.svg - Wikipedia, la enciclopedia libre\" width=\"80\" height=\"54\" \/><\/p>\n<h1>ADIPOWER TEAM LIGHT 3.3<\/h1>\n<p>La ADIPOWER TEAM LIGHT destaca por ser una pala dise\u00f1ada para jugadores de alto nivel que prefieren cargar con menos peso en el brazo. Sus tecnolog\u00edas y el menor peso la convierten en una elecci\u00f3n muy atractiva para este perfil. La Fiber Glass y la goma EVA Soft Performance refuerzan su capacidad de manejo, el tacto y la salida de bola. A todas estas caracter\u00edsticas gracias a su composici\u00f3n, se le suma la tecnolog\u00eda Spin Blade Decal, una capa rugosa en la superficie que favorece la creaci\u00f3n de efectos. Su forma es redonda para facilitar el control. Sin embargo, cuenta tambi\u00e9n con tecnolog\u00edas para destacar en cuanto a potencia. El Dual Exoskeleton y el Power Embossed Ridge mejoran la rigidez y completan una pala sobresaliente en todos los aspectos.<\/p>\n<div class=\"elementor-column elementor-element elementor-element-zlb5wly elementor-col-33 elementor-top-column\" data-element_type=\"column\">\n<div class=\"elementor-column-wrap elementor-element-populated\">\n<div class=\"elementor-widget-wrap\">\n<div class=\"elementor-widget elementor-element elementor-element-hnb7yxr elementor-widget-heading\" data-element_type=\"heading\">\n<div class=\"elementor-widget-container\">\n<h4 class=\"elementor-heading-title elementor-size-default none\">DUAL EXOSKELETON<\/h4>\n<\/div>\n<\/div>\n<div class=\"elementor-widget elementor-element elementor-element-9w54gjg elementor-widget-text-editor\" data-element_type=\"text-editor\">\n<div class=\"elementor-widget-container\">\n<div class=\"elementor-text-editor rte-content\">\n<p>Para desplegar la m\u00e1xima potencia, la pala debe mantenerse lo m\u00e1s r\u00edgida posible ante cualquier circunstancia. Esta tecnolog\u00eda supone un gran refuerzo a base de una doble inserci\u00f3n de fibras de carbono en el coraz\u00f3n y el marco de la pala, dos de las \u00e1reas claves.<\/p>\n<\/div>\n<\/div>\n<\/div>\n<\/div>\n<\/div>\n<\/div>\n<div class=\"elementor-column elementor-element elementor-element-vxqvctv elementor-col-33 elementor-top-column\" data-element_type=\"column\">\n<div class=\"elementor-column-wrap elementor-element-populated\">\n<div class=\"elementor-widget-wrap\">\n<div class=\"elementor-widget elementor-element elementor-element-44x0t7j elementor-widget-image\" data-element_type=\"image\">\n<div class=\"elementor-widget-container\">\n<div class=\"elementor-image\"><\/div>\n<\/div>\n<\/div>\n<div class=\"elementor-widget elementor-element elementor-element-0lf11mw elementor-widget-heading\" data-element_type=\"heading\">\n<div class=\"elementor-widget-container\">\n<h4 class=\"elementor-heading-title elementor-size-default none\">SPIN BLADE decal<\/h4>\n<\/div>\n<\/div>\n<div class=\"elementor-widget elementor-element elementor-element-oobpq9z elementor-widget-text-editor\" data-element_type=\"text-editor\">\n<div class=\"elementor-widget-container\">\n<div class=\"elementor-text-editor rte-content\">\n<p>Esta tecnolog\u00eda cubre las caras de la pala con una superficie rugosa con una alta capacidad de agarre. La fricci\u00f3n con la bola es total, con lo que los efectos nacen con una facilidad pasmosa.<\/p>\n<\/div>\n<\/div>\n<\/div>\n<\/div>\n<\/div>\n<\/div>\n<div class=\"elementor-column elementor-element elementor-element-03ukyvv elementor-col-33 elementor-top-column\" data-element_type=\"column\">\n<div class=\"elementor-column-wrap elementor-element-populated\">\n<div class=\"elementor-widget-wrap\">\n<div class=\"elementor-widget elementor-element elementor-element-r2ashmg elementor-widget-image\" data-element_type=\"image\">\n<div class=\"elementor-widget-container\">\n<div class=\"elementor-image\"><\/div>\n<\/div>\n<\/div>\n<div class=\"elementor-widget elementor-element elementor-element-nk7ejmn elementor-widget-heading\" data-element_type=\"heading\">\n<div class=\"elementor-widget-container\">\n<h4 class=\"elementor-heading-title elementor-size-default none\">POWER EMBOSSED RIDGE<\/h4>\n<\/div>\n<\/div>\n<div class=\"elementor-widget elementor-element elementor-element-wdvqk3f elementor-widget-text-editor\" data-element_type=\"text-editor\">\n<div class=\"elementor-widget-container\">\n<div class=\"elementor-text-editor rte-content\">\n<p>La m\u00e1xima potencia nace de una pala con la mayor rigidez. Para ello, los refuerzos son fundamentales. Este nervio de carbono ubicado en la parte exterior del marco aumenta sustancialmente la resistencia a la torsi\u00f3n en los impactos m\u00e1s poderosos con la bola.<\/p>\n<div class=\"elementor-widget elementor-element elementor-widget-heading\" data-element_type=\"heading\">\n<div class=\"elementor-widget-container\">\n<h3 class=\"elementor-heading-title elementor-size-large none\">Detalles<\/h3>\n<\/div>\n<\/div>\n<section class=\"product-features\">Nivel: Avanzado.Tipo de juego: Control.<\/p>\n<p>Forma: Redonda.<\/p>\n<p>Balance: Even (265 mm).<\/p>\n<p>Peso: 345-360gr (Light Weight).<\/p>\n<p>Superficie: 460 cm2.<\/p>\n<p>Longitud: 455 mm.<\/p>\n<p>Grosor: 38 mm.<\/p>\n<p>Protector: 3M Protector Tape.<\/p>\n<p>Goma : Eva Soft Performance.<\/p>\n<p>Fibra: Fiber Glass.<\/p>\n<p>Poder: Dual Exoeskeleton.<\/p>\n<p>Refuerzo: Power Embossed Ridge.<\/p>\n<p>Durabilidad: Structural Reinforcement.<\/p>\n<p>Efectos: Spin Blade Decal.<\/p>\n<p>Efectos 2: Smart Holes Curve.<\/p>\n<p>Personalizaci\u00f3n: No.<\/p>\n<p>Modelo: Adipower.<\/p>\n<p>Colecci\u00f3n: 2024.<\/p>\n<p>Punto dulce: Centro.<\/p>\n<p>Color: \u200eBlanco\/ Lima\/ Negro.<\/p>\n<p>Modelo: ADRK2CA2U0015F.<\/p>\n<p class=\"data-sheet two-columns\"><label class=\"label\">\u00a0<\/label><\/p>\n<\/section>\n<\/div>\n<\/div>\n<\/div>\n<\/div>\n<\/div>\n<\/div>\n","protected":false},"excerpt":{"rendered":"<p>ADIPOWER TEAM LIGHT 3.3 La ADIPOWER TEAM LIGHT destaca por ser una pala dise\u00f1ada para jugadores de alto nivel que<\/p>\n","protected":false},"featured_media":83065,"comment_status":"open","ping_status":"closed","template":"","meta":{"nf_dc_page":""},"product_brand":[1368],"product_cat":[93],"product_tag":[2427],"class_list":{"0":"post-83064","1":"product","2":"type-product","3":"status-publish","4":"has-post-thumbnail","6":"product_brand-adidas","7":"product_cat-deportivo","8":"product_tag-2427","10":"first","11":"instock","12":"shipping-taxable","13":"purchasable","14":"product-type-simple"},"_links":{"self":[{"href":"https:\/\/brandss.com.py\/index\/wp-json\/wp\/v2\/product\/83064","targetHints":{"allow":["GET"]}}],"collection":[{"href":"https:\/\/brandss.com.py\/index\/wp-json\/wp\/v2\/product"}],"about":[{"href":"https:\/\/brandss.com.py\/index\/wp-json\/wp\/v2\/types\/product"}],"replies":[{"embeddable":true,"href":"https:\/\/brandss.com.py\/index\/wp-json\/wp\/v2\/comments?post=83064"}],"version-history":[{"count":3,"href":"https:\/\/brandss.com.py\/index\/wp-json\/wp\/v2\/product\/83064\/revisions"}],"predecessor-version":[{"id":83075,"href":"https:\/\/brandss.com.py\/index\/wp-json\/wp\/v2\/product\/83064\/revisions\/83075"}],"wp:featuredmedia":[{"embeddable":true,"href":"https:\/\/brandss.com.py\/index\/wp-json\/wp\/v2\/media\/83065"}],"wp:attachment":[{"href":"https:\/\/brandss.com.py\/index\/wp-json\/wp\/v2\/media?parent=83064"}],"wp:term":[{"taxonomy":"product_brand","embeddable":true,"href":"https:\/\/brandss.com.py\/index\/wp-json\/wp\/v2\/product_brand?post=83064"},{"taxonomy":"product_cat","embeddable":true,"href":"https:\/\/brandss.com.py\/index\/wp-json\/wp\/v2\/product_cat?post=83064"},{"taxonomy":"product_tag","embeddable":true,"href":"https:\/\/brandss.com.py\/index\/wp-json\/wp\/v2\/product_tag?post=83064"}],"curies":[{"name":"wp","href":"https:\/\/api.w.org\/{rel}","templated":true}]}}