{"id":83076,"date":"2025-05-28T17:04:44","date_gmt":"2025-05-28T17:04:44","guid":{"rendered":"https:\/\/brandss.com.py\/index\/?post_type=product&#038;p=83076"},"modified":"2026-01-10T18:55:22","modified_gmt":"2026-01-10T18:55:22","slug":"pala-de-padel-unisex-adidas-cross-it-3-3","status":"publish","type":"product","link":"https:\/\/brandss.com.py\/index\/producto\/pala-de-padel-unisex-adidas-cross-it-3-3\/","title":{"rendered":"PALA DE P\u00c1DEL UNISEX ADIDAS CROSS IT 3.3"},"content":{"rendered":"<p><img loading=\"lazy\" decoding=\"async\" class=\"\" src=\"https:\/\/encrypted-tbn0.gstatic.com\/images?q=tbn:ANd9GcSGLJC-hmcfN9t5pvZRmFrTBktTfr4lpdWKTA&amp;s\" alt=\"Archivo:Adidas Logo.svg - Wikipedia, la enciclopedia libre\" width=\"89\" height=\"60\" \/><\/p>\n<h1>CROSS IT 3.3<\/h1>\n<p>La nueva CROSS IT es una pala para jugadores diferentes, aquellos que ven el p\u00e1del con los ojos de un profesional. Incorpora una gran cantidad de tecnolog\u00edas para llevar el juego a nuevas cotas. Cuenta con el Extra Power Grip, una nueva empu\u00f1adura de mayor longitud que desplaza el balance a la cabeza de la pala y permite conseguir golpes m\u00e1s potentes. Los materiales concentran la mayor rigidez para reforzar esta capacidad. Son la fibra Carbon Aluminized 15K y la goma EVA High Memory. La tecnolog\u00eda tambi\u00e9n llega a los orificios de la pala. El sistema Eleven 13 est\u00e1 formado por agujeros de menor tama\u00f1o a los habituales en el centro de la cabeza para mejorar la durabilidad de la pala. Y tambi\u00e9n en una zona hueca, en el coraz\u00f3n, se encuentra la mayor innovaci\u00f3n de la nueva CROSS IT. El Dynamic Air Flow dispone esta parte de la pala de la mejor forma para facilitar el flujo de aire. Esta aportaci\u00f3n aerodin\u00e1mica reduce la resistencia, aumenta la velocidad de los movimientos y, por tanto, incrementa la capacidad potente de la pala.<\/p>\n<div class=\"elementor-column elementor-element elementor-element-pdlrpgd elementor-col-33 elementor-top-column\" data-element_type=\"column\">\n<div class=\"elementor-column-wrap elementor-element-populated\">\n<div class=\"elementor-widget-wrap\">\n<div class=\"elementor-widget elementor-element elementor-element-642csmk elementor-widget-heading\" data-element_type=\"heading\">\n<div class=\"elementor-widget-container\">\n<h4 class=\"elementor-heading-title elementor-size-default none\">DYNAMIC AIR FLOW<\/h4>\n<\/div>\n<\/div>\n<div class=\"elementor-widget elementor-element elementor-element-wiqndlk elementor-widget-text-editor\" data-element_type=\"text-editor\">\n<div class=\"elementor-widget-container\">\n<div class=\"elementor-text-editor rte-content\">\n<p>La aerodin\u00e1mica ha llegado al mundo del p\u00e1del. Esta tecnolog\u00eda reduce la resistencia del aire en la zona del cuello de la pala para ganar en velocidad en la ejecuci\u00f3n de los golpes, sobre todo los m\u00e1s potentes.<\/p>\n<\/div>\n<\/div>\n<\/div>\n<\/div>\n<\/div>\n<\/div>\n<div class=\"elementor-column elementor-element elementor-element-52ae4th elementor-col-33 elementor-top-column\" data-element_type=\"column\">\n<div class=\"elementor-column-wrap elementor-element-populated\">\n<div class=\"elementor-widget-wrap\">\n<div class=\"elementor-widget elementor-element elementor-element-kuuputd elementor-widget-image\" data-element_type=\"image\">\n<div class=\"elementor-widget-container\">\n<div class=\"elementor-image\"><\/div>\n<\/div>\n<\/div>\n<div class=\"elementor-widget elementor-element elementor-element-2zbzg9n elementor-widget-heading\" data-element_type=\"heading\">\n<div class=\"elementor-widget-container\">\n<h4 class=\"elementor-heading-title elementor-size-default none\">ELEVEN 13<\/h4>\n<\/div>\n<\/div>\n<div class=\"elementor-widget elementor-element elementor-element-3eo873y elementor-widget-text-editor\" data-element_type=\"text-editor\">\n<div class=\"elementor-widget-container\">\n<div class=\"elementor-text-editor rte-content\">\n<p>Una nueva forma de disponer los agujeros que mejora la durabilidad y la capacidad de potencia de la pala. Consisten en unos orificios de menor tama\u00f1o al habitual situados en la parte central de la cabeza. De este modo, esa parte central gana en consistencia y rigidez.<\/p>\n<\/div>\n<\/div>\n<\/div>\n<\/div>\n<\/div>\n<\/div>\n<div class=\"elementor-column elementor-element elementor-element-rgpfyvk elementor-col-33 elementor-top-column\" data-element_type=\"column\">\n<div class=\"elementor-column-wrap elementor-element-populated\">\n<div class=\"elementor-widget-wrap\">\n<div class=\"elementor-widget elementor-element elementor-element-2ov3tzt elementor-widget-image\" data-element_type=\"image\">\n<div class=\"elementor-widget-container\">\n<div class=\"elementor-image\"><\/div>\n<\/div>\n<\/div>\n<div class=\"elementor-widget elementor-element elementor-element-6hjnb0e elementor-widget-heading\" data-element_type=\"heading\">\n<div class=\"elementor-widget-container\">\n<h4 class=\"elementor-heading-title elementor-size-default none\">EXTRA POWER GRIP<\/h4>\n<\/div>\n<\/div>\n<div class=\"elementor-widget elementor-element elementor-element-nbv6gf7 elementor-widget-text-editor\" data-element_type=\"text-editor\">\n<div class=\"elementor-widget-container\">\n<div class=\"elementor-text-editor rte-content\">\n<p>El grip de la pala es de mayor longitud a la habitual. Con ello, el balance de la pala se concentra en la cabeza, un factor que permite ganar m\u00e1s inercia y un mejor comportamiento en los golpes potentes.<\/p>\n<\/div>\n<h3>Detalles<\/h3>\n<p>Nivel: PRO.<\/p>\n<p>Tipo de juego: Ataque.<\/p>\n<p>Forma: Diamante Oversize.<\/p>\n<p>Balance: Head Heavy (285 mm).<\/p>\n<p>Peso: 360-375gr.<\/p>\n<p>Longitud: 455 mm.<\/p>\n<p>Grosor: 38 mm.<\/p>\n<p>Protector: 3M Protector Tape.<\/p>\n<p>Goma : Eva High Memory.<\/p>\n<p>Fibra: Carbon Aluminized 15k.<\/p>\n<p>Poder: Dynamic Air Flow.<\/p>\n<p>Refuerzo: Extra Power Grip.<\/p>\n<p>Durabilidad: Structural Reinforcement.<\/p>\n<p>Efectos: Spin Blade Mold.<\/p>\n<p>Efectos 2: Eleven 13.<\/p>\n<p>Personalizaci\u00f3n: No.<\/p>\n<p>Modelo: Cross It.<\/p>\n<p>Colecci\u00f3n: 2024.<\/p>\n<p>Punto dulce: Alto.<\/p>\n<p>Color: Naranja\/ Negro.<\/p>\n<p>Modelo: ADRK1AA4U0063F.<\/p>\n<\/div>\n<\/div>\n<\/div>\n<\/div>\n<\/div>\n","protected":false},"excerpt":{"rendered":"<p>CROSS IT 3.3 La nueva CROSS IT es una pala para jugadores diferentes, aquellos que ven el p\u00e1del con los<\/p>\n","protected":false},"featured_media":83077,"comment_status":"open","ping_status":"closed","template":"","meta":{"nf_dc_page":""},"product_brand":[1368],"product_cat":[93],"product_tag":[2428],"class_list":{"0":"post-83076","1":"product","2":"type-product","3":"status-publish","4":"has-post-thumbnail","6":"product_brand-adidas","7":"product_cat-deportivo","8":"product_tag-2428","10":"first","11":"outofstock","12":"shipping-taxable","13":"purchasable","14":"product-type-simple"},"_links":{"self":[{"href":"https:\/\/brandss.com.py\/index\/wp-json\/wp\/v2\/product\/83076","targetHints":{"allow":["GET"]}}],"collection":[{"href":"https:\/\/brandss.com.py\/index\/wp-json\/wp\/v2\/product"}],"about":[{"href":"https:\/\/brandss.com.py\/index\/wp-json\/wp\/v2\/types\/product"}],"replies":[{"embeddable":true,"href":"https:\/\/brandss.com.py\/index\/wp-json\/wp\/v2\/comments?post=83076"}],"version-history":[{"count":1,"href":"https:\/\/brandss.com.py\/index\/wp-json\/wp\/v2\/product\/83076\/revisions"}],"predecessor-version":[{"id":83084,"href":"https:\/\/brandss.com.py\/index\/wp-json\/wp\/v2\/product\/83076\/revisions\/83084"}],"wp:featuredmedia":[{"embeddable":true,"href":"https:\/\/brandss.com.py\/index\/wp-json\/wp\/v2\/media\/83077"}],"wp:attachment":[{"href":"https:\/\/brandss.com.py\/index\/wp-json\/wp\/v2\/media?parent=83076"}],"wp:term":[{"taxonomy":"product_brand","embeddable":true,"href":"https:\/\/brandss.com.py\/index\/wp-json\/wp\/v2\/product_brand?post=83076"},{"taxonomy":"product_cat","embeddable":true,"href":"https:\/\/brandss.com.py\/index\/wp-json\/wp\/v2\/product_cat?post=83076"},{"taxonomy":"product_tag","embeddable":true,"href":"https:\/\/brandss.com.py\/index\/wp-json\/wp\/v2\/product_tag?post=83076"}],"curies":[{"name":"wp","href":"https:\/\/api.w.org\/{rel}","templated":true}]}}