{"id":83085,"date":"2025-05-28T17:24:59","date_gmt":"2025-05-28T17:24:59","guid":{"rendered":"https:\/\/brandss.com.py\/index\/?post_type=product&#038;p=83085"},"modified":"2026-01-10T18:58:09","modified_gmt":"2026-01-10T18:58:09","slug":"pala-de-padel-unisex-nox-ml10-pro-cup-corp-2023","status":"publish","type":"product","link":"https:\/\/brandss.com.py\/index\/producto\/pala-de-padel-unisex-nox-ml10-pro-cup-corp-2023\/","title":{"rendered":"PALA DE P\u00c1DEL UNISEX NOX ML10 PRO CUP CORP 2023"},"content":{"rendered":"<p><img loading=\"lazy\" decoding=\"async\" class=\"\" src=\"https:\/\/padellands.com\/wp-content\/uploads\/2024\/07\/NOX-logo-tagline.png\" alt=\"NOX te hace mejorar\" width=\"137\" height=\"57\" \/><\/p>\n<h1>ML10 PRO CUP CORP 2023<\/h1>\n<p>Pala Padel Nox ML10 Pro Cup Coorp 2023\u00a0Incluye el sistema pionero de cord\u00f3n de seguridad reemplazable\u00a0Smartstrap\u00ae,\u00a0ahora evolucionado en una pieza compacta para mayor resistencia y seguridad.\u00a0M\u00e1s higi\u00e9nico, m\u00e1s seguro y m\u00e1s personalizable. Testea Padel certifica la calidad de esta pala de p\u00e1del\u00a0frente a roturas del marco y las caras de la pala, as\u00ed como la durabilidad del producto frente a la fatiga.<\/p>\n<h4 class=\"station-tabs-tabtitle\"><span id=\"station-tabs-tab_ht-i1-t34\" class=\"station-tabs-tab mod-last is-active\" role=\"tab\" aria-controls=\"station-tabs-tabpanel_ht-i1-t34\" data-slug=\"tecnologias\"><span class=\"station-tabs-tabtext\">TECNOLOG\u00cdAS<\/span><\/span><\/h4>\n<div id=\"station-tabs-tabpanel_ht-i1-t34\" class=\"station-tabs-tabpanel is-active\" role=\"tabpanel\" aria-labelledby=\"station-tabs-tab_ht-i1-t34\" aria-hidden=\"false\">\n<div class=\"station-tabs-tabcontent\">\n<p><strong>EN EL MARCO DE LA PALA<\/strong><\/p>\n<p><strong>CARBON Frame: <\/strong><\/p>\n<p>Marco de carbono. Utilizando este material en los marcos damos m\u00e1s rigidez y durabilidad al marco y a la pala en general.<br \/>\nDCS Dynamic Composite Structure:<\/p>\n<p>Con la aplicaci\u00f3n de m\u00e1s cantidad de material desde el marco hasta cuatro cent\u00edmetros dentro de la cara conseguimos que no se note la diferencia de dureza entre el marco y la cara. De este modo conseguimos que no se produzcan grietas en la parte exterior de la pala.<\/p>\n<p><strong>EN EL N\u00daCLEO DE LA PALA<\/strong><\/p>\n<p><strong>HR3 Core: <\/strong><\/p>\n<p>N\u00facleo con goma HR3 de alta densidad con el mayor efecto de memoria. Se consigue as\u00ed una mayor potencia en el golpeo y salida de bola.<\/p>\n<p><strong>EN LA CARA DE LA PALA<\/strong><\/p>\n<p><strong>FIBER GLASS Silver: <\/strong><\/p>\n<p>Tejido de fibra de vidrio con un acabado metalizado para darle a este material un grado de rigidez que est\u00e1 entre el carbono y la fibra de vidrio.<\/p>\n<p><strong>OTRAS ZONAS DE LA PALA<\/strong><\/p>\n<p><strong>SMARTSTRAP\u00ae: <\/strong><\/p>\n<p>El Nox Smart Strap es la \u00faltima tecnolog\u00eda implementada a la nueva colecci\u00f3n de palas que te permitir\u00e1 cambiar el cord\u00f3n de agarre de forma \u00e1gil y sencilla.<\/p>\n<p>&nbsp;<\/p>\n<h4>CARACTER\u00cdSTICAS<\/h4>\n<p>Forma: Redonda.<br \/>\nGrosor: 38 mm.<br \/>\nPeso: 360-375 gramos.<br \/>\nN\u00facleo: HR3.<br \/>\nMarco: Carbono.<br \/>\nCara: 1 capa fibra de vidrio metalizada y otras capas de fibras de vidrio.<br \/>\nControl: 10\/10.<br \/>\nPotencia: 9\/10.<\/p>\n<\/div>\n<\/div>\n","protected":false},"excerpt":{"rendered":"<p>ML10 PRO CUP CORP 2023 Pala Padel Nox ML10 Pro Cup Coorp 2023\u00a0Incluye el sistema pionero de cord\u00f3n de seguridad<\/p>\n","protected":false},"featured_media":83086,"comment_status":"open","ping_status":"closed","template":"","meta":{"nf_dc_page":""},"product_brand":[2430],"product_cat":[93],"product_tag":[2429],"class_list":{"0":"post-83085","1":"product","2":"type-product","3":"status-publish","4":"has-post-thumbnail","6":"product_brand-nox","7":"product_cat-deportivo","8":"product_tag-2429","10":"first","11":"instock","12":"shipping-taxable","13":"purchasable","14":"product-type-simple"},"_links":{"self":[{"href":"https:\/\/brandss.com.py\/index\/wp-json\/wp\/v2\/product\/83085","targetHints":{"allow":["GET"]}}],"collection":[{"href":"https:\/\/brandss.com.py\/index\/wp-json\/wp\/v2\/product"}],"about":[{"href":"https:\/\/brandss.com.py\/index\/wp-json\/wp\/v2\/types\/product"}],"replies":[{"embeddable":true,"href":"https:\/\/brandss.com.py\/index\/wp-json\/wp\/v2\/comments?post=83085"}],"version-history":[{"count":1,"href":"https:\/\/brandss.com.py\/index\/wp-json\/wp\/v2\/product\/83085\/revisions"}],"predecessor-version":[{"id":83093,"href":"https:\/\/brandss.com.py\/index\/wp-json\/wp\/v2\/product\/83085\/revisions\/83093"}],"wp:featuredmedia":[{"embeddable":true,"href":"https:\/\/brandss.com.py\/index\/wp-json\/wp\/v2\/media\/83086"}],"wp:attachment":[{"href":"https:\/\/brandss.com.py\/index\/wp-json\/wp\/v2\/media?parent=83085"}],"wp:term":[{"taxonomy":"product_brand","embeddable":true,"href":"https:\/\/brandss.com.py\/index\/wp-json\/wp\/v2\/product_brand?post=83085"},{"taxonomy":"product_cat","embeddable":true,"href":"https:\/\/brandss.com.py\/index\/wp-json\/wp\/v2\/product_cat?post=83085"},{"taxonomy":"product_tag","embeddable":true,"href":"https:\/\/brandss.com.py\/index\/wp-json\/wp\/v2\/product_tag?post=83085"}],"curies":[{"name":"wp","href":"https:\/\/api.w.org\/{rel}","templated":true}]}}