{"id":83094,"date":"2025-05-28T18:43:36","date_gmt":"2025-05-28T18:43:36","guid":{"rendered":"https:\/\/brandss.com.py\/index\/?post_type=product&#038;p=83094"},"modified":"2026-01-10T18:59:54","modified_gmt":"2026-01-10T18:59:54","slug":"pala-de-padel-unisex-nox-at10-genius-12k-2025","status":"publish","type":"product","link":"https:\/\/brandss.com.py\/index\/producto\/pala-de-padel-unisex-nox-at10-genius-12k-2025\/","title":{"rendered":"PALA DE P\u00c1DEL UNISEX NOX AT10 GENIUS 12K 2025"},"content":{"rendered":"<p><img loading=\"lazy\" decoding=\"async\" class=\"\" src=\"https:\/\/padellands.com\/wp-content\/uploads\/2024\/07\/NOX-logo-tagline.png\" alt=\"NOX te hace mejorar\" width=\"105\" height=\"44\" \/><\/p>\n<h1>AT10 GENIUS 12K 2025<\/h1>\n<p>Dise\u00f1ada junto a Agust\u00edn Tapia para la\u00a0temporada 2025\u00a0para todos aquellos jugadores que buscan un tacto m\u00e1s\u00a0s\u00f3lido y r\u00edgido.\u00a0Siguiendo las indicaciones del \u201cMozart de Catamarca\u201d hemos ajustado el\u00a0balance\u00a0para lograr un plus de\u00a0velocidad en golpes r\u00e1pidos defensivos y hemos incorporado un\u00a0tap\u00f3n octogonal, dise\u00f1ado para mejorar\u00a0el agarre. Se ha mantenido la tecnolog\u00eda\u00a0EOS Flap\u00a0para optimizar la\u00a0manejabilidad\u00a0de la pala y redistribuir\u00a0el peso de manera eficiente, creando una pala\u00a0r\u00e1pida\u00a0y\u00a0letal\u00a0en la pista.<\/p>\n<h2>Equilibrio Perfecto, Velocidad Imparable<\/h2>\n<p>Siguiendo las indicaciones del \u201cMozart de Catamarca\u201d hemos ajustado el\u00a0<strong>balance<\/strong>\u00a0para lograr un plus de\u00a0velocidad en golpes r\u00e1pidos defensivos y hemos incorporado un<strong>\u00a0tap\u00f3n octogonal<\/strong>, dise\u00f1ado para mejorar\u00a0el agarre. Se ha mantenido la tecnolog\u00eda\u00a0<strong>EOS Flap<\/strong>\u00a0para optimizar la\u00a0<strong>manejabilidad\u00a0<\/strong>de la pala y redistribuir\u00a0el peso de manera eficiente, creando una pala\u00a0<strong>r\u00e1pida\u00a0<\/strong>y\u00a0<strong>letal\u00a0<\/strong>en la pista.<\/p>\n<h2>Carbono 12K y n\u00facleo MLD Black Eva<\/h2>\n<p>La innovadora combinaci\u00f3n de materiales, con\u00a0<strong>fibra de carbono 12K\u00a0<\/strong>y el n\u00facleo\u00a0<strong>multicapa MLD Black\u00a0Eva<\/strong>, ofrece una sensaci\u00f3n de golpeo s\u00f3lido y de dureza intermedia-alta. Incorpora la tecnolog\u00eda\u00a0<strong>EXCLUSIVE SPIN,<\/strong>\u00a0con\u00a0<strong>doble acabado rugoso<\/strong>: 3D hexagonal en el centro y textura de arena en el resto. Esta\u00a0combinaci\u00f3n mejora el control y permite a\u00f1adir m\u00e1s\u00a0<strong>efecto\u00a0<\/strong>a la bola.<\/p>\n<h2>Menos Vibraciones, Mayor Agarre<\/h2>\n<p>La tecnolog\u00eda\u00a0<strong>NOX Custom Grip\u00ae<\/strong>\u00a0(certificada por Testea Padel) y\u00a0<strong>Pulse System<\/strong>\u00a0contribuyen a la\u00a0absorci\u00f3n de las vibraciones que llegan a la mano, reduciendo la fatiga articular. Se incluye el sistema\u00a0pionero de cord\u00f3n de seguridad reemplazable\u00a0<strong>Smartstrap\u00ae<\/strong>. M\u00e1s higi\u00e9nico, m\u00e1s seguro y completamente personalizable.<\/p>\n<p>&nbsp;<\/p>\n<div class=\"cc-accordion-item__panel\">\n<div class=\"cc-accordion-item__content rte cf\">\n<div class=\"metafield-rich_text_field\">\n<div class=\"cc-accordion-item__panel\">\n<div class=\"cc-accordion-item__content rte cf\">\n<div class=\"metafield-rich_text_field\">\n<h2>Tecnolog\u00edas de la pala AT10 Luxury GENIUS 12K 2025:<\/h2>\n<h4>CARBON 12K<\/h4>\n<p>Carbono que se consigue entrelazando cintas de carbono vertical y horizontalmente. Al conseguir mucha m\u00e1s rigidez es un carbono m\u00e1s fino y con un peso 25% menor. Reducimos el peso de la pala sin perder rigidez ni durabilidad.<\/p>\n<h4><strong>EXCLUSIVE SPIN<\/strong><\/h4>\n<p>Novedosa tecnolog\u00eda que incluye dos tipos de acabado rugoso en la superficie de la cara: el 3D hexagonal ubicado en el centro de la pala y el acabado arena en el resto. Con esta doble rugosidad obtenemos mayor control y la posibilidad de imprimir mayores efectos a la bola. Moldeado con un ba\u00f1o en arena de s\u00edlice de bajo gramaje. Con esta rugosidad se consigue golpes con mayor efecto.<\/p>\n<h4>OVERSIZE GRIP<\/h4>\n<p>Ampliaci\u00f3n de la empu\u00f1adura de 30 mm. para los jugadores que necesitan un grip m\u00e1s largo tanto si tienen alg\u00fan golpe a dos manos como si no.<\/p>\n<h4>DCS &#8211; DYNAMIC COMPOSITE STRUCTURE<\/h4>\n<p>Con la aplicaci\u00f3n de m\u00e1s cantidad de material desde el marco hasta cuatro cent\u00edmetros dentro de la cara conseguimos que no se note la diferencia de dureza entre el marco y la cara. De este modo conseguimos que no se produzcan grietas en la parte exterior de la pala.<\/p>\n<h4>SMARTSTRAP<\/h4>\n<p>El Nox Smart Strap es la \u00faltima tecnolog\u00eda implementada a la nueva colecci\u00f3n de palas que te permitir\u00e1 cambiar el cord\u00f3n de agarre de forma \u00e1gil y sencilla.<\/p>\n<h4>PULSE SYSTEM<\/h4>\n<p>Disminuci\u00f3n de las vibraciones que se transmiten a la mano del jugador con la inserci\u00f3n de gomas laterales que van desde la base del marco hasta la parte inferior del tap\u00f3n de la pala.<\/p>\n<h4>EOS FLAP<\/h4>\n<p>Perforaciones laterales dise\u00f1adas para incrementar la manejabilidad de la pala y repartir la distribuci\u00f3n de pesos para que tengas en tus manos una pala r\u00e1pida y letal.<\/p>\n<h4>CUSTOM GRIP<\/h4>\n<p>Toda la gama Luxury incorpora la tecnolog\u00eda patentada NOX Custom Grip\u00ae, certificada por Testea Padel para el aumento de agarre y disminuci\u00f3n de vibraciones.<\/p>\n<h4>CARBON FRAME<\/h4>\n<p>Marco de carbono. Utilizando este material en los marcos damos m\u00e1s rigidez y durabilidad al marco y a la pala en general.<\/p>\n<h4>MLD &#8211; MULTILAYERED BLACK EVA<\/h4>\n<p>N\u00facleo multicapa que conjuga distintas densidades de goma para optimizar la salida de bola en golpeos defensivos de baja velocidad y la potencia en remates.<\/p>\n<p>&nbsp;<\/p>\n<div class=\"cc-accordion-item__panel\">\n<div class=\"cc-accordion-item__content rte cf\">\n<div class=\"metafield-rich_text_field\">\n<h2>Caracter\u00edsticas t\u00e9cnicas<\/h2>\n<ul>\n<li>Peso: 360 &#8211; 375g.<\/li>\n<li>Ancho: 38 mm.<\/li>\n<li>Marco: 100% carbono.<\/li>\n<li>N\u00facleo: MLD Black Eva .<\/li>\n<li>Cara: Carbon 12K.<\/li>\n<li>Superficie: Patr\u00f3n exclusivo SPIN 3D y rugoso de arena.<\/li>\n<li>Forma: Gota \/L\u00e1grima.<\/li>\n<li>Potencia: 90\/100.<\/li>\n<li>Control:100\/100.<\/li>\n<li>Deporte: PADEL.<\/li>\n<li>Modelo: PAT10GENIUS25.<\/li>\n<\/ul>\n<\/div>\n<\/div>\n<\/div>\n<\/div>\n<\/div>\n<\/div>\n<\/div>\n<\/div>\n<\/div>\n","protected":false},"excerpt":{"rendered":"<p>AT10 GENIUS 12K 2025 Dise\u00f1ada junto a Agust\u00edn Tapia para la\u00a0temporada 2025\u00a0para todos aquellos jugadores que buscan un tacto m\u00e1s\u00a0s\u00f3lido<\/p>\n","protected":false},"featured_media":83096,"comment_status":"open","ping_status":"closed","template":"","meta":{"nf_dc_page":""},"product_brand":[2430],"product_cat":[93],"product_tag":[2431],"class_list":{"0":"post-83094","1":"product","2":"type-product","3":"status-publish","4":"has-post-thumbnail","6":"product_brand-nox","7":"product_cat-deportivo","8":"product_tag-2431","10":"first","11":"outofstock","12":"shipping-taxable","13":"purchasable","14":"product-type-simple"},"_links":{"self":[{"href":"https:\/\/brandss.com.py\/index\/wp-json\/wp\/v2\/product\/83094","targetHints":{"allow":["GET"]}}],"collection":[{"href":"https:\/\/brandss.com.py\/index\/wp-json\/wp\/v2\/product"}],"about":[{"href":"https:\/\/brandss.com.py\/index\/wp-json\/wp\/v2\/types\/product"}],"replies":[{"embeddable":true,"href":"https:\/\/brandss.com.py\/index\/wp-json\/wp\/v2\/comments?post=83094"}],"version-history":[{"count":2,"href":"https:\/\/brandss.com.py\/index\/wp-json\/wp\/v2\/product\/83094\/revisions"}],"predecessor-version":[{"id":83103,"href":"https:\/\/brandss.com.py\/index\/wp-json\/wp\/v2\/product\/83094\/revisions\/83103"}],"wp:featuredmedia":[{"embeddable":true,"href":"https:\/\/brandss.com.py\/index\/wp-json\/wp\/v2\/media\/83096"}],"wp:attachment":[{"href":"https:\/\/brandss.com.py\/index\/wp-json\/wp\/v2\/media?parent=83094"}],"wp:term":[{"taxonomy":"product_brand","embeddable":true,"href":"https:\/\/brandss.com.py\/index\/wp-json\/wp\/v2\/product_brand?post=83094"},{"taxonomy":"product_cat","embeddable":true,"href":"https:\/\/brandss.com.py\/index\/wp-json\/wp\/v2\/product_cat?post=83094"},{"taxonomy":"product_tag","embeddable":true,"href":"https:\/\/brandss.com.py\/index\/wp-json\/wp\/v2\/product_tag?post=83094"}],"curies":[{"name":"wp","href":"https:\/\/api.w.org\/{rel}","templated":true}]}}