{"id":83104,"date":"2025-05-28T19:08:47","date_gmt":"2025-05-28T19:08:47","guid":{"rendered":"https:\/\/brandss.com.py\/index\/?post_type=product&#038;p=83104"},"modified":"2026-01-10T19:08:19","modified_gmt":"2026-01-10T19:08:19","slug":"calzado-casual-unisex-converce-run-star-trainer","status":"publish","type":"product","link":"https:\/\/brandss.com.py\/index\/producto\/calzado-casual-unisex-converce-run-star-trainer\/","title":{"rendered":"CALZADO CASUAL UNISEX CONVERSE RUN STAR TRAINER"},"content":{"rendered":"<p><img loading=\"lazy\" decoding=\"async\" class=\"\" src=\"https:\/\/upload.wikimedia.org\/wikipedia\/commons\/thumb\/a\/ae\/Converse-Logo.jpg\/2560px-Converse-Logo.jpg\" alt=\"Archivo:Converse-Logo.jpg - Wikipedia, la enciclopedia libre\" width=\"127\" height=\"71\" \/><\/p>\n<h1>RUN STAR TRAINER<\/h1>\n<h4>LA ESTRELLA DE LA CARRERA\u2014EVOLUCIONADA<\/h4>\n<p>Conoce las Run Star Trainer: una celebraci\u00f3n del deporte, el estilo y la tradici\u00f3n. Detalles elegantes y una amortiguaci\u00f3n de lujo combinan a la perfecci\u00f3n con tus looks favoritos, de d\u00eda y de noche. El siguiente paso en el legado de Star Chevron ya est\u00e1 aqu\u00ed.<\/p>\n<p><b>RAZONES PARA COMPRARLAS<\/b><\/p>\n<ul>\n<li>Una parte superior de nailon duradera con capas de gamuza y detalles de cuero para una apariencia y sensaci\u00f3n de lujo.<\/li>\n<li>La amortiguaci\u00f3n de espuma CX ayuda a proporcionar una comodidad de nivel superior<\/li>\n<li>La suela de goma con tracci\u00f3n ayuda a proporcionar agarre.<\/li>\n<li>Los ojales perforados y los cordones encerados a\u00f1aden un toque premium.<\/li>\n<li>Logotipos ic\u00f3nicos de Star Chevron, All Star y Converse<\/li>\n<li>Color: Blanco\/ Beige\/ Negro.<\/li>\n<li>Modelo: A08262C<\/li>\n<\/ul>\n","protected":false},"excerpt":{"rendered":"<p>RUN STAR TRAINER LA ESTRELLA DE LA CARRERA\u2014EVOLUCIONADA Conoce las Run Star Trainer: una celebraci\u00f3n del deporte, el estilo y<\/p>\n","protected":false},"featured_media":83105,"comment_status":"open","ping_status":"closed","template":"","meta":{"nf_dc_page":""},"product_brand":[],"product_cat":[73,76],"product_tag":[2432],"class_list":{"0":"post-83104","1":"product","2":"type-product","3":"status-publish","4":"has-post-thumbnail","6":"product_cat-femenino","7":"product_cat-masculino","8":"product_tag-ao8262c","10":"first","11":"instock","12":"shipping-taxable","13":"purchasable","14":"product-type-simple"},"_links":{"self":[{"href":"https:\/\/brandss.com.py\/index\/wp-json\/wp\/v2\/product\/83104","targetHints":{"allow":["GET"]}}],"collection":[{"href":"https:\/\/brandss.com.py\/index\/wp-json\/wp\/v2\/product"}],"about":[{"href":"https:\/\/brandss.com.py\/index\/wp-json\/wp\/v2\/types\/product"}],"replies":[{"embeddable":true,"href":"https:\/\/brandss.com.py\/index\/wp-json\/wp\/v2\/comments?post=83104"}],"version-history":[{"count":3,"href":"https:\/\/brandss.com.py\/index\/wp-json\/wp\/v2\/product\/83104\/revisions"}],"predecessor-version":[{"id":83118,"href":"https:\/\/brandss.com.py\/index\/wp-json\/wp\/v2\/product\/83104\/revisions\/83118"}],"wp:featuredmedia":[{"embeddable":true,"href":"https:\/\/brandss.com.py\/index\/wp-json\/wp\/v2\/media\/83105"}],"wp:attachment":[{"href":"https:\/\/brandss.com.py\/index\/wp-json\/wp\/v2\/media?parent=83104"}],"wp:term":[{"taxonomy":"product_brand","embeddable":true,"href":"https:\/\/brandss.com.py\/index\/wp-json\/wp\/v2\/product_brand?post=83104"},{"taxonomy":"product_cat","embeddable":true,"href":"https:\/\/brandss.com.py\/index\/wp-json\/wp\/v2\/product_cat?post=83104"},{"taxonomy":"product_tag","embeddable":true,"href":"https:\/\/brandss.com.py\/index\/wp-json\/wp\/v2\/product_tag?post=83104"}],"curies":[{"name":"wp","href":"https:\/\/api.w.org\/{rel}","templated":true}]}}