{"id":83120,"date":"2025-05-29T11:18:23","date_gmt":"2025-05-29T11:18:23","guid":{"rendered":"https:\/\/brandss.com.py\/index\/?post_type=product&#038;p=83120"},"modified":"2025-05-29T11:19:20","modified_gmt":"2025-05-29T11:19:20","slug":"calzado-casual-unisex-converse-run-star-trainer","status":"publish","type":"product","link":"https:\/\/brandss.com.py\/index\/producto\/calzado-casual-unisex-converse-run-star-trainer\/","title":{"rendered":"CALZADO CASUAL UNISEX CONVERSE RUN STAR TRAINER"},"content":{"rendered":"<p><img loading=\"lazy\" decoding=\"async\" class=\"\" src=\"https:\/\/upload.wikimedia.org\/wikipedia\/commons\/thumb\/a\/ae\/Converse-Logo.jpg\/2560px-Converse-Logo.jpg\" alt=\"Archivo:Converse-Logo.jpg - Wikipedia, la enciclopedia libre\" width=\"119\" height=\"67\" \/><\/p>\n<h1>RUN STAR TRAINER<\/h1>\n<p>Te presentamos las Run Star Trainer, un homenaje al deporte, el estilo y el legado de la marca. Los detalles y la amortiguaci\u00f3n elegantes combinan bien con tus outfits preferidos tanto de d\u00eda como de noche. Han llegado las zapatillas que continuar\u00e1n el legado de la estrella y el gal\u00f3n.<\/p>\n<div class=\"incubate-grid__item--sm-12\">\n<div class=\"modular-tile--text flex flex-justify-center \" data-tracking-cms-module=\"\">\n<div>\n<div class=\"row \">\n<div class=\"col-12 col-lg-12 flex-flow-col flex-justify-center\">\n<h4 class=\"body-type--micro-fluid text-align--center text-line--large modular-tile__title\"><span class=\"text--semibold\">Un dise\u00f1o que evoluciona contigo<\/span><\/h4>\n<p class=\"heading-type--h6-fluid text-align--center text-line--large modular-tile__title\">Las Run Star Trainer son unas sneakers modernas y vers\u00e1tiles que se adaptan a tu estilo en constante evoluci\u00f3n.<\/p>\n<\/div>\n<\/div>\n<\/div>\n<\/div>\n<\/div>\n<div class=\"incubate-grid__item--sm-6\">\n<div class=\"modular-tile--text flex flex-justify-center \" data-tracking-cms-module=\"\">\n<div>\n<div class=\"row \">\n<div class=\"col-12 col-lg-12 flex-flow-col flex-justify-center\">\n<h4 class=\"heading-type--h6-fluid text-align--center text-line--large modular-tile__description\"><span class=\"text--semibold\">Esto s\u00ed que es variedad<\/span><\/h4>\n<p class=\"heading-type--h6-fluid text-align--center text-line--large modular-tile__description\">Ll\u00e9vatelas a tu terreno. Con neutros cl\u00e1sicos o colores llamativos, ideales para cualquier conjunto, cualquier d\u00eda y cualquiera de tus versiones.<\/p>\n<\/div>\n<\/div>\n<\/div>\n<\/div>\n<\/div>\n<div class=\"incubate-grid__item--sm-6\">\n<div class=\"modular-tile--text flex flex-justify-center \" data-tracking-cms-module=\"\">\n<div>\n<div class=\"row \">\n<div class=\"col-12 col-lg-12 flex-flow-col flex-justify-center\">\n<h4 class=\"heading-type--h6-fluid text-align--center text-line--large modular-tile__description\"><span class=\"text--semibold\">El origen de un icono del futuro<\/span><\/h4>\n<p class=\"heading-type--h6-fluid text-align--center text-line--large modular-tile__description\">Este nuevo modelo no tiene nada que ver con lo que Converse ha hecho hasta ahora. Y esto es solo el principio.<\/p>\n<\/div>\n<\/div>\n<\/div>\n<\/div>\n<\/div>\n<p><strong>DETALLES:<\/strong><\/p>\n<ul class=\"pdp-tab__list\">\n<li class=\"pdp-tab__list-item pdp__list-item--bulleted\">Parte superior de nylon duradero con revestimientos de ante y detalles de piel para un dise\u00f1o sofisticado.<\/li>\n<li>Amortiguaci\u00f3n de espuma CX para una comodidad superior.<\/li>\n<li class=\"pdp-tab__list-item pdp__list-item--bulleted\">La plantilla de espuma de 3 capas con memoria proporciona una pisada c\u00f3moda y amortiguada que se adapta al pie.<\/li>\n<li class=\"pdp-tab__list-item pdp__list-item--bulleted\">Suela exterior de goma con tracci\u00f3n para ofrecer m\u00e1s agarre.<\/li>\n<li class=\"pdp-tab__list-item pdp__list-item--bulleted\">Detalles premium como los ojales perforados y los cordones encerados.<\/li>\n<li class=\"pdp-tab__list-item pdp__list-item--bulleted\">Ic\u00f3nicos logotipos de estrella y gal\u00f3n, All Star y Converse.<\/li>\n<li><span class=\"variations__label-title text--semibold\">Color: <\/span><span class=\"variations__label-value\">Negro\/Garza\/Miel.<\/span><\/li>\n<li class=\"pdp-tab__list-item pdp__list-item--bulleted\">Modelo: <span data-moreinfo-id=\"\">A08263C.<\/span><\/li>\n<\/ul>\n","protected":false},"excerpt":{"rendered":"<p>RUN STAR TRAINER Te presentamos las Run Star Trainer, un homenaje al deporte, el estilo y el legado de la<\/p>\n","protected":false},"featured_media":83121,"comment_status":"open","ping_status":"closed","template":"","meta":{"nf_dc_page":""},"product_brand":[],"product_cat":[73,76],"product_tag":[],"class_list":{"0":"post-83120","1":"product","2":"type-product","3":"status-publish","4":"has-post-thumbnail","6":"product_cat-femenino","7":"product_cat-masculino","9":"first","10":"instock","11":"shipping-taxable","12":"purchasable","13":"product-type-simple"},"_links":{"self":[{"href":"https:\/\/brandss.com.py\/index\/wp-json\/wp\/v2\/product\/83120","targetHints":{"allow":["GET"]}}],"collection":[{"href":"https:\/\/brandss.com.py\/index\/wp-json\/wp\/v2\/product"}],"about":[{"href":"https:\/\/brandss.com.py\/index\/wp-json\/wp\/v2\/types\/product"}],"replies":[{"embeddable":true,"href":"https:\/\/brandss.com.py\/index\/wp-json\/wp\/v2\/comments?post=83120"}],"version-history":[{"count":1,"href":"https:\/\/brandss.com.py\/index\/wp-json\/wp\/v2\/product\/83120\/revisions"}],"predecessor-version":[{"id":83131,"href":"https:\/\/brandss.com.py\/index\/wp-json\/wp\/v2\/product\/83120\/revisions\/83131"}],"wp:featuredmedia":[{"embeddable":true,"href":"https:\/\/brandss.com.py\/index\/wp-json\/wp\/v2\/media\/83121"}],"wp:attachment":[{"href":"https:\/\/brandss.com.py\/index\/wp-json\/wp\/v2\/media?parent=83120"}],"wp:term":[{"taxonomy":"product_brand","embeddable":true,"href":"https:\/\/brandss.com.py\/index\/wp-json\/wp\/v2\/product_brand?post=83120"},{"taxonomy":"product_cat","embeddable":true,"href":"https:\/\/brandss.com.py\/index\/wp-json\/wp\/v2\/product_cat?post=83120"},{"taxonomy":"product_tag","embeddable":true,"href":"https:\/\/brandss.com.py\/index\/wp-json\/wp\/v2\/product_tag?post=83120"}],"curies":[{"name":"wp","href":"https:\/\/api.w.org\/{rel}","templated":true}]}}