{"id":83132,"date":"2025-05-29T11:48:17","date_gmt":"2025-05-29T11:48:17","guid":{"rendered":"https:\/\/brandss.com.py\/index\/?post_type=product&#038;p=83132"},"modified":"2026-01-12T12:47:59","modified_gmt":"2026-01-12T12:47:59","slug":"camiseta-deportivo-masculino-nike-sportswear-club-tee-mangas-cortas","status":"publish","type":"product","link":"https:\/\/brandss.com.py\/index\/producto\/camiseta-deportivo-masculino-nike-sportswear-club-tee-mangas-cortas\/","title":{"rendered":"CAMISETA DEPORTIVO MASCULINO NIKE SPORTSWEAR CLUB TEE MANGAS CORTAS"},"content":{"rendered":"<p><img loading=\"lazy\" decoding=\"async\" class=\"\" src=\"https:\/\/1000marcas.net\/wp-content\/uploads\/2019\/11\/Logo-Nike.jpg\" alt=\"Logo de Nike: la historia y el significado del logotipo, la marca y el  s\u00edmbolo. | png, vector\" width=\"98\" height=\"55\" \/><\/p>\n<h1>SPORTSWEAR CLUB TEE<\/h1>\n<p align=\"justify\"><span>La camiseta Sportswear Club <\/span><span>es una prenda imprescindible en el vestuario informal masculino. Confeccionada en algod\u00f3n suave, esta camiseta es perfecta tanto para ropa urbana como para looks informales. El modelo est\u00e1 rematado con el ic\u00f3nico logotipo Swoosh en contraste.<\/span><\/p>\n<ul>\n<li><span>100% algod\u00f3n.<\/span><\/li>\n<li><span>Gargantilla.<\/span><\/li>\n<li><span>Logotipo de Nike bordado en el pecho.<\/span><\/li>\n<li><span>Color: Rosa.<\/span><\/li>\n<li>Ajuste: Ajuste regular.<\/li>\n<li>\n<div class=\"product-text-label\">Modelo: AR4997-622<\/div>\n<\/li>\n<\/ul>\n","protected":false},"excerpt":{"rendered":"<p>SPORTSWEAR CLUB TEE La camiseta Sportswear Club es una prenda imprescindible en el vestuario informal masculino. Confeccionada en algod\u00f3n suave,<\/p>\n","protected":false},"featured_media":83133,"comment_status":"open","ping_status":"closed","template":"","meta":{"nf_dc_page":""},"product_brand":[1333],"product_cat":[76],"product_tag":[2438],"class_list":{"0":"post-83132","1":"product","2":"type-product","3":"status-publish","4":"has-post-thumbnail","6":"product_brand-nike","7":"product_cat-masculino","8":"product_tag-ar4997-622","10":"first","11":"outofstock","12":"shipping-taxable","13":"purchasable","14":"product-type-simple"},"_links":{"self":[{"href":"https:\/\/brandss.com.py\/index\/wp-json\/wp\/v2\/product\/83132","targetHints":{"allow":["GET"]}}],"collection":[{"href":"https:\/\/brandss.com.py\/index\/wp-json\/wp\/v2\/product"}],"about":[{"href":"https:\/\/brandss.com.py\/index\/wp-json\/wp\/v2\/types\/product"}],"replies":[{"embeddable":true,"href":"https:\/\/brandss.com.py\/index\/wp-json\/wp\/v2\/comments?post=83132"}],"version-history":[{"count":1,"href":"https:\/\/brandss.com.py\/index\/wp-json\/wp\/v2\/product\/83132\/revisions"}],"predecessor-version":[{"id":83143,"href":"https:\/\/brandss.com.py\/index\/wp-json\/wp\/v2\/product\/83132\/revisions\/83143"}],"wp:featuredmedia":[{"embeddable":true,"href":"https:\/\/brandss.com.py\/index\/wp-json\/wp\/v2\/media\/83133"}],"wp:attachment":[{"href":"https:\/\/brandss.com.py\/index\/wp-json\/wp\/v2\/media?parent=83132"}],"wp:term":[{"taxonomy":"product_brand","embeddable":true,"href":"https:\/\/brandss.com.py\/index\/wp-json\/wp\/v2\/product_brand?post=83132"},{"taxonomy":"product_cat","embeddable":true,"href":"https:\/\/brandss.com.py\/index\/wp-json\/wp\/v2\/product_cat?post=83132"},{"taxonomy":"product_tag","embeddable":true,"href":"https:\/\/brandss.com.py\/index\/wp-json\/wp\/v2\/product_tag?post=83132"}],"curies":[{"name":"wp","href":"https:\/\/api.w.org\/{rel}","templated":true}]}}