{"id":83144,"date":"2025-05-29T12:21:17","date_gmt":"2025-05-29T12:21:17","guid":{"rendered":"https:\/\/brandss.com.py\/index\/?post_type=product&#038;p=83144"},"modified":"2026-01-12T13:12:24","modified_gmt":"2026-01-12T13:12:24","slug":"pantalon-deportivo-masculino-nike-sportswear-club-fleece","status":"publish","type":"product","link":"https:\/\/brandss.com.py\/index\/producto\/pantalon-deportivo-masculino-nike-sportswear-club-fleece\/","title":{"rendered":"PANTAL\u00d3N DEPORTIVO MASCULINO NIKE SPORTSWEAR CLUB FLEECE"},"content":{"rendered":"<p><img loading=\"lazy\" decoding=\"async\" class=\"\" src=\"https:\/\/1000marcas.net\/wp-content\/uploads\/2019\/11\/Logo-Nike.jpg\" alt=\"Logo de Nike: la historia y el significado del logotipo, la marca y el  s\u00edmbolo. | png, vector\" width=\"110\" height=\"62\" \/><\/p>\n<h1>SPORTSWEAR CLUB FLEECE<\/h1>\n<h4 class=\"b-fullpdpdetails__heading\"><span>COMODIDAD CL\u00c1SICA.<\/span><\/h4>\n<div class=\"b-fullpdpdetails__item\" data-prop-name=\"productDescription\"><span>Los joggers Nike Sportswear Club Fleece, un b\u00e1sico de cualquier guardarropa, combinan un aspecto cl\u00e1sico con la comodidad suave del polar para lograr un aspecto cotidiano y elevado que puedes usar todos los d\u00edas.<\/span><\/div>\n<div data-prop-name=\"productDescription\"><\/div>\n<div class=\"b-fullpdpdetails__attribute\" data-id=\"gmg_enhancedBenefits\">\n<div class=\"b-fullpdpdetails__section\">\n<h4 class=\"b-fullpdpdetails__title\"><span>Comodidad suave<\/span><\/h4>\n<div><\/div>\n<div class=\"b-productdata__content\"><span>La tela de vell\u00f3n cepillado se siente suave y lisa.<\/span><\/div>\n<div><\/div>\n<\/div>\n<div class=\"b-fullpdpdetails__section\">\n<h4 class=\"b-fullpdpdetails__title\"><span>Estilo Joggers<\/span><\/h4>\n<div><\/div>\n<div class=\"b-productdata__content\"><span>Los pu\u00f1os acanalados te dan ese aspecto cl\u00e1sico de joggers y resaltan tus zapatillas.<\/span><\/div>\n<div><\/div>\n<\/div>\n<div class=\"b-fullpdpdetails__section\">\n<h4 class=\"b-fullpdpdetails__title\"><span>Ajuste personalizado<\/span><\/h4>\n<div><\/div>\n<div class=\"b-productdata__content\"><span>La cinturilla el\u00e1stica con cord\u00f3n ajustable te permite personalizar el ajuste.<\/span><\/div>\n<div>\n<ul class=\"b-list--dots\">\n<li><span>Color: Azul marino medianoche\/Azul marino medianoche\/Blanco.<\/span><\/li>\n<li><span>Modelo: BV2671-410.<\/span><\/li>\n<\/ul>\n<\/div>\n<\/div>\n<\/div>\n","protected":false},"excerpt":{"rendered":"<p>SPORTSWEAR CLUB FLEECE COMODIDAD CL\u00c1SICA. Los joggers Nike Sportswear Club Fleece, un b\u00e1sico de cualquier guardarropa, combinan un aspecto cl\u00e1sico<\/p>\n","protected":false},"featured_media":83145,"comment_status":"open","ping_status":"closed","template":"","meta":{"nf_dc_page":""},"product_brand":[1333],"product_cat":[76],"product_tag":[2440],"class_list":{"0":"post-83144","1":"product","2":"type-product","3":"status-publish","4":"has-post-thumbnail","6":"product_brand-nike","7":"product_cat-masculino","8":"product_tag-bv2671-410","10":"first","11":"outofstock","12":"shipping-taxable","13":"purchasable","14":"product-type-simple"},"_links":{"self":[{"href":"https:\/\/brandss.com.py\/index\/wp-json\/wp\/v2\/product\/83144","targetHints":{"allow":["GET"]}}],"collection":[{"href":"https:\/\/brandss.com.py\/index\/wp-json\/wp\/v2\/product"}],"about":[{"href":"https:\/\/brandss.com.py\/index\/wp-json\/wp\/v2\/types\/product"}],"replies":[{"embeddable":true,"href":"https:\/\/brandss.com.py\/index\/wp-json\/wp\/v2\/comments?post=83144"}],"version-history":[{"count":1,"href":"https:\/\/brandss.com.py\/index\/wp-json\/wp\/v2\/product\/83144\/revisions"}],"predecessor-version":[{"id":83159,"href":"https:\/\/brandss.com.py\/index\/wp-json\/wp\/v2\/product\/83144\/revisions\/83159"}],"wp:featuredmedia":[{"embeddable":true,"href":"https:\/\/brandss.com.py\/index\/wp-json\/wp\/v2\/media\/83145"}],"wp:attachment":[{"href":"https:\/\/brandss.com.py\/index\/wp-json\/wp\/v2\/media?parent=83144"}],"wp:term":[{"taxonomy":"product_brand","embeddable":true,"href":"https:\/\/brandss.com.py\/index\/wp-json\/wp\/v2\/product_brand?post=83144"},{"taxonomy":"product_cat","embeddable":true,"href":"https:\/\/brandss.com.py\/index\/wp-json\/wp\/v2\/product_cat?post=83144"},{"taxonomy":"product_tag","embeddable":true,"href":"https:\/\/brandss.com.py\/index\/wp-json\/wp\/v2\/product_tag?post=83144"}],"curies":[{"name":"wp","href":"https:\/\/api.w.org\/{rel}","templated":true}]}}