{"id":83160,"date":"2025-05-29T12:44:50","date_gmt":"2025-05-29T12:44:50","guid":{"rendered":"https:\/\/brandss.com.py\/index\/?post_type=product&#038;p=83160"},"modified":"2025-05-29T12:45:30","modified_gmt":"2025-05-29T12:45:30","slug":"short-deportivo-masculino-nike-nikecourt-victory-9in","status":"publish","type":"product","link":"https:\/\/brandss.com.py\/index\/producto\/short-deportivo-masculino-nike-nikecourt-victory-9in\/","title":{"rendered":"SHORT DEPORTIVO MASCULINO NIKE NIKECOURT VICTORY 9IN"},"content":{"rendered":"<p><img loading=\"lazy\" decoding=\"async\" class=\"\" src=\"https:\/\/1000marcas.net\/wp-content\/uploads\/2019\/11\/Logo-Nike.jpg\" alt=\"Logo de Nike: la historia y el significado del logotipo, la marca y el  s\u00edmbolo. | png, vector\" width=\"147\" height=\"83\" \/><\/p>\n<h1>NIKECOURT VICTORY 9IN<\/h1>\n<p>Domina la cancha con los pantalones cortos nikecourt dri-fit victory. la tela el\u00e1stica se mueve con tu cuerpo mientras que los bolsillos forrados de malla reducen el volumen y mantienen el dise\u00f1o s\u00faper liviano. la tela el\u00e1stica con tecnolog\u00eda dri-fit te ayuda a mantenerte seco y c\u00f3modo. las rejillas de ventilaci\u00f3n del dobladillo est\u00e1n ligeramente inclinadas hacia adelante para permitir movimientos de lado a lado. la pretina el\u00e1stica y el cord\u00f3n de ajuste oculto le permiten ajustar su ajuste. los bolsillos con forro de malla ayudan a reducir el volumen.<\/p>\n<ul>\n<li>Ajuste est\u00e1ndar para una sensaci\u00f3n relajada y c\u00f3moda.<\/li>\n<li>Composici\u00f3n: 100% poli\u00e9ster.<\/li>\n<li>Lavar a maquina.<\/li>\n<li>Color: Blanco.<\/li>\n<li>Modelo: CV2545-100.<\/li>\n<li>importado.<\/li>\n<\/ul>\n<p>&nbsp;<\/p>\n","protected":false},"excerpt":{"rendered":"<p>NIKECOURT VICTORY 9IN Domina la cancha con los pantalones cortos nikecourt dri-fit victory. la tela el\u00e1stica se mueve con tu<\/p>\n","protected":false},"featured_media":83161,"comment_status":"open","ping_status":"closed","template":"","meta":{"nf_dc_page":""},"product_brand":[],"product_cat":[76],"product_tag":[],"class_list":{"0":"post-83160","1":"product","2":"type-product","3":"status-publish","4":"has-post-thumbnail","6":"product_cat-masculino","8":"first","9":"instock","10":"shipping-taxable","11":"purchasable","12":"product-type-simple"},"_links":{"self":[{"href":"https:\/\/brandss.com.py\/index\/wp-json\/wp\/v2\/product\/83160","targetHints":{"allow":["GET"]}}],"collection":[{"href":"https:\/\/brandss.com.py\/index\/wp-json\/wp\/v2\/product"}],"about":[{"href":"https:\/\/brandss.com.py\/index\/wp-json\/wp\/v2\/types\/product"}],"replies":[{"embeddable":true,"href":"https:\/\/brandss.com.py\/index\/wp-json\/wp\/v2\/comments?post=83160"}],"version-history":[{"count":1,"href":"https:\/\/brandss.com.py\/index\/wp-json\/wp\/v2\/product\/83160\/revisions"}],"predecessor-version":[{"id":83169,"href":"https:\/\/brandss.com.py\/index\/wp-json\/wp\/v2\/product\/83160\/revisions\/83169"}],"wp:featuredmedia":[{"embeddable":true,"href":"https:\/\/brandss.com.py\/index\/wp-json\/wp\/v2\/media\/83161"}],"wp:attachment":[{"href":"https:\/\/brandss.com.py\/index\/wp-json\/wp\/v2\/media?parent=83160"}],"wp:term":[{"taxonomy":"product_brand","embeddable":true,"href":"https:\/\/brandss.com.py\/index\/wp-json\/wp\/v2\/product_brand?post=83160"},{"taxonomy":"product_cat","embeddable":true,"href":"https:\/\/brandss.com.py\/index\/wp-json\/wp\/v2\/product_cat?post=83160"},{"taxonomy":"product_tag","embeddable":true,"href":"https:\/\/brandss.com.py\/index\/wp-json\/wp\/v2\/product_tag?post=83160"}],"curies":[{"name":"wp","href":"https:\/\/api.w.org\/{rel}","templated":true}]}}