{"id":83170,"date":"2025-05-29T13:09:44","date_gmt":"2025-05-29T13:09:44","guid":{"rendered":"https:\/\/brandss.com.py\/index\/?post_type=product&#038;p=83170"},"modified":"2026-01-12T13:19:07","modified_gmt":"2026-01-12T13:19:07","slug":"hoddie-deportivo-masculino-nike-dri-fit","status":"publish","type":"product","link":"https:\/\/brandss.com.py\/index\/producto\/hoddie-deportivo-masculino-nike-dri-fit\/","title":{"rendered":"HODDIE DEPORTIVO MASCULINO NIKE DRI-FIT"},"content":{"rendered":"<p><img loading=\"lazy\" decoding=\"async\" class=\"\" src=\"https:\/\/1000marcas.net\/wp-content\/uploads\/2019\/11\/Logo-Nike.jpg\" alt=\"Logo de Nike: la historia y el significado del logotipo, la marca y el  s\u00edmbolo. | png, vector\" width=\"119\" height=\"67\" \/><\/p>\n<h1>DRI-FIT<\/h1>\n<p><span>La sudadera con capucha Nike Dri-FIT est\u00e1 confeccionada con una suave mezcla de algod\u00f3n reciclado y poli\u00e9ster para una comodidad natural. Absorbe el sudor para mantenerte seco antes, durante y despu\u00e9s del entrenamiento.<\/span><\/p>\n<ul>\n<li>Sudadera negra de entrenamiento masculino.<\/li>\n<li>Capucha con cord\u00f3n ajustable y un bolsillo tipo canguro.<\/li>\n<li>Los bordes est\u00e1n acanalados y luce el gran logo Swoosh estampado en el pecho.<\/li>\n<li>Composici\u00f3n: 61% Algod\u00f3n, 39% Poli\u00e9ster<\/li>\n<li><span>La tecnolog\u00eda Nike Dri-FIT te mantiene seco y concentrado, a la vez que proporciona la m\u00e1xima comodidad.<\/span><\/li>\n<li><span>Tejido polar suave y c\u00f3modo.<\/span><\/li>\n<li>Color: Negro.<\/li>\n<li>Modelo: CZ2425-010.<\/li>\n<\/ul>\n","protected":false},"excerpt":{"rendered":"<p>DRI-FIT La sudadera con capucha Nike Dri-FIT est\u00e1 confeccionada con una suave mezcla de algod\u00f3n reciclado y poli\u00e9ster para una<\/p>\n","protected":false},"featured_media":83171,"comment_status":"open","ping_status":"closed","template":"","meta":{"nf_dc_page":""},"product_brand":[1333],"product_cat":[76],"product_tag":[2443],"class_list":{"0":"post-83170","1":"product","2":"type-product","3":"status-publish","4":"has-post-thumbnail","6":"product_brand-nike","7":"product_cat-masculino","8":"product_tag-cz2425-010","10":"first","11":"outofstock","12":"shipping-taxable","13":"purchasable","14":"product-type-simple"},"_links":{"self":[{"href":"https:\/\/brandss.com.py\/index\/wp-json\/wp\/v2\/product\/83170","targetHints":{"allow":["GET"]}}],"collection":[{"href":"https:\/\/brandss.com.py\/index\/wp-json\/wp\/v2\/product"}],"about":[{"href":"https:\/\/brandss.com.py\/index\/wp-json\/wp\/v2\/types\/product"}],"replies":[{"embeddable":true,"href":"https:\/\/brandss.com.py\/index\/wp-json\/wp\/v2\/comments?post=83170"}],"version-history":[{"count":1,"href":"https:\/\/brandss.com.py\/index\/wp-json\/wp\/v2\/product\/83170\/revisions"}],"predecessor-version":[{"id":83180,"href":"https:\/\/brandss.com.py\/index\/wp-json\/wp\/v2\/product\/83170\/revisions\/83180"}],"wp:featuredmedia":[{"embeddable":true,"href":"https:\/\/brandss.com.py\/index\/wp-json\/wp\/v2\/media\/83171"}],"wp:attachment":[{"href":"https:\/\/brandss.com.py\/index\/wp-json\/wp\/v2\/media?parent=83170"}],"wp:term":[{"taxonomy":"product_brand","embeddable":true,"href":"https:\/\/brandss.com.py\/index\/wp-json\/wp\/v2\/product_brand?post=83170"},{"taxonomy":"product_cat","embeddable":true,"href":"https:\/\/brandss.com.py\/index\/wp-json\/wp\/v2\/product_cat?post=83170"},{"taxonomy":"product_tag","embeddable":true,"href":"https:\/\/brandss.com.py\/index\/wp-json\/wp\/v2\/product_tag?post=83170"}],"curies":[{"name":"wp","href":"https:\/\/api.w.org\/{rel}","templated":true}]}}